{"id":4846,"date":"2026-04-05T20:21:08","date_gmt":"2026-04-05T20:21:08","guid":{"rendered":"https:\/\/abrigoespiritaoscarpithan.com.br\/?page_id=4846"},"modified":"2026-04-05T20:32:45","modified_gmt":"2026-04-05T20:32:45","slug":"imposto-solidario-2026","status":"publish","type":"page","link":"https:\/\/abrigoespiritaoscarpithan.com.br\/?page_id=4846","title":{"rendered":"Imposto Solid\u00e1rio 2026"},"content":{"rendered":"<p><img fetchpriority=\"high\" decoding=\"async\" class=\"aligncenter wp-image-4437 size-full\" src=\"http:\/\/abrigoespiritaoscarpithan.com.br\/wp-content\/uploads\/2024\/03\/imposto-solidario-imagem-cabecalho-1.png\" alt=\"\" width=\"550\" height=\"216\" srcset=\"https:\/\/abrigoespiritaoscarpithan.com.br\/wp-content\/uploads\/2024\/03\/imposto-solidario-imagem-cabecalho-1.png 550w, https:\/\/abrigoespiritaoscarpithan.com.br\/wp-content\/uploads\/2024\/03\/imposto-solidario-imagem-cabecalho-1-300x118.png 300w\" sizes=\"(max-width: 550px) 100vw, 550px\" \/><\/p>\n<p>Voc\u00ea sabia que pode destinar parte do seu Imposto de Renda ao Abrigo Oscar Pithan?<\/p>\n<p>Quem optar, em sua declara\u00e7\u00e3o, pelas\u00a0<strong>dedu\u00e7\u00f5es legais<\/strong> (modelo completo), pode destinar:<\/p>\n<ul>\n<li>at\u00e9 3% do imposto para um <strong>Fundo Municipal da Pessoa Idosa<\/strong><\/li>\n<li>at\u00e9 3% do imposto para um <strong>Fundo Municipal da Crian\u00e7a e do Adolescente<\/strong><\/li>\n<\/ul>\n<p>Ap\u00f3s a destina\u00e7\u00e3o, o valor pode ainda ser <strong>direcionado para um institui\u00e7\u00e3o<\/strong> de sua prefer\u00eancia, como o Abrigo Oscar Pithan.<\/p>\n<p>Preparamos um roteiro passo-a-passo para auxili\u00e1-lo a fazer a destina\u00e7\u00e3o e direcion\u00e1-la ao Abrigo.<\/p>\n<p><strong>Para fazer o download deste passo-a-passo em PDF, <a href=\"http:\/\/abrigoespiritaoscarpithan.com.br\/wp-content\/uploads\/2026\/04\/Passo-a-passo-imposto-solidario-2026-pithan.pdf\">clique aqui<\/a>.<\/strong><\/p>\n<p>Ou, se preferir, acesse o passo-a-passo diretamente abaixo (clique na imagem para ampliar):<\/p>\n<div id='gallery-1' class='gallery galleryid-4846 gallery-columns-3 gallery-size-medium'><figure class='gallery-item'>\n\t\t\t<div class='gallery-icon portrait'>\n\t\t\t\t<a href='https:\/\/abrigoespiritaoscarpithan.com.br\/wp-content\/uploads\/2026\/04\/1.png'><img decoding=\"async\" width=\"240\" height=\"300\" src=\"https:\/\/abrigoespiritaoscarpithan.com.br\/wp-content\/uploads\/2026\/04\/1-240x300.png\" class=\"attachment-medium size-medium\" alt=\"\" srcset=\"https:\/\/abrigoespiritaoscarpithan.com.br\/wp-content\/uploads\/2026\/04\/1-240x300.png 240w, https:\/\/abrigoespiritaoscarpithan.com.br\/wp-content\/uploads\/2026\/04\/1-819x1024.png 819w, https:\/\/abrigoespiritaoscarpithan.com.br\/wp-content\/uploads\/2026\/04\/1-768x960.png 768w, https:\/\/abrigoespiritaoscarpithan.com.br\/wp-content\/uploads\/2026\/04\/1.png 1080w\" sizes=\"(max-width: 240px) 100vw, 240px\" \/><\/a>\n\t\t\t<\/div><\/figure><figure class='gallery-item'>\n\t\t\t<div class='gallery-icon portrait'>\n\t\t\t\t<a href='https:\/\/abrigoespiritaoscarpithan.com.br\/wp-content\/uploads\/2026\/04\/2.png'><img decoding=\"async\" width=\"240\" height=\"300\" src=\"https:\/\/abrigoespiritaoscarpithan.com.br\/wp-content\/uploads\/2026\/04\/2-240x300.png\" class=\"attachment-medium size-medium\" alt=\"\" srcset=\"https:\/\/abrigoespiritaoscarpithan.com.br\/wp-content\/uploads\/2026\/04\/2-240x300.png 240w, https:\/\/abrigoespiritaoscarpithan.com.br\/wp-content\/uploads\/2026\/04\/2-819x1024.png 819w, https:\/\/abrigoespiritaoscarpithan.com.br\/wp-content\/uploads\/2026\/04\/2-768x960.png 768w, https:\/\/abrigoespiritaoscarpithan.com.br\/wp-content\/uploads\/2026\/04\/2.png 1080w\" sizes=\"(max-width: 240px) 100vw, 240px\" \/><\/a>\n\t\t\t<\/div><\/figure><figure class='gallery-item'>\n\t\t\t<div class='gallery-icon portrait'>\n\t\t\t\t<a href='https:\/\/abrigoespiritaoscarpithan.com.br\/wp-content\/uploads\/2026\/04\/3.png'><img loading=\"lazy\" decoding=\"async\" width=\"240\" height=\"300\" src=\"https:\/\/abrigoespiritaoscarpithan.com.br\/wp-content\/uploads\/2026\/04\/3-240x300.png\" class=\"attachment-medium size-medium\" alt=\"\" srcset=\"https:\/\/abrigoespiritaoscarpithan.com.br\/wp-content\/uploads\/2026\/04\/3-240x300.png 240w, https:\/\/abrigoespiritaoscarpithan.com.br\/wp-content\/uploads\/2026\/04\/3-819x1024.png 819w, https:\/\/abrigoespiritaoscarpithan.com.br\/wp-content\/uploads\/2026\/04\/3-768x960.png 768w, https:\/\/abrigoespiritaoscarpithan.com.br\/wp-content\/uploads\/2026\/04\/3.png 1080w\" sizes=\"(max-width: 240px) 100vw, 240px\" \/><\/a>\n\t\t\t<\/div><\/figure><figure class='gallery-item'>\n\t\t\t<div class='gallery-icon portrait'>\n\t\t\t\t<a href='https:\/\/abrigoespiritaoscarpithan.com.br\/wp-content\/uploads\/2026\/04\/4.png'><img loading=\"lazy\" decoding=\"async\" width=\"240\" height=\"300\" src=\"https:\/\/abrigoespiritaoscarpithan.com.br\/wp-content\/uploads\/2026\/04\/4-240x300.png\" class=\"attachment-medium size-medium\" alt=\"\" srcset=\"https:\/\/abrigoespiritaoscarpithan.com.br\/wp-content\/uploads\/2026\/04\/4-240x300.png 240w, https:\/\/abrigoespiritaoscarpithan.com.br\/wp-content\/uploads\/2026\/04\/4-819x1024.png 819w, https:\/\/abrigoespiritaoscarpithan.com.br\/wp-content\/uploads\/2026\/04\/4-768x960.png 768w, https:\/\/abrigoespiritaoscarpithan.com.br\/wp-content\/uploads\/2026\/04\/4.png 1080w\" sizes=\"(max-width: 240px) 100vw, 240px\" \/><\/a>\n\t\t\t<\/div><\/figure><figure class='gallery-item'>\n\t\t\t<div class='gallery-icon portrait'>\n\t\t\t\t<a href='https:\/\/abrigoespiritaoscarpithan.com.br\/wp-content\/uploads\/2026\/04\/5.png'><img loading=\"lazy\" decoding=\"async\" width=\"240\" height=\"300\" src=\"https:\/\/abrigoespiritaoscarpithan.com.br\/wp-content\/uploads\/2026\/04\/5-240x300.png\" class=\"attachment-medium size-medium\" alt=\"\" srcset=\"https:\/\/abrigoespiritaoscarpithan.com.br\/wp-content\/uploads\/2026\/04\/5-240x300.png 240w, https:\/\/abrigoespiritaoscarpithan.com.br\/wp-content\/uploads\/2026\/04\/5-819x1024.png 819w, https:\/\/abrigoespiritaoscarpithan.com.br\/wp-content\/uploads\/2026\/04\/5-768x960.png 768w, https:\/\/abrigoespiritaoscarpithan.com.br\/wp-content\/uploads\/2026\/04\/5.png 1080w\" sizes=\"(max-width: 240px) 100vw, 240px\" \/><\/a>\n\t\t\t<\/div><\/figure><figure class='gallery-item'>\n\t\t\t<div class='gallery-icon portrait'>\n\t\t\t\t<a href='https:\/\/abrigoespiritaoscarpithan.com.br\/wp-content\/uploads\/2026\/04\/6.png'><img loading=\"lazy\" decoding=\"async\" width=\"240\" height=\"300\" src=\"https:\/\/abrigoespiritaoscarpithan.com.br\/wp-content\/uploads\/2026\/04\/6-240x300.png\" class=\"attachment-medium size-medium\" alt=\"\" srcset=\"https:\/\/abrigoespiritaoscarpithan.com.br\/wp-content\/uploads\/2026\/04\/6-240x300.png 240w, https:\/\/abrigoespiritaoscarpithan.com.br\/wp-content\/uploads\/2026\/04\/6-819x1024.png 819w, https:\/\/abrigoespiritaoscarpithan.com.br\/wp-content\/uploads\/2026\/04\/6-768x960.png 768w, https:\/\/abrigoespiritaoscarpithan.com.br\/wp-content\/uploads\/2026\/04\/6.png 1080w\" sizes=\"(max-width: 240px) 100vw, 240px\" \/><\/a>\n\t\t\t<\/div><\/figure><figure class='gallery-item'>\n\t\t\t<div class='gallery-icon portrait'>\n\t\t\t\t<a href='https:\/\/abrigoespiritaoscarpithan.com.br\/wp-content\/uploads\/2026\/04\/7.png'><img loading=\"lazy\" decoding=\"async\" width=\"240\" height=\"300\" src=\"https:\/\/abrigoespiritaoscarpithan.com.br\/wp-content\/uploads\/2026\/04\/7-240x300.png\" class=\"attachment-medium size-medium\" alt=\"\" srcset=\"https:\/\/abrigoespiritaoscarpithan.com.br\/wp-content\/uploads\/2026\/04\/7-240x300.png 240w, https:\/\/abrigoespiritaoscarpithan.com.br\/wp-content\/uploads\/2026\/04\/7-819x1024.png 819w, https:\/\/abrigoespiritaoscarpithan.com.br\/wp-content\/uploads\/2026\/04\/7-768x960.png 768w, https:\/\/abrigoespiritaoscarpithan.com.br\/wp-content\/uploads\/2026\/04\/7.png 1080w\" sizes=\"(max-width: 240px) 100vw, 240px\" \/><\/a>\n\t\t\t<\/div><\/figure><figure class='gallery-item'>\n\t\t\t<div class='gallery-icon portrait'>\n\t\t\t\t<a href='https:\/\/abrigoespiritaoscarpithan.com.br\/wp-content\/uploads\/2026\/04\/8.png'><img loading=\"lazy\" decoding=\"async\" width=\"240\" height=\"300\" src=\"https:\/\/abrigoespiritaoscarpithan.com.br\/wp-content\/uploads\/2026\/04\/8-240x300.png\" class=\"attachment-medium size-medium\" alt=\"\" srcset=\"https:\/\/abrigoespiritaoscarpithan.com.br\/wp-content\/uploads\/2026\/04\/8-240x300.png 240w, https:\/\/abrigoespiritaoscarpithan.com.br\/wp-content\/uploads\/2026\/04\/8-819x1024.png 819w, https:\/\/abrigoespiritaoscarpithan.com.br\/wp-content\/uploads\/2026\/04\/8-768x960.png 768w, https:\/\/abrigoespiritaoscarpithan.com.br\/wp-content\/uploads\/2026\/04\/8.png 1080w\" sizes=\"(max-width: 240px) 100vw, 240px\" \/><\/a>\n\t\t\t<\/div><\/figure><figure class='gallery-item'>\n\t\t\t<div class='gallery-icon portrait'>\n\t\t\t\t<a href='https:\/\/abrigoespiritaoscarpithan.com.br\/wp-content\/uploads\/2026\/04\/9.png'><img loading=\"lazy\" decoding=\"async\" width=\"240\" height=\"300\" src=\"https:\/\/abrigoespiritaoscarpithan.com.br\/wp-content\/uploads\/2026\/04\/9-240x300.png\" class=\"attachment-medium size-medium\" alt=\"\" srcset=\"https:\/\/abrigoespiritaoscarpithan.com.br\/wp-content\/uploads\/2026\/04\/9-240x300.png 240w, https:\/\/abrigoespiritaoscarpithan.com.br\/wp-content\/uploads\/2026\/04\/9-819x1024.png 819w, https:\/\/abrigoespiritaoscarpithan.com.br\/wp-content\/uploads\/2026\/04\/9-768x960.png 768w, https:\/\/abrigoespiritaoscarpithan.com.br\/wp-content\/uploads\/2026\/04\/9.png 1080w\" sizes=\"(max-width: 240px) 100vw, 240px\" \/><\/a>\n\t\t\t<\/div><\/figure><figure class='gallery-item'>\n\t\t\t<div class='gallery-icon portrait'>\n\t\t\t\t<a href='https:\/\/abrigoespiritaoscarpithan.com.br\/wp-content\/uploads\/2026\/04\/10.png'><img loading=\"lazy\" decoding=\"async\" width=\"240\" height=\"300\" src=\"https:\/\/abrigoespiritaoscarpithan.com.br\/wp-content\/uploads\/2026\/04\/10-240x300.png\" class=\"attachment-medium size-medium\" alt=\"\" srcset=\"https:\/\/abrigoespiritaoscarpithan.com.br\/wp-content\/uploads\/2026\/04\/10-240x300.png 240w, https:\/\/abrigoespiritaoscarpithan.com.br\/wp-content\/uploads\/2026\/04\/10-819x1024.png 819w, https:\/\/abrigoespiritaoscarpithan.com.br\/wp-content\/uploads\/2026\/04\/10-768x960.png 768w, https:\/\/abrigoespiritaoscarpithan.com.br\/wp-content\/uploads\/2026\/04\/10.png 1080w\" sizes=\"(max-width: 240px) 100vw, 240px\" \/><\/a>\n\t\t\t<\/div><\/figure><figure class='gallery-item'>\n\t\t\t<div class='gallery-icon portrait'>\n\t\t\t\t<a href='https:\/\/abrigoespiritaoscarpithan.com.br\/wp-content\/uploads\/2026\/04\/11.png'><img loading=\"lazy\" decoding=\"async\" width=\"240\" height=\"300\" src=\"https:\/\/abrigoespiritaoscarpithan.com.br\/wp-content\/uploads\/2026\/04\/11-240x300.png\" class=\"attachment-medium size-medium\" alt=\"\" srcset=\"https:\/\/abrigoespiritaoscarpithan.com.br\/wp-content\/uploads\/2026\/04\/11-240x300.png 240w, https:\/\/abrigoespiritaoscarpithan.com.br\/wp-content\/uploads\/2026\/04\/11-819x1024.png 819w, https:\/\/abrigoespiritaoscarpithan.com.br\/wp-content\/uploads\/2026\/04\/11-768x960.png 768w, https:\/\/abrigoespiritaoscarpithan.com.br\/wp-content\/uploads\/2026\/04\/11.png 1080w\" sizes=\"(max-width: 240px) 100vw, 240px\" \/><\/a>\n\t\t\t<\/div><\/figure><figure class='gallery-item'>\n\t\t\t<div class='gallery-icon portrait'>\n\t\t\t\t<a href='https:\/\/abrigoespiritaoscarpithan.com.br\/wp-content\/uploads\/2026\/04\/12.png'><img loading=\"lazy\" decoding=\"async\" width=\"240\" height=\"300\" src=\"https:\/\/abrigoespiritaoscarpithan.com.br\/wp-content\/uploads\/2026\/04\/12-240x300.png\" class=\"attachment-medium size-medium\" alt=\"\" srcset=\"https:\/\/abrigoespiritaoscarpithan.com.br\/wp-content\/uploads\/2026\/04\/12-240x300.png 240w, https:\/\/abrigoespiritaoscarpithan.com.br\/wp-content\/uploads\/2026\/04\/12-819x1024.png 819w, https:\/\/abrigoespiritaoscarpithan.com.br\/wp-content\/uploads\/2026\/04\/12-768x960.png 768w, https:\/\/abrigoespiritaoscarpithan.com.br\/wp-content\/uploads\/2026\/04\/12.png 1080w\" sizes=\"(max-width: 240px) 100vw, 240px\" \/><\/a>\n\t\t\t<\/div><\/figure><figure class='gallery-item'>\n\t\t\t<div class='gallery-icon portrait'>\n\t\t\t\t<a href='https:\/\/abrigoespiritaoscarpithan.com.br\/wp-content\/uploads\/2026\/04\/13.png'><img loading=\"lazy\" decoding=\"async\" width=\"240\" height=\"300\" src=\"https:\/\/abrigoespiritaoscarpithan.com.br\/wp-content\/uploads\/2026\/04\/13-240x300.png\" class=\"attachment-medium size-medium\" alt=\"\" srcset=\"https:\/\/abrigoespiritaoscarpithan.com.br\/wp-content\/uploads\/2026\/04\/13-240x300.png 240w, https:\/\/abrigoespiritaoscarpithan.com.br\/wp-content\/uploads\/2026\/04\/13-819x1024.png 819w, https:\/\/abrigoespiritaoscarpithan.com.br\/wp-content\/uploads\/2026\/04\/13-768x960.png 768w, https:\/\/abrigoespiritaoscarpithan.com.br\/wp-content\/uploads\/2026\/04\/13.png 1080w\" sizes=\"(max-width: 240px) 100vw, 240px\" \/><\/a>\n\t\t\t<\/div><\/figure>\n\t\t<\/div>\n\n","protected":false},"excerpt":{"rendered":"<p>Voc\u00ea sabia que pode destinar parte do seu Imposto de Renda ao Abrigo Oscar Pithan? Quem optar, em sua declara\u00e7\u00e3o, pelas\u00a0dedu\u00e7\u00f5es legais (modelo completo), pode destinar: at\u00e9 3% do imposto para um Fundo Municipal da Pessoa Idosa at\u00e9 3% do<\/p>\n","protected":false},"author":1,"featured_media":0,"parent":0,"menu_order":0,"comment_status":"closed","ping_status":"closed","template":"","meta":{"footnotes":""},"class_list":["post-4846","page","type-page","status-publish","hentry"],"yoast_head":"<!-- This site is optimized with the Yoast SEO plugin v27.3 - https:\/\/yoast.com\/product\/yoast-seo-wordpress\/ -->\n<title>Imposto Solid\u00e1rio 2026 - Abrigo Esp\u00edrita Oscar Jos\u00e9 Pithan<\/title>\n<meta name=\"description\" content=\"O Abrigo Esp\u00edrita Oscar Jos\u00e9 Pithan \u00e9 um centro esp\u00edrita e um asilo de idosos, localizado em Santa Maria, Rio Grande do Sul. Est\u00e1 em atividade desde 1949. Como sociedade esp\u00edrita, oferece palestras, passes, atendimento fraterno, evangeliza\u00e7\u00e3o infanto-juvenil e grupos de estudos da doutrina esp\u00edrita, codificada por Allan Kardec.\" \/>\n<meta name=\"robots\" content=\"index, follow, max-snippet:-1, max-image-preview:large, max-video-preview:-1\" \/>\n<link rel=\"canonical\" href=\"https:\/\/abrigoespiritaoscarpithan.com.br\/?page_id=4846\" \/>\n<meta property=\"og:locale\" content=\"pt_BR\" \/>\n<meta property=\"og:type\" content=\"article\" \/>\n<meta property=\"og:title\" content=\"Imposto Solid\u00e1rio 2026 - Abrigo Esp\u00edrita Oscar Jos\u00e9 Pithan\" \/>\n<meta property=\"og:description\" content=\"O Abrigo Esp\u00edrita Oscar Jos\u00e9 Pithan \u00e9 um centro esp\u00edrita e um asilo de idosos, localizado em Santa Maria, Rio Grande do Sul. Est\u00e1 em atividade desde 1949. Como sociedade esp\u00edrita, oferece palestras, passes, atendimento fraterno, evangeliza\u00e7\u00e3o infanto-juvenil e grupos de estudos da doutrina esp\u00edrita, codificada por Allan Kardec.\" \/>\n<meta property=\"og:url\" content=\"https:\/\/abrigoespiritaoscarpithan.com.br\/?page_id=4846\" \/>\n<meta property=\"og:site_name\" content=\"Abrigo Esp\u00edrita Oscar Jos\u00e9 Pithan\" \/>\n<meta property=\"article:publisher\" content=\"https:\/\/www.facebook.com\/abrigopithan\/\" \/>\n<meta property=\"article:modified_time\" content=\"2026-04-05T20:32:45+00:00\" \/>\n<meta property=\"og:image\" content=\"http:\/\/abrigoespiritaoscarpithan.com.br\/wp-content\/uploads\/2026\/04\/1-240x300.png\" \/>\n<meta name=\"twitter:card\" content=\"summary_large_image\" \/>\n<meta name=\"twitter:label1\" content=\"Est. tempo de leitura\" \/>\n\t<meta name=\"twitter:data1\" content=\"1 minuto\" \/>\n<script type=\"application\/ld+json\" class=\"yoast-schema-graph\">{\"@context\":\"https:\\\/\\\/schema.org\",\"@graph\":[{\"@type\":\"WebPage\",\"@id\":\"https:\\\/\\\/abrigoespiritaoscarpithan.com.br\\\/?page_id=4846\",\"url\":\"https:\\\/\\\/abrigoespiritaoscarpithan.com.br\\\/?page_id=4846\",\"name\":\"Imposto Solid\u00e1rio 2026 - Abrigo Esp\u00edrita Oscar Jos\u00e9 Pithan\",\"isPartOf\":{\"@id\":\"https:\\\/\\\/abrigoespiritaoscarpithan.com.br\\\/#website\"},\"primaryImageOfPage\":{\"@id\":\"https:\\\/\\\/abrigoespiritaoscarpithan.com.br\\\/?page_id=4846#primaryimage\"},\"image\":{\"@id\":\"https:\\\/\\\/abrigoespiritaoscarpithan.com.br\\\/?page_id=4846#primaryimage\"},\"thumbnailUrl\":\"http:\\\/\\\/abrigoespiritaoscarpithan.com.br\\\/wp-content\\\/uploads\\\/2024\\\/03\\\/imposto-solidario-imagem-cabecalho-1.png\",\"datePublished\":\"2026-04-05T20:21:08+00:00\",\"dateModified\":\"2026-04-05T20:32:45+00:00\",\"description\":\"O Abrigo Esp\u00edrita Oscar Jos\u00e9 Pithan \u00e9 um centro esp\u00edrita e um asilo de idosos, localizado em Santa Maria, Rio Grande do Sul. Est\u00e1 em atividade desde 1949. Como sociedade esp\u00edrita, oferece palestras, passes, atendimento fraterno, evangeliza\u00e7\u00e3o infanto-juvenil e grupos de estudos da doutrina esp\u00edrita, codificada por Allan Kardec.\",\"breadcrumb\":{\"@id\":\"https:\\\/\\\/abrigoespiritaoscarpithan.com.br\\\/?page_id=4846#breadcrumb\"},\"inLanguage\":\"pt-BR\",\"potentialAction\":[{\"@type\":\"ReadAction\",\"target\":[\"https:\\\/\\\/abrigoespiritaoscarpithan.com.br\\\/?page_id=4846\"]}]},{\"@type\":\"ImageObject\",\"inLanguage\":\"pt-BR\",\"@id\":\"https:\\\/\\\/abrigoespiritaoscarpithan.com.br\\\/?page_id=4846#primaryimage\",\"url\":\"https:\\\/\\\/abrigoespiritaoscarpithan.com.br\\\/wp-content\\\/uploads\\\/2024\\\/03\\\/imposto-solidario-imagem-cabecalho-1.png\",\"contentUrl\":\"https:\\\/\\\/abrigoespiritaoscarpithan.com.br\\\/wp-content\\\/uploads\\\/2024\\\/03\\\/imposto-solidario-imagem-cabecalho-1.png\",\"width\":550,\"height\":216},{\"@type\":\"BreadcrumbList\",\"@id\":\"https:\\\/\\\/abrigoespiritaoscarpithan.com.br\\\/?page_id=4846#breadcrumb\",\"itemListElement\":[{\"@type\":\"ListItem\",\"position\":1,\"name\":\"In\u00edcio\",\"item\":\"https:\\\/\\\/abrigoespiritaoscarpithan.com.br\\\/\"},{\"@type\":\"ListItem\",\"position\":2,\"name\":\"Imposto Solid\u00e1rio 2026\"}]},{\"@type\":\"WebSite\",\"@id\":\"https:\\\/\\\/abrigoespiritaoscarpithan.com.br\\\/#website\",\"url\":\"https:\\\/\\\/abrigoespiritaoscarpithan.com.br\\\/\",\"name\":\"Abrigo Esp\u00edrita Oscar Jos\u00e9 Pithan\",\"description\":\"\",\"publisher\":{\"@id\":\"https:\\\/\\\/abrigoespiritaoscarpithan.com.br\\\/#organization\"},\"potentialAction\":[{\"@type\":\"SearchAction\",\"target\":{\"@type\":\"EntryPoint\",\"urlTemplate\":\"https:\\\/\\\/abrigoespiritaoscarpithan.com.br\\\/?s={search_term_string}\"},\"query-input\":{\"@type\":\"PropertyValueSpecification\",\"valueRequired\":true,\"valueName\":\"search_term_string\"}}],\"inLanguage\":\"pt-BR\"},{\"@type\":\"Organization\",\"@id\":\"https:\\\/\\\/abrigoespiritaoscarpithan.com.br\\\/#organization\",\"name\":\"Abrigo Esp\u00edrita Oscar Jos\u00e9 Pithan\",\"url\":\"https:\\\/\\\/abrigoespiritaoscarpithan.com.br\\\/\",\"logo\":{\"@type\":\"ImageObject\",\"inLanguage\":\"pt-BR\",\"@id\":\"https:\\\/\\\/abrigoespiritaoscarpithan.com.br\\\/#\\\/schema\\\/logo\\\/image\\\/\",\"url\":\"http:\\\/\\\/abrigoespiritaoscarpithan.com.br\\\/wp-content\\\/uploads\\\/2019\\\/09\\\/logo-abrigo.png\",\"contentUrl\":\"http:\\\/\\\/abrigoespiritaoscarpithan.com.br\\\/wp-content\\\/uploads\\\/2019\\\/09\\\/logo-abrigo.png\",\"width\":2915,\"height\":1812,\"caption\":\"Abrigo Esp\u00edrita Oscar Jos\u00e9 Pithan\"},\"image\":{\"@id\":\"https:\\\/\\\/abrigoespiritaoscarpithan.com.br\\\/#\\\/schema\\\/logo\\\/image\\\/\"},\"sameAs\":[\"https:\\\/\\\/www.facebook.com\\\/abrigopithan\\\/\",\"https:\\\/\\\/www.instagram.com\\\/oscarpithan\\\/\",\"https:\\\/\\\/www.youtube.com\\\/abrigoespiritaoscarjosepithansantamaria\"]}]}<\/script>\n<!-- \/ Yoast SEO plugin. -->","yoast_head_json":{"title":"Imposto Solid\u00e1rio 2026 - Abrigo Esp\u00edrita Oscar Jos\u00e9 Pithan","description":"O Abrigo Esp\u00edrita Oscar Jos\u00e9 Pithan \u00e9 um centro esp\u00edrita e um asilo de idosos, localizado em Santa Maria, Rio Grande do Sul. Est\u00e1 em atividade desde 1949. Como sociedade esp\u00edrita, oferece palestras, passes, atendimento fraterno, evangeliza\u00e7\u00e3o infanto-juvenil e grupos de estudos da doutrina esp\u00edrita, codificada por Allan Kardec.","robots":{"index":"index","follow":"follow","max-snippet":"max-snippet:-1","max-image-preview":"max-image-preview:large","max-video-preview":"max-video-preview:-1"},"canonical":"https:\/\/abrigoespiritaoscarpithan.com.br\/?page_id=4846","og_locale":"pt_BR","og_type":"article","og_title":"Imposto Solid\u00e1rio 2026 - Abrigo Esp\u00edrita Oscar Jos\u00e9 Pithan","og_description":"O Abrigo Esp\u00edrita Oscar Jos\u00e9 Pithan \u00e9 um centro esp\u00edrita e um asilo de idosos, localizado em Santa Maria, Rio Grande do Sul. Est\u00e1 em atividade desde 1949. Como sociedade esp\u00edrita, oferece palestras, passes, atendimento fraterno, evangeliza\u00e7\u00e3o infanto-juvenil e grupos de estudos da doutrina esp\u00edrita, codificada por Allan Kardec.","og_url":"https:\/\/abrigoespiritaoscarpithan.com.br\/?page_id=4846","og_site_name":"Abrigo Esp\u00edrita Oscar Jos\u00e9 Pithan","article_publisher":"https:\/\/www.facebook.com\/abrigopithan\/","article_modified_time":"2026-04-05T20:32:45+00:00","og_image":[{"url":"http:\/\/abrigoespiritaoscarpithan.com.br\/wp-content\/uploads\/2026\/04\/1-240x300.png","type":"","width":"","height":""}],"twitter_card":"summary_large_image","twitter_misc":{"Est. tempo de leitura":"1 minuto"},"schema":{"@context":"https:\/\/schema.org","@graph":[{"@type":"WebPage","@id":"https:\/\/abrigoespiritaoscarpithan.com.br\/?page_id=4846","url":"https:\/\/abrigoespiritaoscarpithan.com.br\/?page_id=4846","name":"Imposto Solid\u00e1rio 2026 - Abrigo Esp\u00edrita Oscar Jos\u00e9 Pithan","isPartOf":{"@id":"https:\/\/abrigoespiritaoscarpithan.com.br\/#website"},"primaryImageOfPage":{"@id":"https:\/\/abrigoespiritaoscarpithan.com.br\/?page_id=4846#primaryimage"},"image":{"@id":"https:\/\/abrigoespiritaoscarpithan.com.br\/?page_id=4846#primaryimage"},"thumbnailUrl":"http:\/\/abrigoespiritaoscarpithan.com.br\/wp-content\/uploads\/2024\/03\/imposto-solidario-imagem-cabecalho-1.png","datePublished":"2026-04-05T20:21:08+00:00","dateModified":"2026-04-05T20:32:45+00:00","description":"O Abrigo Esp\u00edrita Oscar Jos\u00e9 Pithan \u00e9 um centro esp\u00edrita e um asilo de idosos, localizado em Santa Maria, Rio Grande do Sul. Est\u00e1 em atividade desde 1949. Como sociedade esp\u00edrita, oferece palestras, passes, atendimento fraterno, evangeliza\u00e7\u00e3o infanto-juvenil e grupos de estudos da doutrina esp\u00edrita, codificada por Allan Kardec.","breadcrumb":{"@id":"https:\/\/abrigoespiritaoscarpithan.com.br\/?page_id=4846#breadcrumb"},"inLanguage":"pt-BR","potentialAction":[{"@type":"ReadAction","target":["https:\/\/abrigoespiritaoscarpithan.com.br\/?page_id=4846"]}]},{"@type":"ImageObject","inLanguage":"pt-BR","@id":"https:\/\/abrigoespiritaoscarpithan.com.br\/?page_id=4846#primaryimage","url":"https:\/\/abrigoespiritaoscarpithan.com.br\/wp-content\/uploads\/2024\/03\/imposto-solidario-imagem-cabecalho-1.png","contentUrl":"https:\/\/abrigoespiritaoscarpithan.com.br\/wp-content\/uploads\/2024\/03\/imposto-solidario-imagem-cabecalho-1.png","width":550,"height":216},{"@type":"BreadcrumbList","@id":"https:\/\/abrigoespiritaoscarpithan.com.br\/?page_id=4846#breadcrumb","itemListElement":[{"@type":"ListItem","position":1,"name":"In\u00edcio","item":"https:\/\/abrigoespiritaoscarpithan.com.br\/"},{"@type":"ListItem","position":2,"name":"Imposto Solid\u00e1rio 2026"}]},{"@type":"WebSite","@id":"https:\/\/abrigoespiritaoscarpithan.com.br\/#website","url":"https:\/\/abrigoespiritaoscarpithan.com.br\/","name":"Abrigo Esp\u00edrita Oscar Jos\u00e9 Pithan","description":"","publisher":{"@id":"https:\/\/abrigoespiritaoscarpithan.com.br\/#organization"},"potentialAction":[{"@type":"SearchAction","target":{"@type":"EntryPoint","urlTemplate":"https:\/\/abrigoespiritaoscarpithan.com.br\/?s={search_term_string}"},"query-input":{"@type":"PropertyValueSpecification","valueRequired":true,"valueName":"search_term_string"}}],"inLanguage":"pt-BR"},{"@type":"Organization","@id":"https:\/\/abrigoespiritaoscarpithan.com.br\/#organization","name":"Abrigo Esp\u00edrita Oscar Jos\u00e9 Pithan","url":"https:\/\/abrigoespiritaoscarpithan.com.br\/","logo":{"@type":"ImageObject","inLanguage":"pt-BR","@id":"https:\/\/abrigoespiritaoscarpithan.com.br\/#\/schema\/logo\/image\/","url":"http:\/\/abrigoespiritaoscarpithan.com.br\/wp-content\/uploads\/2019\/09\/logo-abrigo.png","contentUrl":"http:\/\/abrigoespiritaoscarpithan.com.br\/wp-content\/uploads\/2019\/09\/logo-abrigo.png","width":2915,"height":1812,"caption":"Abrigo Esp\u00edrita Oscar Jos\u00e9 Pithan"},"image":{"@id":"https:\/\/abrigoespiritaoscarpithan.com.br\/#\/schema\/logo\/image\/"},"sameAs":["https:\/\/www.facebook.com\/abrigopithan\/","https:\/\/www.instagram.com\/oscarpithan\/","https:\/\/www.youtube.com\/abrigoespiritaoscarjosepithansantamaria"]}]}},"_links":{"self":[{"href":"https:\/\/abrigoespiritaoscarpithan.com.br\/index.php?rest_route=\/wp\/v2\/pages\/4846","targetHints":{"allow":["GET"]}}],"collection":[{"href":"https:\/\/abrigoespiritaoscarpithan.com.br\/index.php?rest_route=\/wp\/v2\/pages"}],"about":[{"href":"https:\/\/abrigoespiritaoscarpithan.com.br\/index.php?rest_route=\/wp\/v2\/types\/page"}],"author":[{"embeddable":true,"href":"https:\/\/abrigoespiritaoscarpithan.com.br\/index.php?rest_route=\/wp\/v2\/users\/1"}],"replies":[{"embeddable":true,"href":"https:\/\/abrigoespiritaoscarpithan.com.br\/index.php?rest_route=%2Fwp%2Fv2%2Fcomments&post=4846"}],"version-history":[{"count":2,"href":"https:\/\/abrigoespiritaoscarpithan.com.br\/index.php?rest_route=\/wp\/v2\/pages\/4846\/revisions"}],"predecessor-version":[{"id":4866,"href":"https:\/\/abrigoespiritaoscarpithan.com.br\/index.php?rest_route=\/wp\/v2\/pages\/4846\/revisions\/4866"}],"wp:attachment":[{"href":"https:\/\/abrigoespiritaoscarpithan.com.br\/index.php?rest_route=%2Fwp%2Fv2%2Fmedia&parent=4846"}],"curies":[{"name":"wp","href":"https:\/\/api.w.org\/{rel}","templated":true}]}}