{"id":45,"date":"2015-11-17T00:39:25","date_gmt":"2015-11-17T00:39:25","guid":{"rendered":"http:\/\/lapida.com.br\/sites\/pithan\/?page_id=45"},"modified":"2020-01-04T18:42:28","modified_gmt":"2020-01-04T18:42:28","slug":"obras-basicas","status":"publish","type":"page","link":"https:\/\/abrigoespiritaoscarpithan.com.br\/?page_id=45","title":{"rendered":"OBRAS B\u00c1SICAS"},"content":{"rendered":"<hr \/>\n<p><a href=\"http:\/\/abrigoespiritaoscarpithan.com.br\/wp-content\/uploads\/2020\/01\/images.jpg\"><img decoding=\"async\" class=\"alignleft wp-image-2096\" src=\"http:\/\/abrigoespiritaoscarpithan.com.br\/wp-content\/uploads\/2020\/01\/images-150x150.jpg\" alt=\"\" width=\"100\" height=\"144\" srcset=\"https:\/\/abrigoespiritaoscarpithan.com.br\/wp-content\/uploads\/2020\/01\/images-208x300.jpg 208w, https:\/\/abrigoespiritaoscarpithan.com.br\/wp-content\/uploads\/2020\/01\/images.jpg 347w\" sizes=\"(max-width: 100px) 100vw, 100px\" \/><\/a><\/p>\n<p style=\"text-align: left;\"><strong>O LIVRO DOS ESP\u00cdRITOS<\/strong><u><a href=\"http:\/\/abrigoespiritaoscarpithan.com.br\/wp-content\/uploads\/2015\/11\/lesp_br.jpg\"><br \/>\n<\/a><\/u><\/p>\n<p>Em 18 de abril de 1857, raiou para o mundo, com o lan\u00e7amento desta obra, a Era do Esp\u00edrito. O Livro dos Esp\u00edritos \u00e9 a diretriz de uma nova fase da evolu\u00e7\u00e3o humana: o da Doutrina Esp\u00edrita.<\/p>\n<p style=\"text-align: left;\"><a href=\"http:\/\/abrigoespiritaoscarpithan.com.br\/wp-content\/uploads\/2020\/01\/O-livro-dos-esp\u00edritos.pdf\">clique aqui para ler<\/a><\/p>\n<hr \/>\n<p style=\"text-align: left;\"><strong><a href=\"http:\/\/abrigoespiritaoscarpithan.com.br\/wp-content\/uploads\/2020\/01\/images-1.jpg\"><img decoding=\"async\" class=\"alignleft wp-image-2098\" src=\"http:\/\/abrigoespiritaoscarpithan.com.br\/wp-content\/uploads\/2020\/01\/images-1-208x300.jpg\" alt=\"\" width=\"100\" height=\"144\" srcset=\"https:\/\/abrigoespiritaoscarpithan.com.br\/wp-content\/uploads\/2020\/01\/images-1-208x300.jpg 208w, https:\/\/abrigoespiritaoscarpithan.com.br\/wp-content\/uploads\/2020\/01\/images-1.jpg 347w\" sizes=\"(max-width: 100px) 100vw, 100px\" \/><\/a>O EVANGELHO SEGUNDO\u00a0<\/strong><strong>O ESPIRITISMO<\/strong><\/p>\n<p style=\"text-align: left;\">\u00c9 uma obra onde todos podem retirar dela os meios de adequar sua conduta \u00e0 moral do Cristo. Os esp\u00edritas encontrar\u00e3o nela as aplica\u00e7\u00f5es que lhe dizem respeito mais especialmente. As instru\u00e7\u00f5es dos Esp\u00edritos s\u00e3o verdadeiramente as vozes do C\u00e9u que vem esclarecer os homens.<\/p>\n<p style=\"text-align: left;\"><a href=\"http:\/\/abrigoespiritaoscarpithan.com.br\/wp-content\/uploads\/2020\/01\/O-evangelho-segundo-o-espiritismo.pdf\">clique aqui para ler<\/a><\/p>\n<hr \/>\n<p><strong><a href=\"http:\/\/abrigoespiritaoscarpithan.com.br\/wp-content\/uploads\/2020\/01\/images-2.jpg\"><img decoding=\"async\" class=\"alignleft wp-image-2099\" src=\"http:\/\/abrigoespiritaoscarpithan.com.br\/wp-content\/uploads\/2020\/01\/images-2-193x300.jpg\" alt=\"\" width=\"100\" height=\"155\" srcset=\"https:\/\/abrigoespiritaoscarpithan.com.br\/wp-content\/uploads\/2020\/01\/images-2-193x300.jpg 193w, https:\/\/abrigoespiritaoscarpithan.com.br\/wp-content\/uploads\/2020\/01\/images-2.jpg 321w\" sizes=\"(max-width: 100px) 100vw, 100px\" \/><\/a>O LIVRO DOS M\u00c9DIUNS<\/strong><\/p>\n<p style=\"text-align: left;\">Apresentado por Kardec como continua\u00e7\u00e3o de O Livro dos Esp\u00edritos. \u00c9 o segundo volume da codifica\u00e7\u00e3o do espiritismo e desenvolve a parte pr\u00e1tica da doutrina e da comunica\u00e7\u00e3o com os esp\u00edritos.<\/p>\n<p style=\"text-align: left;\"><a href=\"http:\/\/abrigoespiritaoscarpithan.com.br\/wp-content\/uploads\/2020\/01\/O-livro-dos-m\u00e9diuns.pdf\">clique aqui para ler<\/a><\/p>\n<p>&nbsp;<\/p>\n<hr \/>\n<p style=\"text-align: left;\"><strong><a href=\"http:\/\/abrigoespiritaoscarpithan.com.br\/wp-content\/uploads\/2020\/01\/images-3.jpg\"><img loading=\"lazy\" decoding=\"async\" class=\"alignleft wp-image-2100\" src=\"http:\/\/abrigoespiritaoscarpithan.com.br\/wp-content\/uploads\/2020\/01\/images-3-196x300.jpg\" alt=\"\" width=\"100\" height=\"153\" srcset=\"https:\/\/abrigoespiritaoscarpithan.com.br\/wp-content\/uploads\/2020\/01\/images-3-196x300.jpg 196w, https:\/\/abrigoespiritaoscarpithan.com.br\/wp-content\/uploads\/2020\/01\/images-3.jpg 326w\" sizes=\"(max-width: 100px) 100vw, 100px\" \/><\/a>A G\u00caNESE\u00a0<\/strong><\/p>\n<p style=\"text-align: left;\">Obra de car\u00e1ter cient\u00edfico e filos\u00f3fico, \u00e9 dividida em duas partes: a primeira detalha a cria\u00e7\u00e3o material, org\u00e2nica e espiritual; a segunda trata de Jesus, dos milagres e predi\u00e7\u00f5es.<\/p>\n<p style=\"text-align: left;\"><a href=\"http:\/\/abrigoespiritaoscarpithan.com.br\/wp-content\/uploads\/2020\/01\/A-g\u00eanese.pdf\">clique aqui para ler<\/a><\/p>\n<p>&nbsp;<\/p>\n<hr \/>\n<p style=\"text-align: left;\"><strong><a href=\"http:\/\/abrigoespiritaoscarpithan.com.br\/wp-content\/uploads\/2020\/01\/images-4.jpg\"><img loading=\"lazy\" decoding=\"async\" class=\"alignleft wp-image-2101\" src=\"http:\/\/abrigoespiritaoscarpithan.com.br\/wp-content\/uploads\/2020\/01\/images-4-208x300.jpg\" alt=\"\" width=\"100\" height=\"144\" srcset=\"https:\/\/abrigoespiritaoscarpithan.com.br\/wp-content\/uploads\/2020\/01\/images-4-208x300.jpg 208w, https:\/\/abrigoespiritaoscarpithan.com.br\/wp-content\/uploads\/2020\/01\/images-4.jpg 347w\" sizes=\"(max-width: 100px) 100vw, 100px\" \/><\/a>O C\u00c9U E O INFERNO<\/strong><\/p>\n<p style=\"text-align: left;\">Esta obra busca explicar as penas e os gozos futuros do ser humano, demonstrando que estes dependem dos seus pr\u00f3prios atos. \u00c9 dividida em duas partes: a primeira traz explica\u00e7\u00f5es da doutrina esp\u00edrita sobre o assunto; a segunda \u00e9 uma colet\u00e2nea de exemplos a respeito da situa\u00e7\u00e3o do esp\u00edrito ap\u00f3s o desencarne.<\/p>\n<p style=\"text-align: left;\"><a href=\"http:\/\/abrigoespiritaoscarpithan.com.br\/wp-content\/uploads\/2020\/01\/O-c\u00e9u-e-o-inferno.pdf\">clique aqui para ler<\/a><\/p>\n<hr \/>\n","protected":false},"excerpt":{"rendered":"<p>O LIVRO DOS ESP\u00cdRITOS Em 18 de abril de 1857, raiou para o mundo, com o lan\u00e7amento desta obra, a Era do Esp\u00edrito. O Livro dos Esp\u00edritos \u00e9 a diretriz de uma nova fase da evolu\u00e7\u00e3o humana: o da Doutrina<\/p>\n","protected":false},"author":1,"featured_media":0,"parent":43,"menu_order":0,"comment_status":"closed","ping_status":"closed","template":"","meta":{"footnotes":""},"class_list":["post-45","page","type-page","status-publish","hentry"],"yoast_head":"<!-- This site is optimized with the Yoast SEO plugin v27.4 - https:\/\/yoast.com\/product\/yoast-seo-wordpress\/ -->\n<title>OBRAS B\u00c1SICAS - Abrigo Esp\u00edrita Oscar Jos\u00e9 Pithan<\/title>\n<meta name=\"description\" content=\"O Abrigo Esp\u00edrita Oscar Jos\u00e9 Pithan \u00e9 um centro esp\u00edrita e um asilo de idosos, localizado em Santa Maria, Rio Grande do Sul. Est\u00e1 em atividade desde 1949. Como sociedade esp\u00edrita, oferece palestras, passes, atendimento fraterno, evangeliza\u00e7\u00e3o infanto-juvenil e grupos de estudos da doutrina esp\u00edrita, codificada por Allan Kardec.\" \/>\n<meta name=\"robots\" content=\"index, follow, max-snippet:-1, max-image-preview:large, max-video-preview:-1\" \/>\n<link rel=\"canonical\" href=\"https:\/\/abrigoespiritaoscarpithan.com.br\/?page_id=45\" \/>\n<meta property=\"og:locale\" content=\"pt_BR\" \/>\n<meta property=\"og:type\" content=\"article\" \/>\n<meta property=\"og:title\" content=\"OBRAS B\u00c1SICAS - Abrigo Esp\u00edrita Oscar Jos\u00e9 Pithan\" \/>\n<meta property=\"og:description\" content=\"O Abrigo Esp\u00edrita Oscar Jos\u00e9 Pithan \u00e9 um centro esp\u00edrita e um asilo de idosos, localizado em Santa Maria, Rio Grande do Sul. Est\u00e1 em atividade desde 1949. Como sociedade esp\u00edrita, oferece palestras, passes, atendimento fraterno, evangeliza\u00e7\u00e3o infanto-juvenil e grupos de estudos da doutrina esp\u00edrita, codificada por Allan Kardec.\" \/>\n<meta property=\"og:url\" content=\"https:\/\/abrigoespiritaoscarpithan.com.br\/?page_id=45\" \/>\n<meta property=\"og:site_name\" content=\"Abrigo Esp\u00edrita Oscar Jos\u00e9 Pithan\" \/>\n<meta property=\"article:publisher\" content=\"https:\/\/www.facebook.com\/abrigopithan\/\" \/>\n<meta property=\"article:modified_time\" content=\"2020-01-04T18:42:28+00:00\" \/>\n<meta property=\"og:image\" content=\"http:\/\/abrigoespiritaoscarpithan.com.br\/wp-content\/uploads\/2020\/01\/images-150x150.jpg\" \/>\n<meta name=\"twitter:card\" content=\"summary_large_image\" \/>\n<meta name=\"twitter:label1\" content=\"Est. tempo de leitura\" \/>\n\t<meta name=\"twitter:data1\" content=\"1 minuto\" \/>\n<script type=\"application\/ld+json\" class=\"yoast-schema-graph\">{\"@context\":\"https:\\\/\\\/schema.org\",\"@graph\":[{\"@type\":\"WebPage\",\"@id\":\"https:\\\/\\\/abrigoespiritaoscarpithan.com.br\\\/?page_id=45\",\"url\":\"https:\\\/\\\/abrigoespiritaoscarpithan.com.br\\\/?page_id=45\",\"name\":\"OBRAS B\u00c1SICAS - Abrigo Esp\u00edrita Oscar Jos\u00e9 Pithan\",\"isPartOf\":{\"@id\":\"https:\\\/\\\/abrigoespiritaoscarpithan.com.br\\\/#website\"},\"primaryImageOfPage\":{\"@id\":\"https:\\\/\\\/abrigoespiritaoscarpithan.com.br\\\/?page_id=45#primaryimage\"},\"image\":{\"@id\":\"https:\\\/\\\/abrigoespiritaoscarpithan.com.br\\\/?page_id=45#primaryimage\"},\"thumbnailUrl\":\"http:\\\/\\\/abrigoespiritaoscarpithan.com.br\\\/wp-content\\\/uploads\\\/2020\\\/01\\\/images-150x150.jpg\",\"datePublished\":\"2015-11-17T00:39:25+00:00\",\"dateModified\":\"2020-01-04T18:42:28+00:00\",\"description\":\"O Abrigo Esp\u00edrita Oscar Jos\u00e9 Pithan \u00e9 um centro esp\u00edrita e um asilo de idosos, localizado em Santa Maria, Rio Grande do Sul. Est\u00e1 em atividade desde 1949. Como sociedade esp\u00edrita, oferece palestras, passes, atendimento fraterno, evangeliza\u00e7\u00e3o infanto-juvenil e grupos de estudos da doutrina esp\u00edrita, codificada por Allan Kardec.\",\"breadcrumb\":{\"@id\":\"https:\\\/\\\/abrigoespiritaoscarpithan.com.br\\\/?page_id=45#breadcrumb\"},\"inLanguage\":\"pt-BR\",\"potentialAction\":[{\"@type\":\"ReadAction\",\"target\":[\"https:\\\/\\\/abrigoespiritaoscarpithan.com.br\\\/?page_id=45\"]}]},{\"@type\":\"ImageObject\",\"inLanguage\":\"pt-BR\",\"@id\":\"https:\\\/\\\/abrigoespiritaoscarpithan.com.br\\\/?page_id=45#primaryimage\",\"url\":\"http:\\\/\\\/abrigoespiritaoscarpithan.com.br\\\/wp-content\\\/uploads\\\/2020\\\/01\\\/images-150x150.jpg\",\"contentUrl\":\"http:\\\/\\\/abrigoespiritaoscarpithan.com.br\\\/wp-content\\\/uploads\\\/2020\\\/01\\\/images-150x150.jpg\"},{\"@type\":\"BreadcrumbList\",\"@id\":\"https:\\\/\\\/abrigoespiritaoscarpithan.com.br\\\/?page_id=45#breadcrumb\",\"itemListElement\":[{\"@type\":\"ListItem\",\"position\":1,\"name\":\"In\u00edcio\",\"item\":\"https:\\\/\\\/abrigoespiritaoscarpithan.com.br\\\/\"},{\"@type\":\"ListItem\",\"position\":2,\"name\":\"ESPIRITISMO\",\"item\":\"https:\\\/\\\/abrigoespiritaoscarpithan.com.br\\\/?page_id=43\"},{\"@type\":\"ListItem\",\"position\":3,\"name\":\"OBRAS B\u00c1SICAS\"}]},{\"@type\":\"WebSite\",\"@id\":\"https:\\\/\\\/abrigoespiritaoscarpithan.com.br\\\/#website\",\"url\":\"https:\\\/\\\/abrigoespiritaoscarpithan.com.br\\\/\",\"name\":\"Abrigo Esp\u00edrita Oscar Jos\u00e9 Pithan\",\"description\":\"\",\"publisher\":{\"@id\":\"https:\\\/\\\/abrigoespiritaoscarpithan.com.br\\\/#organization\"},\"potentialAction\":[{\"@type\":\"SearchAction\",\"target\":{\"@type\":\"EntryPoint\",\"urlTemplate\":\"https:\\\/\\\/abrigoespiritaoscarpithan.com.br\\\/?s={search_term_string}\"},\"query-input\":{\"@type\":\"PropertyValueSpecification\",\"valueRequired\":true,\"valueName\":\"search_term_string\"}}],\"inLanguage\":\"pt-BR\"},{\"@type\":\"Organization\",\"@id\":\"https:\\\/\\\/abrigoespiritaoscarpithan.com.br\\\/#organization\",\"name\":\"Abrigo Esp\u00edrita Oscar Jos\u00e9 Pithan\",\"url\":\"https:\\\/\\\/abrigoespiritaoscarpithan.com.br\\\/\",\"logo\":{\"@type\":\"ImageObject\",\"inLanguage\":\"pt-BR\",\"@id\":\"https:\\\/\\\/abrigoespiritaoscarpithan.com.br\\\/#\\\/schema\\\/logo\\\/image\\\/\",\"url\":\"http:\\\/\\\/abrigoespiritaoscarpithan.com.br\\\/wp-content\\\/uploads\\\/2019\\\/09\\\/logo-abrigo.png\",\"contentUrl\":\"http:\\\/\\\/abrigoespiritaoscarpithan.com.br\\\/wp-content\\\/uploads\\\/2019\\\/09\\\/logo-abrigo.png\",\"width\":2915,\"height\":1812,\"caption\":\"Abrigo Esp\u00edrita Oscar Jos\u00e9 Pithan\"},\"image\":{\"@id\":\"https:\\\/\\\/abrigoespiritaoscarpithan.com.br\\\/#\\\/schema\\\/logo\\\/image\\\/\"},\"sameAs\":[\"https:\\\/\\\/www.facebook.com\\\/abrigopithan\\\/\",\"https:\\\/\\\/www.instagram.com\\\/oscarpithan\\\/\",\"https:\\\/\\\/www.youtube.com\\\/abrigoespiritaoscarjosepithansantamaria\"]}]}<\/script>\n<!-- \/ Yoast SEO plugin. -->","yoast_head_json":{"title":"OBRAS B\u00c1SICAS - Abrigo Esp\u00edrita Oscar Jos\u00e9 Pithan","description":"O Abrigo Esp\u00edrita Oscar Jos\u00e9 Pithan \u00e9 um centro esp\u00edrita e um asilo de idosos, localizado em Santa Maria, Rio Grande do Sul. Est\u00e1 em atividade desde 1949. Como sociedade esp\u00edrita, oferece palestras, passes, atendimento fraterno, evangeliza\u00e7\u00e3o infanto-juvenil e grupos de estudos da doutrina esp\u00edrita, codificada por Allan Kardec.","robots":{"index":"index","follow":"follow","max-snippet":"max-snippet:-1","max-image-preview":"max-image-preview:large","max-video-preview":"max-video-preview:-1"},"canonical":"https:\/\/abrigoespiritaoscarpithan.com.br\/?page_id=45","og_locale":"pt_BR","og_type":"article","og_title":"OBRAS B\u00c1SICAS - Abrigo Esp\u00edrita Oscar Jos\u00e9 Pithan","og_description":"O Abrigo Esp\u00edrita Oscar Jos\u00e9 Pithan \u00e9 um centro esp\u00edrita e um asilo de idosos, localizado em Santa Maria, Rio Grande do Sul. Est\u00e1 em atividade desde 1949. Como sociedade esp\u00edrita, oferece palestras, passes, atendimento fraterno, evangeliza\u00e7\u00e3o infanto-juvenil e grupos de estudos da doutrina esp\u00edrita, codificada por Allan Kardec.","og_url":"https:\/\/abrigoespiritaoscarpithan.com.br\/?page_id=45","og_site_name":"Abrigo Esp\u00edrita Oscar Jos\u00e9 Pithan","article_publisher":"https:\/\/www.facebook.com\/abrigopithan\/","article_modified_time":"2020-01-04T18:42:28+00:00","og_image":[{"url":"http:\/\/abrigoespiritaoscarpithan.com.br\/wp-content\/uploads\/2020\/01\/images-150x150.jpg","type":"","width":"","height":""}],"twitter_card":"summary_large_image","twitter_misc":{"Est. tempo de leitura":"1 minuto"},"schema":{"@context":"https:\/\/schema.org","@graph":[{"@type":"WebPage","@id":"https:\/\/abrigoespiritaoscarpithan.com.br\/?page_id=45","url":"https:\/\/abrigoespiritaoscarpithan.com.br\/?page_id=45","name":"OBRAS B\u00c1SICAS - Abrigo Esp\u00edrita Oscar Jos\u00e9 Pithan","isPartOf":{"@id":"https:\/\/abrigoespiritaoscarpithan.com.br\/#website"},"primaryImageOfPage":{"@id":"https:\/\/abrigoespiritaoscarpithan.com.br\/?page_id=45#primaryimage"},"image":{"@id":"https:\/\/abrigoespiritaoscarpithan.com.br\/?page_id=45#primaryimage"},"thumbnailUrl":"http:\/\/abrigoespiritaoscarpithan.com.br\/wp-content\/uploads\/2020\/01\/images-150x150.jpg","datePublished":"2015-11-17T00:39:25+00:00","dateModified":"2020-01-04T18:42:28+00:00","description":"O Abrigo Esp\u00edrita Oscar Jos\u00e9 Pithan \u00e9 um centro esp\u00edrita e um asilo de idosos, localizado em Santa Maria, Rio Grande do Sul. Est\u00e1 em atividade desde 1949. Como sociedade esp\u00edrita, oferece palestras, passes, atendimento fraterno, evangeliza\u00e7\u00e3o infanto-juvenil e grupos de estudos da doutrina esp\u00edrita, codificada por Allan Kardec.","breadcrumb":{"@id":"https:\/\/abrigoespiritaoscarpithan.com.br\/?page_id=45#breadcrumb"},"inLanguage":"pt-BR","potentialAction":[{"@type":"ReadAction","target":["https:\/\/abrigoespiritaoscarpithan.com.br\/?page_id=45"]}]},{"@type":"ImageObject","inLanguage":"pt-BR","@id":"https:\/\/abrigoespiritaoscarpithan.com.br\/?page_id=45#primaryimage","url":"http:\/\/abrigoespiritaoscarpithan.com.br\/wp-content\/uploads\/2020\/01\/images-150x150.jpg","contentUrl":"http:\/\/abrigoespiritaoscarpithan.com.br\/wp-content\/uploads\/2020\/01\/images-150x150.jpg"},{"@type":"BreadcrumbList","@id":"https:\/\/abrigoespiritaoscarpithan.com.br\/?page_id=45#breadcrumb","itemListElement":[{"@type":"ListItem","position":1,"name":"In\u00edcio","item":"https:\/\/abrigoespiritaoscarpithan.com.br\/"},{"@type":"ListItem","position":2,"name":"ESPIRITISMO","item":"https:\/\/abrigoespiritaoscarpithan.com.br\/?page_id=43"},{"@type":"ListItem","position":3,"name":"OBRAS B\u00c1SICAS"}]},{"@type":"WebSite","@id":"https:\/\/abrigoespiritaoscarpithan.com.br\/#website","url":"https:\/\/abrigoespiritaoscarpithan.com.br\/","name":"Abrigo Esp\u00edrita Oscar Jos\u00e9 Pithan","description":"","publisher":{"@id":"https:\/\/abrigoespiritaoscarpithan.com.br\/#organization"},"potentialAction":[{"@type":"SearchAction","target":{"@type":"EntryPoint","urlTemplate":"https:\/\/abrigoespiritaoscarpithan.com.br\/?s={search_term_string}"},"query-input":{"@type":"PropertyValueSpecification","valueRequired":true,"valueName":"search_term_string"}}],"inLanguage":"pt-BR"},{"@type":"Organization","@id":"https:\/\/abrigoespiritaoscarpithan.com.br\/#organization","name":"Abrigo Esp\u00edrita Oscar Jos\u00e9 Pithan","url":"https:\/\/abrigoespiritaoscarpithan.com.br\/","logo":{"@type":"ImageObject","inLanguage":"pt-BR","@id":"https:\/\/abrigoespiritaoscarpithan.com.br\/#\/schema\/logo\/image\/","url":"http:\/\/abrigoespiritaoscarpithan.com.br\/wp-content\/uploads\/2019\/09\/logo-abrigo.png","contentUrl":"http:\/\/abrigoespiritaoscarpithan.com.br\/wp-content\/uploads\/2019\/09\/logo-abrigo.png","width":2915,"height":1812,"caption":"Abrigo Esp\u00edrita Oscar Jos\u00e9 Pithan"},"image":{"@id":"https:\/\/abrigoespiritaoscarpithan.com.br\/#\/schema\/logo\/image\/"},"sameAs":["https:\/\/www.facebook.com\/abrigopithan\/","https:\/\/www.instagram.com\/oscarpithan\/","https:\/\/www.youtube.com\/abrigoespiritaoscarjosepithansantamaria"]}]}},"_links":{"self":[{"href":"https:\/\/abrigoespiritaoscarpithan.com.br\/index.php?rest_route=\/wp\/v2\/pages\/45","targetHints":{"allow":["GET"]}}],"collection":[{"href":"https:\/\/abrigoespiritaoscarpithan.com.br\/index.php?rest_route=\/wp\/v2\/pages"}],"about":[{"href":"https:\/\/abrigoespiritaoscarpithan.com.br\/index.php?rest_route=\/wp\/v2\/types\/page"}],"author":[{"embeddable":true,"href":"https:\/\/abrigoespiritaoscarpithan.com.br\/index.php?rest_route=\/wp\/v2\/users\/1"}],"replies":[{"embeddable":true,"href":"https:\/\/abrigoespiritaoscarpithan.com.br\/index.php?rest_route=%2Fwp%2Fv2%2Fcomments&post=45"}],"version-history":[{"count":8,"href":"https:\/\/abrigoespiritaoscarpithan.com.br\/index.php?rest_route=\/wp\/v2\/pages\/45\/revisions"}],"predecessor-version":[{"id":2108,"href":"https:\/\/abrigoespiritaoscarpithan.com.br\/index.php?rest_route=\/wp\/v2\/pages\/45\/revisions\/2108"}],"up":[{"embeddable":true,"href":"https:\/\/abrigoespiritaoscarpithan.com.br\/index.php?rest_route=\/wp\/v2\/pages\/43"}],"wp:attachment":[{"href":"https:\/\/abrigoespiritaoscarpithan.com.br\/index.php?rest_route=%2Fwp%2Fv2%2Fmedia&parent=45"}],"curies":[{"name":"wp","href":"https:\/\/api.w.org\/{rel}","templated":true}]}}