{"id":43,"date":"2015-11-17T00:39:01","date_gmt":"2015-11-17T00:39:01","guid":{"rendered":"http:\/\/lapida.com.br\/sites\/pithan\/?page_id=43"},"modified":"2016-03-13T01:06:22","modified_gmt":"2016-03-13T01:06:22","slug":"espiritismo","status":"publish","type":"page","link":"https:\/\/abrigoespiritaoscarpithan.com.br\/?page_id=43","title":{"rendered":"ESPIRITISMO"},"content":{"rendered":"<ul>\n<li><a href=\"http:\/\/abrigoespiritaoscarpithan.com.br\/?page_id=201\">Conhe\u00e7a o espiritismo<\/a><\/li>\n<li><a href=\"http:\/\/abrigoespiritaoscarpithan.com.br\/?page_id=45\">Obras b\u00e1sicas<\/a><\/li>\n<li><a href=\"http:\/\/abrigoespiritaoscarpithan.com.br\/?page_id=47\">Outras obras<\/a><\/li>\n<\/ul>\n","protected":false},"excerpt":{"rendered":"<p>Conhe\u00e7a o espiritismo Obras b\u00e1sicas Outras obras<\/p>\n","protected":false},"author":1,"featured_media":0,"parent":0,"menu_order":3,"comment_status":"closed","ping_status":"closed","template":"","meta":{"footnotes":""},"class_list":["post-43","page","type-page","status-publish","hentry"],"yoast_head":"<!-- This site is optimized with the Yoast SEO plugin v27.4 - https:\/\/yoast.com\/product\/yoast-seo-wordpress\/ -->\n<title>ESPIRITISMO - Abrigo Esp\u00edrita Oscar Jos\u00e9 Pithan<\/title>\n<meta name=\"description\" content=\"O Abrigo Esp\u00edrita Oscar Jos\u00e9 Pithan \u00e9 um centro esp\u00edrita e um asilo de idosos, localizado em Santa Maria, Rio Grande do Sul. Est\u00e1 em atividade desde 1949. Como sociedade esp\u00edrita, oferece palestras, passes, atendimento fraterno, evangeliza\u00e7\u00e3o infanto-juvenil e grupos de estudos da doutrina esp\u00edrita, codificada por Allan Kardec.\" \/>\n<meta name=\"robots\" content=\"index, follow, max-snippet:-1, max-image-preview:large, max-video-preview:-1\" \/>\n<link rel=\"canonical\" href=\"https:\/\/abrigoespiritaoscarpithan.com.br\/?page_id=43\" \/>\n<meta property=\"og:locale\" content=\"pt_BR\" \/>\n<meta property=\"og:type\" content=\"article\" \/>\n<meta property=\"og:title\" content=\"ESPIRITISMO - Abrigo Esp\u00edrita Oscar Jos\u00e9 Pithan\" \/>\n<meta property=\"og:description\" content=\"O Abrigo Esp\u00edrita Oscar Jos\u00e9 Pithan \u00e9 um centro esp\u00edrita e um asilo de idosos, localizado em Santa Maria, Rio Grande do Sul. Est\u00e1 em atividade desde 1949. Como sociedade esp\u00edrita, oferece palestras, passes, atendimento fraterno, evangeliza\u00e7\u00e3o infanto-juvenil e grupos de estudos da doutrina esp\u00edrita, codificada por Allan Kardec.\" \/>\n<meta property=\"og:url\" content=\"https:\/\/abrigoespiritaoscarpithan.com.br\/?page_id=43\" \/>\n<meta property=\"og:site_name\" content=\"Abrigo Esp\u00edrita Oscar Jos\u00e9 Pithan\" \/>\n<meta property=\"article:publisher\" content=\"https:\/\/www.facebook.com\/abrigopithan\/\" \/>\n<meta property=\"article:modified_time\" content=\"2016-03-13T01:06:22+00:00\" \/>\n<meta name=\"twitter:card\" content=\"summary_large_image\" \/>\n<script type=\"application\/ld+json\" class=\"yoast-schema-graph\">{\"@context\":\"https:\\\/\\\/schema.org\",\"@graph\":[{\"@type\":\"WebPage\",\"@id\":\"https:\\\/\\\/abrigoespiritaoscarpithan.com.br\\\/?page_id=43\",\"url\":\"https:\\\/\\\/abrigoespiritaoscarpithan.com.br\\\/?page_id=43\",\"name\":\"ESPIRITISMO - Abrigo Esp\u00edrita Oscar Jos\u00e9 Pithan\",\"isPartOf\":{\"@id\":\"https:\\\/\\\/abrigoespiritaoscarpithan.com.br\\\/#website\"},\"datePublished\":\"2015-11-17T00:39:01+00:00\",\"dateModified\":\"2016-03-13T01:06:22+00:00\",\"description\":\"O Abrigo Esp\u00edrita Oscar Jos\u00e9 Pithan \u00e9 um centro esp\u00edrita e um asilo de idosos, localizado em Santa Maria, Rio Grande do Sul. Est\u00e1 em atividade desde 1949. Como sociedade esp\u00edrita, oferece palestras, passes, atendimento fraterno, evangeliza\u00e7\u00e3o infanto-juvenil e grupos de estudos da doutrina esp\u00edrita, codificada por Allan Kardec.\",\"breadcrumb\":{\"@id\":\"https:\\\/\\\/abrigoespiritaoscarpithan.com.br\\\/?page_id=43#breadcrumb\"},\"inLanguage\":\"pt-BR\",\"potentialAction\":[{\"@type\":\"ReadAction\",\"target\":[\"https:\\\/\\\/abrigoespiritaoscarpithan.com.br\\\/?page_id=43\"]}]},{\"@type\":\"BreadcrumbList\",\"@id\":\"https:\\\/\\\/abrigoespiritaoscarpithan.com.br\\\/?page_id=43#breadcrumb\",\"itemListElement\":[{\"@type\":\"ListItem\",\"position\":1,\"name\":\"In\u00edcio\",\"item\":\"https:\\\/\\\/abrigoespiritaoscarpithan.com.br\\\/\"},{\"@type\":\"ListItem\",\"position\":2,\"name\":\"ESPIRITISMO\"}]},{\"@type\":\"WebSite\",\"@id\":\"https:\\\/\\\/abrigoespiritaoscarpithan.com.br\\\/#website\",\"url\":\"https:\\\/\\\/abrigoespiritaoscarpithan.com.br\\\/\",\"name\":\"Abrigo Esp\u00edrita Oscar Jos\u00e9 Pithan\",\"description\":\"\",\"publisher\":{\"@id\":\"https:\\\/\\\/abrigoespiritaoscarpithan.com.br\\\/#organization\"},\"potentialAction\":[{\"@type\":\"SearchAction\",\"target\":{\"@type\":\"EntryPoint\",\"urlTemplate\":\"https:\\\/\\\/abrigoespiritaoscarpithan.com.br\\\/?s={search_term_string}\"},\"query-input\":{\"@type\":\"PropertyValueSpecification\",\"valueRequired\":true,\"valueName\":\"search_term_string\"}}],\"inLanguage\":\"pt-BR\"},{\"@type\":\"Organization\",\"@id\":\"https:\\\/\\\/abrigoespiritaoscarpithan.com.br\\\/#organization\",\"name\":\"Abrigo Esp\u00edrita Oscar Jos\u00e9 Pithan\",\"url\":\"https:\\\/\\\/abrigoespiritaoscarpithan.com.br\\\/\",\"logo\":{\"@type\":\"ImageObject\",\"inLanguage\":\"pt-BR\",\"@id\":\"https:\\\/\\\/abrigoespiritaoscarpithan.com.br\\\/#\\\/schema\\\/logo\\\/image\\\/\",\"url\":\"http:\\\/\\\/abrigoespiritaoscarpithan.com.br\\\/wp-content\\\/uploads\\\/2019\\\/09\\\/logo-abrigo.png\",\"contentUrl\":\"http:\\\/\\\/abrigoespiritaoscarpithan.com.br\\\/wp-content\\\/uploads\\\/2019\\\/09\\\/logo-abrigo.png\",\"width\":2915,\"height\":1812,\"caption\":\"Abrigo Esp\u00edrita Oscar Jos\u00e9 Pithan\"},\"image\":{\"@id\":\"https:\\\/\\\/abrigoespiritaoscarpithan.com.br\\\/#\\\/schema\\\/logo\\\/image\\\/\"},\"sameAs\":[\"https:\\\/\\\/www.facebook.com\\\/abrigopithan\\\/\",\"https:\\\/\\\/www.instagram.com\\\/oscarpithan\\\/\",\"https:\\\/\\\/www.youtube.com\\\/abrigoespiritaoscarjosepithansantamaria\"]}]}<\/script>\n<!-- \/ Yoast SEO plugin. -->","yoast_head_json":{"title":"ESPIRITISMO - Abrigo Esp\u00edrita Oscar Jos\u00e9 Pithan","description":"O Abrigo Esp\u00edrita Oscar Jos\u00e9 Pithan \u00e9 um centro esp\u00edrita e um asilo de idosos, localizado em Santa Maria, Rio Grande do Sul. Est\u00e1 em atividade desde 1949. Como sociedade esp\u00edrita, oferece palestras, passes, atendimento fraterno, evangeliza\u00e7\u00e3o infanto-juvenil e grupos de estudos da doutrina esp\u00edrita, codificada por Allan Kardec.","robots":{"index":"index","follow":"follow","max-snippet":"max-snippet:-1","max-image-preview":"max-image-preview:large","max-video-preview":"max-video-preview:-1"},"canonical":"https:\/\/abrigoespiritaoscarpithan.com.br\/?page_id=43","og_locale":"pt_BR","og_type":"article","og_title":"ESPIRITISMO - Abrigo Esp\u00edrita Oscar Jos\u00e9 Pithan","og_description":"O Abrigo Esp\u00edrita Oscar Jos\u00e9 Pithan \u00e9 um centro esp\u00edrita e um asilo de idosos, localizado em Santa Maria, Rio Grande do Sul. Est\u00e1 em atividade desde 1949. Como sociedade esp\u00edrita, oferece palestras, passes, atendimento fraterno, evangeliza\u00e7\u00e3o infanto-juvenil e grupos de estudos da doutrina esp\u00edrita, codificada por Allan Kardec.","og_url":"https:\/\/abrigoespiritaoscarpithan.com.br\/?page_id=43","og_site_name":"Abrigo Esp\u00edrita Oscar Jos\u00e9 Pithan","article_publisher":"https:\/\/www.facebook.com\/abrigopithan\/","article_modified_time":"2016-03-13T01:06:22+00:00","twitter_card":"summary_large_image","schema":{"@context":"https:\/\/schema.org","@graph":[{"@type":"WebPage","@id":"https:\/\/abrigoespiritaoscarpithan.com.br\/?page_id=43","url":"https:\/\/abrigoespiritaoscarpithan.com.br\/?page_id=43","name":"ESPIRITISMO - Abrigo Esp\u00edrita Oscar Jos\u00e9 Pithan","isPartOf":{"@id":"https:\/\/abrigoespiritaoscarpithan.com.br\/#website"},"datePublished":"2015-11-17T00:39:01+00:00","dateModified":"2016-03-13T01:06:22+00:00","description":"O Abrigo Esp\u00edrita Oscar Jos\u00e9 Pithan \u00e9 um centro esp\u00edrita e um asilo de idosos, localizado em Santa Maria, Rio Grande do Sul. Est\u00e1 em atividade desde 1949. Como sociedade esp\u00edrita, oferece palestras, passes, atendimento fraterno, evangeliza\u00e7\u00e3o infanto-juvenil e grupos de estudos da doutrina esp\u00edrita, codificada por Allan Kardec.","breadcrumb":{"@id":"https:\/\/abrigoespiritaoscarpithan.com.br\/?page_id=43#breadcrumb"},"inLanguage":"pt-BR","potentialAction":[{"@type":"ReadAction","target":["https:\/\/abrigoespiritaoscarpithan.com.br\/?page_id=43"]}]},{"@type":"BreadcrumbList","@id":"https:\/\/abrigoespiritaoscarpithan.com.br\/?page_id=43#breadcrumb","itemListElement":[{"@type":"ListItem","position":1,"name":"In\u00edcio","item":"https:\/\/abrigoespiritaoscarpithan.com.br\/"},{"@type":"ListItem","position":2,"name":"ESPIRITISMO"}]},{"@type":"WebSite","@id":"https:\/\/abrigoespiritaoscarpithan.com.br\/#website","url":"https:\/\/abrigoespiritaoscarpithan.com.br\/","name":"Abrigo Esp\u00edrita Oscar Jos\u00e9 Pithan","description":"","publisher":{"@id":"https:\/\/abrigoespiritaoscarpithan.com.br\/#organization"},"potentialAction":[{"@type":"SearchAction","target":{"@type":"EntryPoint","urlTemplate":"https:\/\/abrigoespiritaoscarpithan.com.br\/?s={search_term_string}"},"query-input":{"@type":"PropertyValueSpecification","valueRequired":true,"valueName":"search_term_string"}}],"inLanguage":"pt-BR"},{"@type":"Organization","@id":"https:\/\/abrigoespiritaoscarpithan.com.br\/#organization","name":"Abrigo Esp\u00edrita Oscar Jos\u00e9 Pithan","url":"https:\/\/abrigoespiritaoscarpithan.com.br\/","logo":{"@type":"ImageObject","inLanguage":"pt-BR","@id":"https:\/\/abrigoespiritaoscarpithan.com.br\/#\/schema\/logo\/image\/","url":"http:\/\/abrigoespiritaoscarpithan.com.br\/wp-content\/uploads\/2019\/09\/logo-abrigo.png","contentUrl":"http:\/\/abrigoespiritaoscarpithan.com.br\/wp-content\/uploads\/2019\/09\/logo-abrigo.png","width":2915,"height":1812,"caption":"Abrigo Esp\u00edrita Oscar Jos\u00e9 Pithan"},"image":{"@id":"https:\/\/abrigoespiritaoscarpithan.com.br\/#\/schema\/logo\/image\/"},"sameAs":["https:\/\/www.facebook.com\/abrigopithan\/","https:\/\/www.instagram.com\/oscarpithan\/","https:\/\/www.youtube.com\/abrigoespiritaoscarjosepithansantamaria"]}]}},"_links":{"self":[{"href":"https:\/\/abrigoespiritaoscarpithan.com.br\/index.php?rest_route=\/wp\/v2\/pages\/43","targetHints":{"allow":["GET"]}}],"collection":[{"href":"https:\/\/abrigoespiritaoscarpithan.com.br\/index.php?rest_route=\/wp\/v2\/pages"}],"about":[{"href":"https:\/\/abrigoespiritaoscarpithan.com.br\/index.php?rest_route=\/wp\/v2\/types\/page"}],"author":[{"embeddable":true,"href":"https:\/\/abrigoespiritaoscarpithan.com.br\/index.php?rest_route=\/wp\/v2\/users\/1"}],"replies":[{"embeddable":true,"href":"https:\/\/abrigoespiritaoscarpithan.com.br\/index.php?rest_route=%2Fwp%2Fv2%2Fcomments&post=43"}],"version-history":[{"count":2,"href":"https:\/\/abrigoespiritaoscarpithan.com.br\/index.php?rest_route=\/wp\/v2\/pages\/43\/revisions"}],"predecessor-version":[{"id":545,"href":"https:\/\/abrigoespiritaoscarpithan.com.br\/index.php?rest_route=\/wp\/v2\/pages\/43\/revisions\/545"}],"wp:attachment":[{"href":"https:\/\/abrigoespiritaoscarpithan.com.br\/index.php?rest_route=%2Fwp%2Fv2%2Fmedia&parent=43"}],"curies":[{"name":"wp","href":"https:\/\/api.w.org\/{rel}","templated":true}]}}