{"id":296,"date":"2016-01-21T13:13:21","date_gmt":"2016-01-21T13:13:21","guid":{"rendered":"http:\/\/lapida.com.br\/sites\/pithan\/?page_id=296"},"modified":"2025-07-23T17:52:55","modified_gmt":"2025-07-23T17:52:55","slug":"mes-espirita-oscar-pithan","status":"publish","type":"page","link":"https:\/\/abrigoespiritaoscarpithan.com.br\/?page_id=296","title":{"rendered":"M\u00eas esp\u00edrita Oscar Pithan"},"content":{"rendered":"<p>No ano de 1988 foi criado o <strong>M\u00eas esp\u00edrita Oscar Pithan<\/strong>, com o intuito de celebrar o anivers\u00e1rio desta casa esp\u00edrita, fundada em 28 de agosto de 1949. Desde ent\u00e3o, tradicionalmente\u00a0no\u00a0m\u00eas de agosto \u00e9 realizado o m\u00eas esp\u00edrita Oscar Pithan, onde palestrantes de todo o Brasil s\u00e3o convidados a expor assuntos de interesse da comunidade esp\u00edrita.<\/p>\n<p>As atividades do m\u00eas esp\u00edrita s\u00e3o organizadas e coordenadas por Teltz Farias.<\/p>\n<p>As palestras e semin\u00e1rios ocorrem na sede do Abrigo, e a entrada \u00e9 franca. Ser\u00e3o, ainda, transmitidas ao vivo pelo canal do Youtube do Abrigo: <a href=\"https:\/\/www.youtube.com\/abrigoespiritaoscarjosepithansantamaria\">https:\/\/www.youtube.com\/abrigoespiritaoscarjosepithansantamaria<\/a><\/p>\n<p>Confira abaixo a programa\u00e7\u00e3o do 36\u00ba M\u00eas Esp\u00edrita Oscar Pithan (agosto 2025):<\/p>\n<p>&nbsp;<\/p>\n<p><a href=\"http:\/\/abrigoespiritaoscarpithan.com.br\/wp-content\/uploads\/2025\/07\/36o-Mes-Espirita-Instagram-condensado.png\"><img fetchpriority=\"high\" decoding=\"async\" class=\"aligncenter wp-image-4723 size-large\" src=\"http:\/\/abrigoespiritaoscarpithan.com.br\/wp-content\/uploads\/2025\/07\/36o-Mes-Espirita-Instagram-condensado-819x1024.png\" alt=\"\" width=\"720\" height=\"900\" srcset=\"https:\/\/abrigoespiritaoscarpithan.com.br\/wp-content\/uploads\/2025\/07\/36o-Mes-Espirita-Instagram-condensado-819x1024.png 819w, https:\/\/abrigoespiritaoscarpithan.com.br\/wp-content\/uploads\/2025\/07\/36o-Mes-Espirita-Instagram-condensado-240x300.png 240w, https:\/\/abrigoespiritaoscarpithan.com.br\/wp-content\/uploads\/2025\/07\/36o-Mes-Espirita-Instagram-condensado-768x960.png 768w, https:\/\/abrigoespiritaoscarpithan.com.br\/wp-content\/uploads\/2025\/07\/36o-Mes-Espirita-Instagram-condensado.png 1080w\" sizes=\"(max-width: 720px) 100vw, 720px\" \/><\/a><\/p>\n<p>&nbsp;<\/p>\n<p>O m\u00eas esp\u00edrita prev\u00ea palestras aos s\u00e1bados (20h) e semin\u00e1rios aos domingos (9h).<\/p>\n<p>Segue abaixo a programa\u00e7\u00e3o do 36\u00ba M\u00eas Esp\u00edrita &#8211; 2025:<\/p>\n<p><strong>Jos\u00e9 Raul Teixeira<\/strong> (Niter\u00f3i \u2013 RJ)<br \/>\n<strong>02\/08 &#8211; s\u00e1bado, 20h<\/strong> &#8211; Palestra: <em>O C\u00e9u e o Inferno<br \/>\n<\/em><strong>03\/08 &#8211; domingo, 9h <\/strong><em>&#8211; <\/em>Semin\u00e1rio: <em>Mediunidade Esp\u00edrita<\/em><\/p>\n<p><strong>Jos\u00e9 Francisco do Amaral<\/strong> (Panambi \u2013 RS)<br \/>\n<strong>09\/08 &#8211; s\u00e1bado, 20h<\/strong> &#8211; Palestra: <em>Deus, o Universo e o Esp\u00edrito Imortal<\/em><br \/>\n<strong>10\/08 &#8211; domingo, 9h <\/strong><em>&#8211; <\/em>Semin\u00e1rio: <em>Hist\u00f3ria de Amor e Dedica\u00e7\u00e3o<\/em><\/p>\n<p><strong>Wesley Caldeira<\/strong> (Montes Claros \u2013 MG)<br \/>\n<strong>16\/08 &#8211; s\u00e1bado, 20h &#8211; Palestra:<\/strong> <em>Reencarna\u00e7\u00e3o e os la\u00e7os de fam\u00edlia<\/em><br \/>\n<strong>17\/08 &#8211; domingo, 9h <em>&#8211; <\/em>Semin\u00e1rio:<\/strong> <em>O mundo, minha fam\u00edlia e eu<\/em><\/p>\n<p><strong>C\u00e9sar Soares dos Reis<\/strong> (Niter\u00f3i \u2013 RJ)<br \/>\n<strong>23\/08 &#8211; s\u00e1bado, 20h &#8211; Palestra: <\/strong><em>A era da regenera\u00e7\u00e3o<\/em><br \/>\n<strong>24\/08 &#8211; domingo, 9h <em>&#8211; <\/em>Semin\u00e1rio: <\/strong><em>Fundamentos da educa\u00e7\u00e3o \u2013 uma vis\u00e3o esp\u00edrita<\/em><\/p>\n<p><strong>Manuel Olavo Amarante<\/strong> (S\u00e3o Paulo \u2013 SP)<br \/>\n<strong>30\/08 &#8211; s\u00e1bado, 20h &#8211; Palestra:<\/strong> <em>O amor crist\u00e3o, segundo Jo\u00e3o<\/em><br \/>\n<strong>31\/08 &#8211; domingo, 9h <em>&#8211; <\/em>Semin\u00e1rio: <\/strong><em>Sede perfeitos: a pr\u00e1tica amorosa<\/em><\/p>\n<p>&nbsp;<\/p>\n<h3>Edi\u00e7\u00f5es anteriores do M\u00eas Esp\u00edrita<\/h3>\n<p><a href=\"http:\/\/abrigoespiritaoscarpithan.com.br\/?page_id=4233\">Confira aqui as grava\u00e7\u00f5es das palestras do M\u00eas Esp\u00edrita Oscar Pithan desde 2016.<\/a><\/p>\n","protected":false},"excerpt":{"rendered":"<p>No ano de 1988 foi criado o M\u00eas esp\u00edrita Oscar Pithan, com o intuito de celebrar o anivers\u00e1rio desta casa esp\u00edrita, fundada em 28 de agosto de 1949. Desde ent\u00e3o, tradicionalmente\u00a0no\u00a0m\u00eas de agosto \u00e9 realizado o m\u00eas esp\u00edrita Oscar Pithan,<\/p>\n","protected":false},"author":1,"featured_media":0,"parent":26,"menu_order":0,"comment_status":"closed","ping_status":"closed","template":"","meta":{"footnotes":""},"class_list":["post-296","page","type-page","status-publish","hentry"],"yoast_head":"<!-- This site is optimized with the Yoast SEO plugin v27.5 - https:\/\/yoast.com\/product\/yoast-seo-wordpress\/ -->\n<title>M\u00eas esp\u00edrita Oscar Pithan - Abrigo Esp\u00edrita Oscar Jos\u00e9 Pithan<\/title>\n<meta name=\"description\" content=\"O Abrigo Esp\u00edrita Oscar Jos\u00e9 Pithan \u00e9 um centro esp\u00edrita e um asilo de idosos, localizado em Santa Maria, Rio Grande do Sul. Est\u00e1 em atividade desde 1949. Como sociedade esp\u00edrita, oferece palestras, passes, atendimento fraterno, evangeliza\u00e7\u00e3o infanto-juvenil e grupos de estudos da doutrina esp\u00edrita, codificada por Allan Kardec.\" \/>\n<meta name=\"robots\" content=\"index, follow, max-snippet:-1, max-image-preview:large, max-video-preview:-1\" \/>\n<link rel=\"canonical\" href=\"https:\/\/abrigoespiritaoscarpithan.com.br\/?page_id=296\" \/>\n<meta property=\"og:locale\" content=\"pt_BR\" \/>\n<meta property=\"og:type\" content=\"article\" \/>\n<meta property=\"og:title\" content=\"M\u00eas esp\u00edrita Oscar Pithan - Abrigo Esp\u00edrita Oscar Jos\u00e9 Pithan\" \/>\n<meta property=\"og:description\" content=\"O Abrigo Esp\u00edrita Oscar Jos\u00e9 Pithan \u00e9 um centro esp\u00edrita e um asilo de idosos, localizado em Santa Maria, Rio Grande do Sul. Est\u00e1 em atividade desde 1949. Como sociedade esp\u00edrita, oferece palestras, passes, atendimento fraterno, evangeliza\u00e7\u00e3o infanto-juvenil e grupos de estudos da doutrina esp\u00edrita, codificada por Allan Kardec.\" \/>\n<meta property=\"og:url\" content=\"https:\/\/abrigoespiritaoscarpithan.com.br\/?page_id=296\" \/>\n<meta property=\"og:site_name\" content=\"Abrigo Esp\u00edrita Oscar Jos\u00e9 Pithan\" \/>\n<meta property=\"article:publisher\" content=\"https:\/\/www.facebook.com\/abrigopithan\/\" \/>\n<meta property=\"article:modified_time\" content=\"2025-07-23T17:52:55+00:00\" \/>\n<meta property=\"og:image\" content=\"https:\/\/abrigoespiritaoscarpithan.com.br\/wp-content\/uploads\/2025\/07\/36o-Mes-Espirita-Instagram-condensado-819x1024.png\" \/>\n\t<meta property=\"og:image:width\" content=\"819\" \/>\n\t<meta property=\"og:image:height\" content=\"1024\" \/>\n\t<meta property=\"og:image:type\" content=\"image\/png\" \/>\n<meta name=\"twitter:card\" content=\"summary_large_image\" \/>\n<meta name=\"twitter:label1\" content=\"Est. tempo de leitura\" \/>\n\t<meta name=\"twitter:data1\" content=\"2 minutos\" \/>\n<script type=\"application\/ld+json\" class=\"yoast-schema-graph\">{\"@context\":\"https:\\\/\\\/schema.org\",\"@graph\":[{\"@type\":\"WebPage\",\"@id\":\"https:\\\/\\\/abrigoespiritaoscarpithan.com.br\\\/?page_id=296\",\"url\":\"https:\\\/\\\/abrigoespiritaoscarpithan.com.br\\\/?page_id=296\",\"name\":\"M\u00eas esp\u00edrita Oscar Pithan - Abrigo Esp\u00edrita Oscar Jos\u00e9 Pithan\",\"isPartOf\":{\"@id\":\"https:\\\/\\\/abrigoespiritaoscarpithan.com.br\\\/#website\"},\"primaryImageOfPage\":{\"@id\":\"https:\\\/\\\/abrigoespiritaoscarpithan.com.br\\\/?page_id=296#primaryimage\"},\"image\":{\"@id\":\"https:\\\/\\\/abrigoespiritaoscarpithan.com.br\\\/?page_id=296#primaryimage\"},\"thumbnailUrl\":\"http:\\\/\\\/abrigoespiritaoscarpithan.com.br\\\/wp-content\\\/uploads\\\/2025\\\/07\\\/36o-Mes-Espirita-Instagram-condensado-819x1024.png\",\"datePublished\":\"2016-01-21T13:13:21+00:00\",\"dateModified\":\"2025-07-23T17:52:55+00:00\",\"description\":\"O Abrigo Esp\u00edrita Oscar Jos\u00e9 Pithan \u00e9 um centro esp\u00edrita e um asilo de idosos, localizado em Santa Maria, Rio Grande do Sul. Est\u00e1 em atividade desde 1949. Como sociedade esp\u00edrita, oferece palestras, passes, atendimento fraterno, evangeliza\u00e7\u00e3o infanto-juvenil e grupos de estudos da doutrina esp\u00edrita, codificada por Allan Kardec.\",\"breadcrumb\":{\"@id\":\"https:\\\/\\\/abrigoespiritaoscarpithan.com.br\\\/?page_id=296#breadcrumb\"},\"inLanguage\":\"pt-BR\",\"potentialAction\":[{\"@type\":\"ReadAction\",\"target\":[\"https:\\\/\\\/abrigoespiritaoscarpithan.com.br\\\/?page_id=296\"]}]},{\"@type\":\"ImageObject\",\"inLanguage\":\"pt-BR\",\"@id\":\"https:\\\/\\\/abrigoespiritaoscarpithan.com.br\\\/?page_id=296#primaryimage\",\"url\":\"https:\\\/\\\/abrigoespiritaoscarpithan.com.br\\\/wp-content\\\/uploads\\\/2025\\\/07\\\/36o-Mes-Espirita-Instagram-condensado.png\",\"contentUrl\":\"https:\\\/\\\/abrigoespiritaoscarpithan.com.br\\\/wp-content\\\/uploads\\\/2025\\\/07\\\/36o-Mes-Espirita-Instagram-condensado.png\",\"width\":1080,\"height\":1350},{\"@type\":\"BreadcrumbList\",\"@id\":\"https:\\\/\\\/abrigoespiritaoscarpithan.com.br\\\/?page_id=296#breadcrumb\",\"itemListElement\":[{\"@type\":\"ListItem\",\"position\":1,\"name\":\"In\u00edcio\",\"item\":\"https:\\\/\\\/abrigoespiritaoscarpithan.com.br\\\/\"},{\"@type\":\"ListItem\",\"position\":2,\"name\":\"ATIVIDADES\",\"item\":\"https:\\\/\\\/abrigoespiritaoscarpithan.com.br\\\/?page_id=26\"},{\"@type\":\"ListItem\",\"position\":3,\"name\":\"M\u00eas esp\u00edrita Oscar Pithan\"}]},{\"@type\":\"WebSite\",\"@id\":\"https:\\\/\\\/abrigoespiritaoscarpithan.com.br\\\/#website\",\"url\":\"https:\\\/\\\/abrigoespiritaoscarpithan.com.br\\\/\",\"name\":\"Abrigo Esp\u00edrita Oscar Jos\u00e9 Pithan\",\"description\":\"\",\"publisher\":{\"@id\":\"https:\\\/\\\/abrigoespiritaoscarpithan.com.br\\\/#organization\"},\"potentialAction\":[{\"@type\":\"SearchAction\",\"target\":{\"@type\":\"EntryPoint\",\"urlTemplate\":\"https:\\\/\\\/abrigoespiritaoscarpithan.com.br\\\/?s={search_term_string}\"},\"query-input\":{\"@type\":\"PropertyValueSpecification\",\"valueRequired\":true,\"valueName\":\"search_term_string\"}}],\"inLanguage\":\"pt-BR\"},{\"@type\":\"Organization\",\"@id\":\"https:\\\/\\\/abrigoespiritaoscarpithan.com.br\\\/#organization\",\"name\":\"Abrigo Esp\u00edrita Oscar Jos\u00e9 Pithan\",\"url\":\"https:\\\/\\\/abrigoespiritaoscarpithan.com.br\\\/\",\"logo\":{\"@type\":\"ImageObject\",\"inLanguage\":\"pt-BR\",\"@id\":\"https:\\\/\\\/abrigoespiritaoscarpithan.com.br\\\/#\\\/schema\\\/logo\\\/image\\\/\",\"url\":\"http:\\\/\\\/abrigoespiritaoscarpithan.com.br\\\/wp-content\\\/uploads\\\/2019\\\/09\\\/logo-abrigo.png\",\"contentUrl\":\"http:\\\/\\\/abrigoespiritaoscarpithan.com.br\\\/wp-content\\\/uploads\\\/2019\\\/09\\\/logo-abrigo.png\",\"width\":2915,\"height\":1812,\"caption\":\"Abrigo Esp\u00edrita Oscar Jos\u00e9 Pithan\"},\"image\":{\"@id\":\"https:\\\/\\\/abrigoespiritaoscarpithan.com.br\\\/#\\\/schema\\\/logo\\\/image\\\/\"},\"sameAs\":[\"https:\\\/\\\/www.facebook.com\\\/abrigopithan\\\/\",\"https:\\\/\\\/www.instagram.com\\\/oscarpithan\\\/\",\"https:\\\/\\\/www.youtube.com\\\/abrigoespiritaoscarjosepithansantamaria\"]}]}<\/script>\n<!-- \/ Yoast SEO plugin. -->","yoast_head_json":{"title":"M\u00eas esp\u00edrita Oscar Pithan - Abrigo Esp\u00edrita Oscar Jos\u00e9 Pithan","description":"O Abrigo Esp\u00edrita Oscar Jos\u00e9 Pithan \u00e9 um centro esp\u00edrita e um asilo de idosos, localizado em Santa Maria, Rio Grande do Sul. Est\u00e1 em atividade desde 1949. Como sociedade esp\u00edrita, oferece palestras, passes, atendimento fraterno, evangeliza\u00e7\u00e3o infanto-juvenil e grupos de estudos da doutrina esp\u00edrita, codificada por Allan Kardec.","robots":{"index":"index","follow":"follow","max-snippet":"max-snippet:-1","max-image-preview":"max-image-preview:large","max-video-preview":"max-video-preview:-1"},"canonical":"https:\/\/abrigoespiritaoscarpithan.com.br\/?page_id=296","og_locale":"pt_BR","og_type":"article","og_title":"M\u00eas esp\u00edrita Oscar Pithan - Abrigo Esp\u00edrita Oscar Jos\u00e9 Pithan","og_description":"O Abrigo Esp\u00edrita Oscar Jos\u00e9 Pithan \u00e9 um centro esp\u00edrita e um asilo de idosos, localizado em Santa Maria, Rio Grande do Sul. Est\u00e1 em atividade desde 1949. Como sociedade esp\u00edrita, oferece palestras, passes, atendimento fraterno, evangeliza\u00e7\u00e3o infanto-juvenil e grupos de estudos da doutrina esp\u00edrita, codificada por Allan Kardec.","og_url":"https:\/\/abrigoespiritaoscarpithan.com.br\/?page_id=296","og_site_name":"Abrigo Esp\u00edrita Oscar Jos\u00e9 Pithan","article_publisher":"https:\/\/www.facebook.com\/abrigopithan\/","article_modified_time":"2025-07-23T17:52:55+00:00","og_image":[{"width":819,"height":1024,"url":"https:\/\/abrigoespiritaoscarpithan.com.br\/wp-content\/uploads\/2025\/07\/36o-Mes-Espirita-Instagram-condensado-819x1024.png","type":"image\/png"}],"twitter_card":"summary_large_image","twitter_misc":{"Est. tempo de leitura":"2 minutos"},"schema":{"@context":"https:\/\/schema.org","@graph":[{"@type":"WebPage","@id":"https:\/\/abrigoespiritaoscarpithan.com.br\/?page_id=296","url":"https:\/\/abrigoespiritaoscarpithan.com.br\/?page_id=296","name":"M\u00eas esp\u00edrita Oscar Pithan - Abrigo Esp\u00edrita Oscar Jos\u00e9 Pithan","isPartOf":{"@id":"https:\/\/abrigoespiritaoscarpithan.com.br\/#website"},"primaryImageOfPage":{"@id":"https:\/\/abrigoespiritaoscarpithan.com.br\/?page_id=296#primaryimage"},"image":{"@id":"https:\/\/abrigoespiritaoscarpithan.com.br\/?page_id=296#primaryimage"},"thumbnailUrl":"http:\/\/abrigoespiritaoscarpithan.com.br\/wp-content\/uploads\/2025\/07\/36o-Mes-Espirita-Instagram-condensado-819x1024.png","datePublished":"2016-01-21T13:13:21+00:00","dateModified":"2025-07-23T17:52:55+00:00","description":"O Abrigo Esp\u00edrita Oscar Jos\u00e9 Pithan \u00e9 um centro esp\u00edrita e um asilo de idosos, localizado em Santa Maria, Rio Grande do Sul. Est\u00e1 em atividade desde 1949. Como sociedade esp\u00edrita, oferece palestras, passes, atendimento fraterno, evangeliza\u00e7\u00e3o infanto-juvenil e grupos de estudos da doutrina esp\u00edrita, codificada por Allan Kardec.","breadcrumb":{"@id":"https:\/\/abrigoespiritaoscarpithan.com.br\/?page_id=296#breadcrumb"},"inLanguage":"pt-BR","potentialAction":[{"@type":"ReadAction","target":["https:\/\/abrigoespiritaoscarpithan.com.br\/?page_id=296"]}]},{"@type":"ImageObject","inLanguage":"pt-BR","@id":"https:\/\/abrigoespiritaoscarpithan.com.br\/?page_id=296#primaryimage","url":"https:\/\/abrigoespiritaoscarpithan.com.br\/wp-content\/uploads\/2025\/07\/36o-Mes-Espirita-Instagram-condensado.png","contentUrl":"https:\/\/abrigoespiritaoscarpithan.com.br\/wp-content\/uploads\/2025\/07\/36o-Mes-Espirita-Instagram-condensado.png","width":1080,"height":1350},{"@type":"BreadcrumbList","@id":"https:\/\/abrigoespiritaoscarpithan.com.br\/?page_id=296#breadcrumb","itemListElement":[{"@type":"ListItem","position":1,"name":"In\u00edcio","item":"https:\/\/abrigoespiritaoscarpithan.com.br\/"},{"@type":"ListItem","position":2,"name":"ATIVIDADES","item":"https:\/\/abrigoespiritaoscarpithan.com.br\/?page_id=26"},{"@type":"ListItem","position":3,"name":"M\u00eas esp\u00edrita Oscar Pithan"}]},{"@type":"WebSite","@id":"https:\/\/abrigoespiritaoscarpithan.com.br\/#website","url":"https:\/\/abrigoespiritaoscarpithan.com.br\/","name":"Abrigo Esp\u00edrita Oscar Jos\u00e9 Pithan","description":"","publisher":{"@id":"https:\/\/abrigoespiritaoscarpithan.com.br\/#organization"},"potentialAction":[{"@type":"SearchAction","target":{"@type":"EntryPoint","urlTemplate":"https:\/\/abrigoespiritaoscarpithan.com.br\/?s={search_term_string}"},"query-input":{"@type":"PropertyValueSpecification","valueRequired":true,"valueName":"search_term_string"}}],"inLanguage":"pt-BR"},{"@type":"Organization","@id":"https:\/\/abrigoespiritaoscarpithan.com.br\/#organization","name":"Abrigo Esp\u00edrita Oscar Jos\u00e9 Pithan","url":"https:\/\/abrigoespiritaoscarpithan.com.br\/","logo":{"@type":"ImageObject","inLanguage":"pt-BR","@id":"https:\/\/abrigoespiritaoscarpithan.com.br\/#\/schema\/logo\/image\/","url":"http:\/\/abrigoespiritaoscarpithan.com.br\/wp-content\/uploads\/2019\/09\/logo-abrigo.png","contentUrl":"http:\/\/abrigoespiritaoscarpithan.com.br\/wp-content\/uploads\/2019\/09\/logo-abrigo.png","width":2915,"height":1812,"caption":"Abrigo Esp\u00edrita Oscar Jos\u00e9 Pithan"},"image":{"@id":"https:\/\/abrigoespiritaoscarpithan.com.br\/#\/schema\/logo\/image\/"},"sameAs":["https:\/\/www.facebook.com\/abrigopithan\/","https:\/\/www.instagram.com\/oscarpithan\/","https:\/\/www.youtube.com\/abrigoespiritaoscarjosepithansantamaria"]}]}},"_links":{"self":[{"href":"https:\/\/abrigoespiritaoscarpithan.com.br\/index.php?rest_route=\/wp\/v2\/pages\/296","targetHints":{"allow":["GET"]}}],"collection":[{"href":"https:\/\/abrigoespiritaoscarpithan.com.br\/index.php?rest_route=\/wp\/v2\/pages"}],"about":[{"href":"https:\/\/abrigoespiritaoscarpithan.com.br\/index.php?rest_route=\/wp\/v2\/types\/page"}],"author":[{"embeddable":true,"href":"https:\/\/abrigoespiritaoscarpithan.com.br\/index.php?rest_route=\/wp\/v2\/users\/1"}],"replies":[{"embeddable":true,"href":"https:\/\/abrigoespiritaoscarpithan.com.br\/index.php?rest_route=%2Fwp%2Fv2%2Fcomments&post=296"}],"version-history":[{"count":24,"href":"https:\/\/abrigoespiritaoscarpithan.com.br\/index.php?rest_route=\/wp\/v2\/pages\/296\/revisions"}],"predecessor-version":[{"id":4734,"href":"https:\/\/abrigoespiritaoscarpithan.com.br\/index.php?rest_route=\/wp\/v2\/pages\/296\/revisions\/4734"}],"up":[{"embeddable":true,"href":"https:\/\/abrigoespiritaoscarpithan.com.br\/index.php?rest_route=\/wp\/v2\/pages\/26"}],"wp:attachment":[{"href":"https:\/\/abrigoespiritaoscarpithan.com.br\/index.php?rest_route=%2Fwp%2Fv2%2Fmedia&parent=296"}],"curies":[{"name":"wp","href":"https:\/\/api.w.org\/{rel}","templated":true}]}}