{"id":28,"date":"2015-11-17T00:36:26","date_gmt":"2015-11-17T00:36:26","guid":{"rendered":"http:\/\/lapida.com.br\/sites\/pithan\/?page_id=28"},"modified":"2026-01-31T21:55:31","modified_gmt":"2026-01-31T21:55:31","slug":"diretoria","status":"publish","type":"page","link":"https:\/\/abrigoespiritaoscarpithan.com.br\/?page_id=28","title":{"rendered":"DIRETORIA"},"content":{"rendered":"<h3>MEMBROS DA DIRETORIA DO ABRIGO ESP\u00cdRITA OSCAR JOS\u00c9 PITHAN &#8211; 2026\/2027<\/h3>\n<p><strong>PRESIDENTE<\/strong>: Tarcisio Meira Zambra<\/p>\n<p><strong>1\u00aa VICE-PRESIDENTE<\/strong>: S\u00f4nia Maria Eisinger<\/p>\n<p><strong>2\u00ba VICE-PRESIDENTE<\/strong>: J\u00falio Nelson Rodrigues Dias<\/p>\n<p><strong>1\u00ba SECRET\u00c1RIO<\/strong>: Elvio Bonomar Martins<\/p>\n<p><strong>2\u00aa SECRET\u00c1RIA<\/strong>: Kerstin Karin Kickhofel<\/p>\n<p>&nbsp;<\/p>\n<h3>DEPARTAMENTOS<\/h3>\n<p><strong>DEPARTAMENTO DOUTRIN\u00c1RIO<\/strong>:<\/p>\n<p style=\"padding-left: 30px;\">Glauber da Silva<br \/>\nAdriana de F\u00e1tima Rosanelli<\/p>\n<p><strong>DEPARTAMENTO DE ASSIST\u00caNCIA<\/strong> <strong>ESPIRITUAL<\/strong><\/p>\n<p style=\"padding-left: 30px;\">Carmem L\u00facia Colom\u00e9 Beck<br \/>\nFlavio Fontinelli<\/p>\n<p><strong>DEPARTAMENTO DE INF\u00c2NCIA E JUVENTUDE<\/strong><\/p>\n<p style=\"padding-left: 30px;\">Andriza Pujol de Avila<br \/>\nVandrine da Trindade de \u00c1vila<\/p>\n<p><strong>DEPARTAMENTO DE ASSUNTOS DA FAM\u00cdLIA<\/strong><\/p>\n<p style=\"padding-left: 30px;\">Maria de Lourdes Friedrich Dias<br \/>\nJulio Nelson Rodrigues Dias<\/p>\n<p><strong>DEPARTAMENTO DE COMUNICA\u00c7\u00c3O<\/strong><\/p>\n<p style=\"padding-left: 30px;\">Vitalino Cesca Filho<br \/>\nJos\u00e9 Antonio Budel<\/p>\n<p><strong>DEPARTAMENTO DE A\u00c7\u00c3O SOCIAL (Departamento de Assist\u00eancia e Promo\u00e7\u00e3o Social Esp\u00edrita)<\/strong><\/p>\n<p style=\"padding-left: 30px;\">Jorge Luis Rodrigues Cassales<br \/>\nAdriana Vieira Marques<\/p>\n<p><strong>DEPARTAMENTO DE ASSIST\u00caNCIA JUR\u00cdDICA<\/strong><\/p>\n<p style=\"padding-left: 30px;\">Raissa Domingues Epstein<br \/>\nJair Hermes dos Santos<\/p>\n<p><strong>DEPARTAMENTO<\/strong> <strong>DE ASSIST\u00caNCIA <\/strong><strong>M\u00c9DICA<\/strong><\/p>\n<p style=\"padding-left: 30px;\">Celso Antonio Dantas da Luz<br \/>\nFrancisco Ivori Dalla Costa<\/p>\n<p><strong>DEPARTAMENTO<\/strong> <strong>DE<\/strong> <strong>OBRAS E CONSERVA\u00c7\u00c3O<\/strong><\/p>\n<p style=\"padding-left: 30px;\">Fernando Luiz M. de Souza<br \/>\nEdson Luiz Weise<\/p>\n<h3><\/h3>\n<h3>DEMAIS SETORES<\/h3>\n<p><strong>SETOR DE LIVROS<\/strong><\/p>\n<p style=\"padding-left: 30px;\">C\u00edntia Rolim<\/p>\n<p><strong>BRECH\u00d3<\/strong><\/p>\n<p style=\"padding-left: 30px;\">Raquel Mendes<\/p>\n<p><strong>RISOTO<\/strong><\/p>\n<p style=\"padding-left: 30px;\">Cilon Belem Leite<\/p>\n<p><strong>PROJETOS<\/strong><\/p>\n<p style=\"padding-left: 30px;\">Adriana de F\u00e1tima Rosanelli<br \/>\nCarmem L\u00facia Colom\u00e9 Beck<br \/>\nEdson Luiz Weise<br \/>\nKerstin Karin Kickhofel<\/p>\n<h3><\/h3>\n<p><strong>HORA DA PRECE<\/strong><\/p>\n<p style=\"padding-left: 30px;\">Teltz Cardoso Farias<br \/>\nFlavio Fontinelli<\/p>\n<p><strong>M\u00caS ESP\u00cdRITA<\/strong><\/p>\n<p style=\"padding-left: 30px;\">Teltz Cardoso Farias<\/p>\n<p>&nbsp;<\/p>\n<h3>CONSELHO FISCAL<\/h3>\n<p><strong>EFETIVOS<\/strong><\/p>\n<p style=\"padding-left: 30px;\">Adriano Rios<br \/>\nEduardo Saibt Martins<br \/>\nJos\u00e9 Antonio Budel<\/p>\n<p><strong>SUPLENTES<\/strong><\/p>\n<p style=\"padding-left: 30px;\">Edson Luiz Weise<br \/>\nKerstin Karin Kickhofel<br \/>\nTetz Cardoso Farias<\/p>\n","protected":false},"excerpt":{"rendered":"<p>MEMBROS DA DIRETORIA DO ABRIGO ESP\u00cdRITA OSCAR JOS\u00c9 PITHAN &#8211; 2026\/2027 PRESIDENTE: Tarcisio Meira Zambra 1\u00aa VICE-PRESIDENTE: S\u00f4nia Maria Eisinger 2\u00ba VICE-PRESIDENTE: J\u00falio Nelson Rodrigues Dias 1\u00ba SECRET\u00c1RIO: Elvio Bonomar Martins 2\u00aa SECRET\u00c1RIA: Kerstin Karin Kickhofel &nbsp; DEPARTAMENTOS DEPARTAMENTO DOUTRIN\u00c1RIO:<\/p>\n","protected":false},"author":1,"featured_media":0,"parent":22,"menu_order":0,"comment_status":"closed","ping_status":"closed","template":"","meta":{"footnotes":""},"class_list":["post-28","page","type-page","status-publish","hentry"],"yoast_head":"<!-- This site is optimized with the Yoast SEO plugin v27.4 - https:\/\/yoast.com\/product\/yoast-seo-wordpress\/ -->\n<title>DIRETORIA - Abrigo Esp\u00edrita Oscar Jos\u00e9 Pithan<\/title>\n<meta name=\"description\" content=\"O Abrigo Esp\u00edrita Oscar Jos\u00e9 Pithan \u00e9 um centro esp\u00edrita e um asilo de idosos, localizado em Santa Maria, Rio Grande do Sul. Est\u00e1 em atividade desde 1949. Como sociedade esp\u00edrita, oferece palestras, passes, atendimento fraterno, evangeliza\u00e7\u00e3o infanto-juvenil e grupos de estudos da doutrina esp\u00edrita, codificada por Allan Kardec.\" \/>\n<meta name=\"robots\" content=\"index, follow, max-snippet:-1, max-image-preview:large, max-video-preview:-1\" \/>\n<link rel=\"canonical\" href=\"https:\/\/abrigoespiritaoscarpithan.com.br\/?page_id=28\" \/>\n<meta property=\"og:locale\" content=\"pt_BR\" \/>\n<meta property=\"og:type\" content=\"article\" \/>\n<meta property=\"og:title\" content=\"DIRETORIA - Abrigo Esp\u00edrita Oscar Jos\u00e9 Pithan\" \/>\n<meta property=\"og:description\" content=\"O Abrigo Esp\u00edrita Oscar Jos\u00e9 Pithan \u00e9 um centro esp\u00edrita e um asilo de idosos, localizado em Santa Maria, Rio Grande do Sul. Est\u00e1 em atividade desde 1949. Como sociedade esp\u00edrita, oferece palestras, passes, atendimento fraterno, evangeliza\u00e7\u00e3o infanto-juvenil e grupos de estudos da doutrina esp\u00edrita, codificada por Allan Kardec.\" \/>\n<meta property=\"og:url\" content=\"https:\/\/abrigoespiritaoscarpithan.com.br\/?page_id=28\" \/>\n<meta property=\"og:site_name\" content=\"Abrigo Esp\u00edrita Oscar Jos\u00e9 Pithan\" \/>\n<meta property=\"article:publisher\" content=\"https:\/\/www.facebook.com\/abrigopithan\/\" \/>\n<meta property=\"article:modified_time\" content=\"2026-01-31T21:55:31+00:00\" \/>\n<meta name=\"twitter:card\" content=\"summary_large_image\" \/>\n<meta name=\"twitter:label1\" content=\"Est. tempo de leitura\" \/>\n\t<meta name=\"twitter:data1\" content=\"2 minutos\" \/>\n<script type=\"application\/ld+json\" class=\"yoast-schema-graph\">{\"@context\":\"https:\\\/\\\/schema.org\",\"@graph\":[{\"@type\":\"WebPage\",\"@id\":\"https:\\\/\\\/abrigoespiritaoscarpithan.com.br\\\/?page_id=28\",\"url\":\"https:\\\/\\\/abrigoespiritaoscarpithan.com.br\\\/?page_id=28\",\"name\":\"DIRETORIA - Abrigo Esp\u00edrita Oscar Jos\u00e9 Pithan\",\"isPartOf\":{\"@id\":\"https:\\\/\\\/abrigoespiritaoscarpithan.com.br\\\/#website\"},\"datePublished\":\"2015-11-17T00:36:26+00:00\",\"dateModified\":\"2026-01-31T21:55:31+00:00\",\"description\":\"O Abrigo Esp\u00edrita Oscar Jos\u00e9 Pithan \u00e9 um centro esp\u00edrita e um asilo de idosos, localizado em Santa Maria, Rio Grande do Sul. Est\u00e1 em atividade desde 1949. Como sociedade esp\u00edrita, oferece palestras, passes, atendimento fraterno, evangeliza\u00e7\u00e3o infanto-juvenil e grupos de estudos da doutrina esp\u00edrita, codificada por Allan Kardec.\",\"breadcrumb\":{\"@id\":\"https:\\\/\\\/abrigoespiritaoscarpithan.com.br\\\/?page_id=28#breadcrumb\"},\"inLanguage\":\"pt-BR\",\"potentialAction\":[{\"@type\":\"ReadAction\",\"target\":[\"https:\\\/\\\/abrigoespiritaoscarpithan.com.br\\\/?page_id=28\"]}]},{\"@type\":\"BreadcrumbList\",\"@id\":\"https:\\\/\\\/abrigoespiritaoscarpithan.com.br\\\/?page_id=28#breadcrumb\",\"itemListElement\":[{\"@type\":\"ListItem\",\"position\":1,\"name\":\"In\u00edcio\",\"item\":\"https:\\\/\\\/abrigoespiritaoscarpithan.com.br\\\/\"},{\"@type\":\"ListItem\",\"position\":2,\"name\":\"O ABRIGO\",\"item\":\"https:\\\/\\\/abrigoespiritaoscarpithan.com.br\\\/?page_id=22\"},{\"@type\":\"ListItem\",\"position\":3,\"name\":\"DIRETORIA\"}]},{\"@type\":\"WebSite\",\"@id\":\"https:\\\/\\\/abrigoespiritaoscarpithan.com.br\\\/#website\",\"url\":\"https:\\\/\\\/abrigoespiritaoscarpithan.com.br\\\/\",\"name\":\"Abrigo Esp\u00edrita Oscar Jos\u00e9 Pithan\",\"description\":\"\",\"publisher\":{\"@id\":\"https:\\\/\\\/abrigoespiritaoscarpithan.com.br\\\/#organization\"},\"potentialAction\":[{\"@type\":\"SearchAction\",\"target\":{\"@type\":\"EntryPoint\",\"urlTemplate\":\"https:\\\/\\\/abrigoespiritaoscarpithan.com.br\\\/?s={search_term_string}\"},\"query-input\":{\"@type\":\"PropertyValueSpecification\",\"valueRequired\":true,\"valueName\":\"search_term_string\"}}],\"inLanguage\":\"pt-BR\"},{\"@type\":\"Organization\",\"@id\":\"https:\\\/\\\/abrigoespiritaoscarpithan.com.br\\\/#organization\",\"name\":\"Abrigo Esp\u00edrita Oscar Jos\u00e9 Pithan\",\"url\":\"https:\\\/\\\/abrigoespiritaoscarpithan.com.br\\\/\",\"logo\":{\"@type\":\"ImageObject\",\"inLanguage\":\"pt-BR\",\"@id\":\"https:\\\/\\\/abrigoespiritaoscarpithan.com.br\\\/#\\\/schema\\\/logo\\\/image\\\/\",\"url\":\"http:\\\/\\\/abrigoespiritaoscarpithan.com.br\\\/wp-content\\\/uploads\\\/2019\\\/09\\\/logo-abrigo.png\",\"contentUrl\":\"http:\\\/\\\/abrigoespiritaoscarpithan.com.br\\\/wp-content\\\/uploads\\\/2019\\\/09\\\/logo-abrigo.png\",\"width\":2915,\"height\":1812,\"caption\":\"Abrigo Esp\u00edrita Oscar Jos\u00e9 Pithan\"},\"image\":{\"@id\":\"https:\\\/\\\/abrigoespiritaoscarpithan.com.br\\\/#\\\/schema\\\/logo\\\/image\\\/\"},\"sameAs\":[\"https:\\\/\\\/www.facebook.com\\\/abrigopithan\\\/\",\"https:\\\/\\\/www.instagram.com\\\/oscarpithan\\\/\",\"https:\\\/\\\/www.youtube.com\\\/abrigoespiritaoscarjosepithansantamaria\"]}]}<\/script>\n<!-- \/ Yoast SEO plugin. -->","yoast_head_json":{"title":"DIRETORIA - Abrigo Esp\u00edrita Oscar Jos\u00e9 Pithan","description":"O Abrigo Esp\u00edrita Oscar Jos\u00e9 Pithan \u00e9 um centro esp\u00edrita e um asilo de idosos, localizado em Santa Maria, Rio Grande do Sul. Est\u00e1 em atividade desde 1949. Como sociedade esp\u00edrita, oferece palestras, passes, atendimento fraterno, evangeliza\u00e7\u00e3o infanto-juvenil e grupos de estudos da doutrina esp\u00edrita, codificada por Allan Kardec.","robots":{"index":"index","follow":"follow","max-snippet":"max-snippet:-1","max-image-preview":"max-image-preview:large","max-video-preview":"max-video-preview:-1"},"canonical":"https:\/\/abrigoespiritaoscarpithan.com.br\/?page_id=28","og_locale":"pt_BR","og_type":"article","og_title":"DIRETORIA - Abrigo Esp\u00edrita Oscar Jos\u00e9 Pithan","og_description":"O Abrigo Esp\u00edrita Oscar Jos\u00e9 Pithan \u00e9 um centro esp\u00edrita e um asilo de idosos, localizado em Santa Maria, Rio Grande do Sul. Est\u00e1 em atividade desde 1949. Como sociedade esp\u00edrita, oferece palestras, passes, atendimento fraterno, evangeliza\u00e7\u00e3o infanto-juvenil e grupos de estudos da doutrina esp\u00edrita, codificada por Allan Kardec.","og_url":"https:\/\/abrigoespiritaoscarpithan.com.br\/?page_id=28","og_site_name":"Abrigo Esp\u00edrita Oscar Jos\u00e9 Pithan","article_publisher":"https:\/\/www.facebook.com\/abrigopithan\/","article_modified_time":"2026-01-31T21:55:31+00:00","twitter_card":"summary_large_image","twitter_misc":{"Est. tempo de leitura":"2 minutos"},"schema":{"@context":"https:\/\/schema.org","@graph":[{"@type":"WebPage","@id":"https:\/\/abrigoespiritaoscarpithan.com.br\/?page_id=28","url":"https:\/\/abrigoespiritaoscarpithan.com.br\/?page_id=28","name":"DIRETORIA - Abrigo Esp\u00edrita Oscar Jos\u00e9 Pithan","isPartOf":{"@id":"https:\/\/abrigoespiritaoscarpithan.com.br\/#website"},"datePublished":"2015-11-17T00:36:26+00:00","dateModified":"2026-01-31T21:55:31+00:00","description":"O Abrigo Esp\u00edrita Oscar Jos\u00e9 Pithan \u00e9 um centro esp\u00edrita e um asilo de idosos, localizado em Santa Maria, Rio Grande do Sul. Est\u00e1 em atividade desde 1949. Como sociedade esp\u00edrita, oferece palestras, passes, atendimento fraterno, evangeliza\u00e7\u00e3o infanto-juvenil e grupos de estudos da doutrina esp\u00edrita, codificada por Allan Kardec.","breadcrumb":{"@id":"https:\/\/abrigoespiritaoscarpithan.com.br\/?page_id=28#breadcrumb"},"inLanguage":"pt-BR","potentialAction":[{"@type":"ReadAction","target":["https:\/\/abrigoespiritaoscarpithan.com.br\/?page_id=28"]}]},{"@type":"BreadcrumbList","@id":"https:\/\/abrigoespiritaoscarpithan.com.br\/?page_id=28#breadcrumb","itemListElement":[{"@type":"ListItem","position":1,"name":"In\u00edcio","item":"https:\/\/abrigoespiritaoscarpithan.com.br\/"},{"@type":"ListItem","position":2,"name":"O ABRIGO","item":"https:\/\/abrigoespiritaoscarpithan.com.br\/?page_id=22"},{"@type":"ListItem","position":3,"name":"DIRETORIA"}]},{"@type":"WebSite","@id":"https:\/\/abrigoespiritaoscarpithan.com.br\/#website","url":"https:\/\/abrigoespiritaoscarpithan.com.br\/","name":"Abrigo Esp\u00edrita Oscar Jos\u00e9 Pithan","description":"","publisher":{"@id":"https:\/\/abrigoespiritaoscarpithan.com.br\/#organization"},"potentialAction":[{"@type":"SearchAction","target":{"@type":"EntryPoint","urlTemplate":"https:\/\/abrigoespiritaoscarpithan.com.br\/?s={search_term_string}"},"query-input":{"@type":"PropertyValueSpecification","valueRequired":true,"valueName":"search_term_string"}}],"inLanguage":"pt-BR"},{"@type":"Organization","@id":"https:\/\/abrigoespiritaoscarpithan.com.br\/#organization","name":"Abrigo Esp\u00edrita Oscar Jos\u00e9 Pithan","url":"https:\/\/abrigoespiritaoscarpithan.com.br\/","logo":{"@type":"ImageObject","inLanguage":"pt-BR","@id":"https:\/\/abrigoespiritaoscarpithan.com.br\/#\/schema\/logo\/image\/","url":"http:\/\/abrigoespiritaoscarpithan.com.br\/wp-content\/uploads\/2019\/09\/logo-abrigo.png","contentUrl":"http:\/\/abrigoespiritaoscarpithan.com.br\/wp-content\/uploads\/2019\/09\/logo-abrigo.png","width":2915,"height":1812,"caption":"Abrigo Esp\u00edrita Oscar Jos\u00e9 Pithan"},"image":{"@id":"https:\/\/abrigoespiritaoscarpithan.com.br\/#\/schema\/logo\/image\/"},"sameAs":["https:\/\/www.facebook.com\/abrigopithan\/","https:\/\/www.instagram.com\/oscarpithan\/","https:\/\/www.youtube.com\/abrigoespiritaoscarjosepithansantamaria"]}]}},"_links":{"self":[{"href":"https:\/\/abrigoespiritaoscarpithan.com.br\/index.php?rest_route=\/wp\/v2\/pages\/28","targetHints":{"allow":["GET"]}}],"collection":[{"href":"https:\/\/abrigoespiritaoscarpithan.com.br\/index.php?rest_route=\/wp\/v2\/pages"}],"about":[{"href":"https:\/\/abrigoespiritaoscarpithan.com.br\/index.php?rest_route=\/wp\/v2\/types\/page"}],"author":[{"embeddable":true,"href":"https:\/\/abrigoespiritaoscarpithan.com.br\/index.php?rest_route=\/wp\/v2\/users\/1"}],"replies":[{"embeddable":true,"href":"https:\/\/abrigoespiritaoscarpithan.com.br\/index.php?rest_route=%2Fwp%2Fv2%2Fcomments&post=28"}],"version-history":[{"count":12,"href":"https:\/\/abrigoespiritaoscarpithan.com.br\/index.php?rest_route=\/wp\/v2\/pages\/28\/revisions"}],"predecessor-version":[{"id":4805,"href":"https:\/\/abrigoespiritaoscarpithan.com.br\/index.php?rest_route=\/wp\/v2\/pages\/28\/revisions\/4805"}],"up":[{"embeddable":true,"href":"https:\/\/abrigoespiritaoscarpithan.com.br\/index.php?rest_route=\/wp\/v2\/pages\/22"}],"wp:attachment":[{"href":"https:\/\/abrigoespiritaoscarpithan.com.br\/index.php?rest_route=%2Fwp%2Fv2%2Fmedia&parent=28"}],"curies":[{"name":"wp","href":"https:\/\/api.w.org\/{rel}","templated":true}]}}