{"id":26,"date":"2015-11-17T00:36:10","date_gmt":"2015-11-17T00:36:10","guid":{"rendered":"http:\/\/lapida.com.br\/sites\/pithan\/?page_id=26"},"modified":"2023-11-12T20:13:02","modified_gmt":"2023-11-12T20:13:02","slug":"atividades-2","status":"publish","type":"page","link":"https:\/\/abrigoespiritaoscarpithan.com.br\/?page_id=26","title":{"rendered":"ATIVIDADES"},"content":{"rendered":"<ul>\n<li><a href=\"http:\/\/abrigoespiritaoscarpithan.com.br\/?page_id=292\">Atendimento fraterno<\/a><\/li>\n<li><a href=\"http:\/\/abrigoespiritaoscarpithan.com.br\/?page_id=298\">Encontros da fam\u00edlia &#8211; AFA<\/a><\/li>\n<li><a href=\"http:\/\/abrigoespiritaoscarpithan.com.br\/?page_id=279\">Evangeliza\u00e7\u00e3o infanto-juvenil<\/a><\/li>\n<li><a href=\"http:\/\/abrigoespiritaoscarpithan.com.br\/?page_id=282\">Grupos de estudo<\/a><\/li>\n<li><a href=\"http:\/\/abrigoespiritaoscarpithan.com.br\/?page_id=296\">M\u00eas esp\u00edrita Oscar Pithan<\/a><\/li>\n<li><a href=\"http:\/\/abrigoespiritaoscarpithan.com.br\/?page_id=290\">Palestras doutrin\u00e1rias<\/a><\/li>\n<\/ul>\n<h3>Hor\u00e1rios das atividades<\/h3>\n<p><strong>Segunda-feira<br \/>\n<\/strong>20h: Grupos de estudo da Doutrina Esp\u00edrita<\/p>\n<p><strong>Ter\u00e7a-feira<br \/>\n<\/strong>14h15: Atendimento fraterno<br \/>\n15h15: Palestra p\u00fablica doutrin\u00e1ria \/ passes<br \/>\n16h: Grupos de estudo da Doutrina Esp\u00edrita<\/p>\n<p><strong>Quarta-feira<br \/>\n<\/strong>20h: Grupos de estudo da Doutrina Esp\u00edrita<\/p>\n<p><strong>Quinta-feira<br \/>\n<\/strong>19h: Atendimento fraterno<br \/>\n20h: Palestra p\u00fablica doutrin\u00e1ria \/ passes<\/p>\n<p><strong>S\u00e1bado<\/strong><br \/>\n14h: Evangeliza\u00e7\u00e3o infanto-juvenil<br \/>\n14h: Encontros da fam\u00edlia &#8211; AFA<\/p>\n<p><strong>Domingo<br \/>\n<\/strong>9h: Palestra p\u00fablica doutrin\u00e1ria \/ passes e atendimento fraterno<\/p>\n<div id='gallery-1' class='gallery galleryid-26 gallery-columns-3 gallery-size-medium'><figure class='gallery-item'>\n\t\t\t<div class='gallery-icon landscape'>\n\t\t\t\t<a href='https:\/\/abrigoespiritaoscarpithan.com.br\/?attachment_id=4291'><img fetchpriority=\"high\" decoding=\"async\" width=\"300\" height=\"300\" src=\"https:\/\/abrigoespiritaoscarpithan.com.br\/wp-content\/uploads\/2023\/11\/1-1-300x300.png\" class=\"attachment-medium size-medium\" alt=\"\" srcset=\"https:\/\/abrigoespiritaoscarpithan.com.br\/wp-content\/uploads\/2023\/11\/1-1-300x300.png 300w, https:\/\/abrigoespiritaoscarpithan.com.br\/wp-content\/uploads\/2023\/11\/1-1-1024x1024.png 1024w, https:\/\/abrigoespiritaoscarpithan.com.br\/wp-content\/uploads\/2023\/11\/1-1-150x150.png 150w, https:\/\/abrigoespiritaoscarpithan.com.br\/wp-content\/uploads\/2023\/11\/1-1-768x768.png 768w, https:\/\/abrigoespiritaoscarpithan.com.br\/wp-content\/uploads\/2023\/11\/1-1-230x230.png 230w, https:\/\/abrigoespiritaoscarpithan.com.br\/wp-content\/uploads\/2023\/11\/1-1-365x365.png 365w, https:\/\/abrigoespiritaoscarpithan.com.br\/wp-content\/uploads\/2023\/11\/1-1.png 1080w\" sizes=\"(max-width: 300px) 100vw, 300px\" \/><\/a>\n\t\t\t<\/div><\/figure><figure class='gallery-item'>\n\t\t\t<div class='gallery-icon landscape'>\n\t\t\t\t<a href='https:\/\/abrigoespiritaoscarpithan.com.br\/?attachment_id=4292'><img decoding=\"async\" width=\"300\" height=\"300\" src=\"https:\/\/abrigoespiritaoscarpithan.com.br\/wp-content\/uploads\/2023\/11\/2-1-300x300.png\" class=\"attachment-medium size-medium\" alt=\"\" srcset=\"https:\/\/abrigoespiritaoscarpithan.com.br\/wp-content\/uploads\/2023\/11\/2-1-300x300.png 300w, https:\/\/abrigoespiritaoscarpithan.com.br\/wp-content\/uploads\/2023\/11\/2-1-1024x1024.png 1024w, https:\/\/abrigoespiritaoscarpithan.com.br\/wp-content\/uploads\/2023\/11\/2-1-150x150.png 150w, https:\/\/abrigoespiritaoscarpithan.com.br\/wp-content\/uploads\/2023\/11\/2-1-768x768.png 768w, https:\/\/abrigoespiritaoscarpithan.com.br\/wp-content\/uploads\/2023\/11\/2-1-230x230.png 230w, https:\/\/abrigoespiritaoscarpithan.com.br\/wp-content\/uploads\/2023\/11\/2-1-365x365.png 365w, https:\/\/abrigoespiritaoscarpithan.com.br\/wp-content\/uploads\/2023\/11\/2-1.png 1080w\" sizes=\"(max-width: 300px) 100vw, 300px\" \/><\/a>\n\t\t\t<\/div><\/figure><figure class='gallery-item'>\n\t\t\t<div class='gallery-icon landscape'>\n\t\t\t\t<a href='https:\/\/abrigoespiritaoscarpithan.com.br\/?attachment_id=4293'><img decoding=\"async\" width=\"300\" height=\"300\" src=\"https:\/\/abrigoespiritaoscarpithan.com.br\/wp-content\/uploads\/2023\/11\/3-1-300x300.png\" class=\"attachment-medium size-medium\" alt=\"\" srcset=\"https:\/\/abrigoespiritaoscarpithan.com.br\/wp-content\/uploads\/2023\/11\/3-1-300x300.png 300w, https:\/\/abrigoespiritaoscarpithan.com.br\/wp-content\/uploads\/2023\/11\/3-1-1024x1024.png 1024w, https:\/\/abrigoespiritaoscarpithan.com.br\/wp-content\/uploads\/2023\/11\/3-1-150x150.png 150w, https:\/\/abrigoespiritaoscarpithan.com.br\/wp-content\/uploads\/2023\/11\/3-1-768x768.png 768w, https:\/\/abrigoespiritaoscarpithan.com.br\/wp-content\/uploads\/2023\/11\/3-1-230x230.png 230w, https:\/\/abrigoespiritaoscarpithan.com.br\/wp-content\/uploads\/2023\/11\/3-1-365x365.png 365w, https:\/\/abrigoespiritaoscarpithan.com.br\/wp-content\/uploads\/2023\/11\/3-1.png 1080w\" sizes=\"(max-width: 300px) 100vw, 300px\" \/><\/a>\n\t\t\t<\/div><\/figure><figure class='gallery-item'>\n\t\t\t<div class='gallery-icon landscape'>\n\t\t\t\t<a href='https:\/\/abrigoespiritaoscarpithan.com.br\/?attachment_id=4294'><img loading=\"lazy\" decoding=\"async\" width=\"300\" height=\"300\" src=\"https:\/\/abrigoespiritaoscarpithan.com.br\/wp-content\/uploads\/2023\/11\/4-1-300x300.png\" class=\"attachment-medium size-medium\" alt=\"\" srcset=\"https:\/\/abrigoespiritaoscarpithan.com.br\/wp-content\/uploads\/2023\/11\/4-1-300x300.png 300w, https:\/\/abrigoespiritaoscarpithan.com.br\/wp-content\/uploads\/2023\/11\/4-1-1024x1024.png 1024w, https:\/\/abrigoespiritaoscarpithan.com.br\/wp-content\/uploads\/2023\/11\/4-1-150x150.png 150w, https:\/\/abrigoespiritaoscarpithan.com.br\/wp-content\/uploads\/2023\/11\/4-1-768x768.png 768w, https:\/\/abrigoespiritaoscarpithan.com.br\/wp-content\/uploads\/2023\/11\/4-1-230x230.png 230w, https:\/\/abrigoespiritaoscarpithan.com.br\/wp-content\/uploads\/2023\/11\/4-1-365x365.png 365w, https:\/\/abrigoespiritaoscarpithan.com.br\/wp-content\/uploads\/2023\/11\/4-1.png 1080w\" sizes=\"(max-width: 300px) 100vw, 300px\" \/><\/a>\n\t\t\t<\/div><\/figure><figure class='gallery-item'>\n\t\t\t<div class='gallery-icon landscape'>\n\t\t\t\t<a href='https:\/\/abrigoespiritaoscarpithan.com.br\/?attachment_id=4295'><img loading=\"lazy\" decoding=\"async\" width=\"300\" height=\"300\" src=\"https:\/\/abrigoespiritaoscarpithan.com.br\/wp-content\/uploads\/2023\/11\/5-300x300.png\" class=\"attachment-medium size-medium\" alt=\"\" srcset=\"https:\/\/abrigoespiritaoscarpithan.com.br\/wp-content\/uploads\/2023\/11\/5-300x300.png 300w, https:\/\/abrigoespiritaoscarpithan.com.br\/wp-content\/uploads\/2023\/11\/5-1024x1024.png 1024w, https:\/\/abrigoespiritaoscarpithan.com.br\/wp-content\/uploads\/2023\/11\/5-150x150.png 150w, https:\/\/abrigoespiritaoscarpithan.com.br\/wp-content\/uploads\/2023\/11\/5-768x768.png 768w, https:\/\/abrigoespiritaoscarpithan.com.br\/wp-content\/uploads\/2023\/11\/5-230x230.png 230w, https:\/\/abrigoespiritaoscarpithan.com.br\/wp-content\/uploads\/2023\/11\/5-365x365.png 365w, https:\/\/abrigoespiritaoscarpithan.com.br\/wp-content\/uploads\/2023\/11\/5.png 1080w\" sizes=\"(max-width: 300px) 100vw, 300px\" \/><\/a>\n\t\t\t<\/div><\/figure><figure class='gallery-item'>\n\t\t\t<div class='gallery-icon landscape'>\n\t\t\t\t<a href='https:\/\/abrigoespiritaoscarpithan.com.br\/?attachment_id=4296'><img loading=\"lazy\" decoding=\"async\" width=\"300\" height=\"300\" src=\"https:\/\/abrigoespiritaoscarpithan.com.br\/wp-content\/uploads\/2023\/11\/6-300x300.png\" class=\"attachment-medium size-medium\" alt=\"\" srcset=\"https:\/\/abrigoespiritaoscarpithan.com.br\/wp-content\/uploads\/2023\/11\/6-300x300.png 300w, https:\/\/abrigoespiritaoscarpithan.com.br\/wp-content\/uploads\/2023\/11\/6-1024x1024.png 1024w, https:\/\/abrigoespiritaoscarpithan.com.br\/wp-content\/uploads\/2023\/11\/6-150x150.png 150w, https:\/\/abrigoespiritaoscarpithan.com.br\/wp-content\/uploads\/2023\/11\/6-768x768.png 768w, https:\/\/abrigoespiritaoscarpithan.com.br\/wp-content\/uploads\/2023\/11\/6-230x230.png 230w, https:\/\/abrigoespiritaoscarpithan.com.br\/wp-content\/uploads\/2023\/11\/6-365x365.png 365w, https:\/\/abrigoespiritaoscarpithan.com.br\/wp-content\/uploads\/2023\/11\/6.png 1080w\" sizes=\"(max-width: 300px) 100vw, 300px\" \/><\/a>\n\t\t\t<\/div><\/figure><figure class='gallery-item'>\n\t\t\t<div class='gallery-icon landscape'>\n\t\t\t\t<a href='https:\/\/abrigoespiritaoscarpithan.com.br\/?attachment_id=4297'><img loading=\"lazy\" decoding=\"async\" width=\"300\" height=\"300\" src=\"https:\/\/abrigoespiritaoscarpithan.com.br\/wp-content\/uploads\/2023\/11\/7-300x300.png\" class=\"attachment-medium size-medium\" alt=\"\" srcset=\"https:\/\/abrigoespiritaoscarpithan.com.br\/wp-content\/uploads\/2023\/11\/7-300x300.png 300w, https:\/\/abrigoespiritaoscarpithan.com.br\/wp-content\/uploads\/2023\/11\/7-1024x1024.png 1024w, https:\/\/abrigoespiritaoscarpithan.com.br\/wp-content\/uploads\/2023\/11\/7-150x150.png 150w, https:\/\/abrigoespiritaoscarpithan.com.br\/wp-content\/uploads\/2023\/11\/7-768x768.png 768w, https:\/\/abrigoespiritaoscarpithan.com.br\/wp-content\/uploads\/2023\/11\/7-230x230.png 230w, https:\/\/abrigoespiritaoscarpithan.com.br\/wp-content\/uploads\/2023\/11\/7-365x365.png 365w, https:\/\/abrigoespiritaoscarpithan.com.br\/wp-content\/uploads\/2023\/11\/7.png 1080w\" sizes=\"(max-width: 300px) 100vw, 300px\" \/><\/a>\n\t\t\t<\/div><\/figure><figure class='gallery-item'>\n\t\t\t<div class='gallery-icon landscape'>\n\t\t\t\t<a href='https:\/\/abrigoespiritaoscarpithan.com.br\/?attachment_id=4290'><img loading=\"lazy\" decoding=\"async\" width=\"300\" height=\"300\" src=\"https:\/\/abrigoespiritaoscarpithan.com.br\/wp-content\/uploads\/2023\/11\/8-300x300.png\" class=\"attachment-medium size-medium\" alt=\"\" srcset=\"https:\/\/abrigoespiritaoscarpithan.com.br\/wp-content\/uploads\/2023\/11\/8-300x300.png 300w, https:\/\/abrigoespiritaoscarpithan.com.br\/wp-content\/uploads\/2023\/11\/8-1024x1024.png 1024w, https:\/\/abrigoespiritaoscarpithan.com.br\/wp-content\/uploads\/2023\/11\/8-150x150.png 150w, https:\/\/abrigoespiritaoscarpithan.com.br\/wp-content\/uploads\/2023\/11\/8-768x768.png 768w, https:\/\/abrigoespiritaoscarpithan.com.br\/wp-content\/uploads\/2023\/11\/8-230x230.png 230w, https:\/\/abrigoespiritaoscarpithan.com.br\/wp-content\/uploads\/2023\/11\/8-365x365.png 365w, https:\/\/abrigoespiritaoscarpithan.com.br\/wp-content\/uploads\/2023\/11\/8.png 1080w\" sizes=\"(max-width: 300px) 100vw, 300px\" \/><\/a>\n\t\t\t<\/div><\/figure>\n\t\t<\/div>\n\n","protected":false},"excerpt":{"rendered":"<p>Atendimento fraterno Encontros da fam\u00edlia &#8211; AFA Evangeliza\u00e7\u00e3o infanto-juvenil Grupos de estudo M\u00eas esp\u00edrita Oscar Pithan Palestras doutrin\u00e1rias Hor\u00e1rios das atividades Segunda-feira 20h: Grupos de estudo da Doutrina Esp\u00edrita Ter\u00e7a-feira 14h15: Atendimento fraterno 15h15: Palestra p\u00fablica doutrin\u00e1ria \/ passes 16h:<\/p>\n","protected":false},"author":1,"featured_media":0,"parent":0,"menu_order":0,"comment_status":"closed","ping_status":"closed","template":"","meta":{"footnotes":""},"class_list":["post-26","page","type-page","status-publish","hentry"],"yoast_head":"<!-- This site is optimized with the Yoast SEO plugin v27.4 - https:\/\/yoast.com\/product\/yoast-seo-wordpress\/ -->\n<title>ATIVIDADES - Abrigo Esp\u00edrita Oscar Jos\u00e9 Pithan<\/title>\n<meta name=\"description\" content=\"O Abrigo Esp\u00edrita Oscar Jos\u00e9 Pithan \u00e9 um centro esp\u00edrita e um asilo de idosos, localizado em Santa Maria, Rio Grande do Sul. Est\u00e1 em atividade desde 1949. Como sociedade esp\u00edrita, oferece palestras, passes, atendimento fraterno, evangeliza\u00e7\u00e3o infanto-juvenil e grupos de estudos da doutrina esp\u00edrita, codificada por Allan Kardec.\" \/>\n<meta name=\"robots\" content=\"index, follow, max-snippet:-1, max-image-preview:large, max-video-preview:-1\" \/>\n<link rel=\"canonical\" href=\"https:\/\/abrigoespiritaoscarpithan.com.br\/?page_id=26\" \/>\n<meta property=\"og:locale\" content=\"pt_BR\" \/>\n<meta property=\"og:type\" content=\"article\" \/>\n<meta property=\"og:title\" content=\"ATIVIDADES - Abrigo Esp\u00edrita Oscar Jos\u00e9 Pithan\" \/>\n<meta property=\"og:description\" content=\"O Abrigo Esp\u00edrita Oscar Jos\u00e9 Pithan \u00e9 um centro esp\u00edrita e um asilo de idosos, localizado em Santa Maria, Rio Grande do Sul. Est\u00e1 em atividade desde 1949. Como sociedade esp\u00edrita, oferece palestras, passes, atendimento fraterno, evangeliza\u00e7\u00e3o infanto-juvenil e grupos de estudos da doutrina esp\u00edrita, codificada por Allan Kardec.\" \/>\n<meta property=\"og:url\" content=\"https:\/\/abrigoespiritaoscarpithan.com.br\/?page_id=26\" \/>\n<meta property=\"og:site_name\" content=\"Abrigo Esp\u00edrita Oscar Jos\u00e9 Pithan\" \/>\n<meta property=\"article:publisher\" content=\"https:\/\/www.facebook.com\/abrigopithan\/\" \/>\n<meta property=\"article:modified_time\" content=\"2023-11-12T20:13:02+00:00\" \/>\n<meta property=\"og:image\" content=\"http:\/\/abrigoespiritaoscarpithan.com.br\/wp-content\/uploads\/2023\/11\/1-1-300x300.png\" \/>\n<meta name=\"twitter:card\" content=\"summary_large_image\" \/>\n<meta name=\"twitter:label1\" content=\"Est. tempo de leitura\" \/>\n\t<meta name=\"twitter:data1\" content=\"1 minuto\" \/>\n<script type=\"application\/ld+json\" class=\"yoast-schema-graph\">{\"@context\":\"https:\\\/\\\/schema.org\",\"@graph\":[{\"@type\":\"WebPage\",\"@id\":\"https:\\\/\\\/abrigoespiritaoscarpithan.com.br\\\/?page_id=26\",\"url\":\"https:\\\/\\\/abrigoespiritaoscarpithan.com.br\\\/?page_id=26\",\"name\":\"ATIVIDADES - Abrigo Esp\u00edrita Oscar Jos\u00e9 Pithan\",\"isPartOf\":{\"@id\":\"https:\\\/\\\/abrigoespiritaoscarpithan.com.br\\\/#website\"},\"datePublished\":\"2015-11-17T00:36:10+00:00\",\"dateModified\":\"2023-11-12T20:13:02+00:00\",\"description\":\"O Abrigo Esp\u00edrita Oscar Jos\u00e9 Pithan \u00e9 um centro esp\u00edrita e um asilo de idosos, localizado em Santa Maria, Rio Grande do Sul. Est\u00e1 em atividade desde 1949. Como sociedade esp\u00edrita, oferece palestras, passes, atendimento fraterno, evangeliza\u00e7\u00e3o infanto-juvenil e grupos de estudos da doutrina esp\u00edrita, codificada por Allan Kardec.\",\"breadcrumb\":{\"@id\":\"https:\\\/\\\/abrigoespiritaoscarpithan.com.br\\\/?page_id=26#breadcrumb\"},\"inLanguage\":\"pt-BR\",\"potentialAction\":[{\"@type\":\"ReadAction\",\"target\":[\"https:\\\/\\\/abrigoespiritaoscarpithan.com.br\\\/?page_id=26\"]}]},{\"@type\":\"BreadcrumbList\",\"@id\":\"https:\\\/\\\/abrigoespiritaoscarpithan.com.br\\\/?page_id=26#breadcrumb\",\"itemListElement\":[{\"@type\":\"ListItem\",\"position\":1,\"name\":\"In\u00edcio\",\"item\":\"https:\\\/\\\/abrigoespiritaoscarpithan.com.br\\\/\"},{\"@type\":\"ListItem\",\"position\":2,\"name\":\"ATIVIDADES\"}]},{\"@type\":\"WebSite\",\"@id\":\"https:\\\/\\\/abrigoespiritaoscarpithan.com.br\\\/#website\",\"url\":\"https:\\\/\\\/abrigoespiritaoscarpithan.com.br\\\/\",\"name\":\"Abrigo Esp\u00edrita Oscar Jos\u00e9 Pithan\",\"description\":\"\",\"publisher\":{\"@id\":\"https:\\\/\\\/abrigoespiritaoscarpithan.com.br\\\/#organization\"},\"potentialAction\":[{\"@type\":\"SearchAction\",\"target\":{\"@type\":\"EntryPoint\",\"urlTemplate\":\"https:\\\/\\\/abrigoespiritaoscarpithan.com.br\\\/?s={search_term_string}\"},\"query-input\":{\"@type\":\"PropertyValueSpecification\",\"valueRequired\":true,\"valueName\":\"search_term_string\"}}],\"inLanguage\":\"pt-BR\"},{\"@type\":\"Organization\",\"@id\":\"https:\\\/\\\/abrigoespiritaoscarpithan.com.br\\\/#organization\",\"name\":\"Abrigo Esp\u00edrita Oscar Jos\u00e9 Pithan\",\"url\":\"https:\\\/\\\/abrigoespiritaoscarpithan.com.br\\\/\",\"logo\":{\"@type\":\"ImageObject\",\"inLanguage\":\"pt-BR\",\"@id\":\"https:\\\/\\\/abrigoespiritaoscarpithan.com.br\\\/#\\\/schema\\\/logo\\\/image\\\/\",\"url\":\"http:\\\/\\\/abrigoespiritaoscarpithan.com.br\\\/wp-content\\\/uploads\\\/2019\\\/09\\\/logo-abrigo.png\",\"contentUrl\":\"http:\\\/\\\/abrigoespiritaoscarpithan.com.br\\\/wp-content\\\/uploads\\\/2019\\\/09\\\/logo-abrigo.png\",\"width\":2915,\"height\":1812,\"caption\":\"Abrigo Esp\u00edrita Oscar Jos\u00e9 Pithan\"},\"image\":{\"@id\":\"https:\\\/\\\/abrigoespiritaoscarpithan.com.br\\\/#\\\/schema\\\/logo\\\/image\\\/\"},\"sameAs\":[\"https:\\\/\\\/www.facebook.com\\\/abrigopithan\\\/\",\"https:\\\/\\\/www.instagram.com\\\/oscarpithan\\\/\",\"https:\\\/\\\/www.youtube.com\\\/abrigoespiritaoscarjosepithansantamaria\"]}]}<\/script>\n<!-- \/ Yoast SEO plugin. -->","yoast_head_json":{"title":"ATIVIDADES - Abrigo Esp\u00edrita Oscar Jos\u00e9 Pithan","description":"O Abrigo Esp\u00edrita Oscar Jos\u00e9 Pithan \u00e9 um centro esp\u00edrita e um asilo de idosos, localizado em Santa Maria, Rio Grande do Sul. Est\u00e1 em atividade desde 1949. Como sociedade esp\u00edrita, oferece palestras, passes, atendimento fraterno, evangeliza\u00e7\u00e3o infanto-juvenil e grupos de estudos da doutrina esp\u00edrita, codificada por Allan Kardec.","robots":{"index":"index","follow":"follow","max-snippet":"max-snippet:-1","max-image-preview":"max-image-preview:large","max-video-preview":"max-video-preview:-1"},"canonical":"https:\/\/abrigoespiritaoscarpithan.com.br\/?page_id=26","og_locale":"pt_BR","og_type":"article","og_title":"ATIVIDADES - Abrigo Esp\u00edrita Oscar Jos\u00e9 Pithan","og_description":"O Abrigo Esp\u00edrita Oscar Jos\u00e9 Pithan \u00e9 um centro esp\u00edrita e um asilo de idosos, localizado em Santa Maria, Rio Grande do Sul. Est\u00e1 em atividade desde 1949. Como sociedade esp\u00edrita, oferece palestras, passes, atendimento fraterno, evangeliza\u00e7\u00e3o infanto-juvenil e grupos de estudos da doutrina esp\u00edrita, codificada por Allan Kardec.","og_url":"https:\/\/abrigoespiritaoscarpithan.com.br\/?page_id=26","og_site_name":"Abrigo Esp\u00edrita Oscar Jos\u00e9 Pithan","article_publisher":"https:\/\/www.facebook.com\/abrigopithan\/","article_modified_time":"2023-11-12T20:13:02+00:00","og_image":[{"url":"http:\/\/abrigoespiritaoscarpithan.com.br\/wp-content\/uploads\/2023\/11\/1-1-300x300.png","type":"","width":"","height":""}],"twitter_card":"summary_large_image","twitter_misc":{"Est. tempo de leitura":"1 minuto"},"schema":{"@context":"https:\/\/schema.org","@graph":[{"@type":"WebPage","@id":"https:\/\/abrigoespiritaoscarpithan.com.br\/?page_id=26","url":"https:\/\/abrigoespiritaoscarpithan.com.br\/?page_id=26","name":"ATIVIDADES - Abrigo Esp\u00edrita Oscar Jos\u00e9 Pithan","isPartOf":{"@id":"https:\/\/abrigoespiritaoscarpithan.com.br\/#website"},"datePublished":"2015-11-17T00:36:10+00:00","dateModified":"2023-11-12T20:13:02+00:00","description":"O Abrigo Esp\u00edrita Oscar Jos\u00e9 Pithan \u00e9 um centro esp\u00edrita e um asilo de idosos, localizado em Santa Maria, Rio Grande do Sul. Est\u00e1 em atividade desde 1949. Como sociedade esp\u00edrita, oferece palestras, passes, atendimento fraterno, evangeliza\u00e7\u00e3o infanto-juvenil e grupos de estudos da doutrina esp\u00edrita, codificada por Allan Kardec.","breadcrumb":{"@id":"https:\/\/abrigoespiritaoscarpithan.com.br\/?page_id=26#breadcrumb"},"inLanguage":"pt-BR","potentialAction":[{"@type":"ReadAction","target":["https:\/\/abrigoespiritaoscarpithan.com.br\/?page_id=26"]}]},{"@type":"BreadcrumbList","@id":"https:\/\/abrigoespiritaoscarpithan.com.br\/?page_id=26#breadcrumb","itemListElement":[{"@type":"ListItem","position":1,"name":"In\u00edcio","item":"https:\/\/abrigoespiritaoscarpithan.com.br\/"},{"@type":"ListItem","position":2,"name":"ATIVIDADES"}]},{"@type":"WebSite","@id":"https:\/\/abrigoespiritaoscarpithan.com.br\/#website","url":"https:\/\/abrigoespiritaoscarpithan.com.br\/","name":"Abrigo Esp\u00edrita Oscar Jos\u00e9 Pithan","description":"","publisher":{"@id":"https:\/\/abrigoespiritaoscarpithan.com.br\/#organization"},"potentialAction":[{"@type":"SearchAction","target":{"@type":"EntryPoint","urlTemplate":"https:\/\/abrigoespiritaoscarpithan.com.br\/?s={search_term_string}"},"query-input":{"@type":"PropertyValueSpecification","valueRequired":true,"valueName":"search_term_string"}}],"inLanguage":"pt-BR"},{"@type":"Organization","@id":"https:\/\/abrigoespiritaoscarpithan.com.br\/#organization","name":"Abrigo Esp\u00edrita Oscar Jos\u00e9 Pithan","url":"https:\/\/abrigoespiritaoscarpithan.com.br\/","logo":{"@type":"ImageObject","inLanguage":"pt-BR","@id":"https:\/\/abrigoespiritaoscarpithan.com.br\/#\/schema\/logo\/image\/","url":"http:\/\/abrigoespiritaoscarpithan.com.br\/wp-content\/uploads\/2019\/09\/logo-abrigo.png","contentUrl":"http:\/\/abrigoespiritaoscarpithan.com.br\/wp-content\/uploads\/2019\/09\/logo-abrigo.png","width":2915,"height":1812,"caption":"Abrigo Esp\u00edrita Oscar Jos\u00e9 Pithan"},"image":{"@id":"https:\/\/abrigoespiritaoscarpithan.com.br\/#\/schema\/logo\/image\/"},"sameAs":["https:\/\/www.facebook.com\/abrigopithan\/","https:\/\/www.instagram.com\/oscarpithan\/","https:\/\/www.youtube.com\/abrigoespiritaoscarjosepithansantamaria"]}]}},"_links":{"self":[{"href":"https:\/\/abrigoespiritaoscarpithan.com.br\/index.php?rest_route=\/wp\/v2\/pages\/26","targetHints":{"allow":["GET"]}}],"collection":[{"href":"https:\/\/abrigoespiritaoscarpithan.com.br\/index.php?rest_route=\/wp\/v2\/pages"}],"about":[{"href":"https:\/\/abrigoespiritaoscarpithan.com.br\/index.php?rest_route=\/wp\/v2\/types\/page"}],"author":[{"embeddable":true,"href":"https:\/\/abrigoespiritaoscarpithan.com.br\/index.php?rest_route=\/wp\/v2\/users\/1"}],"replies":[{"embeddable":true,"href":"https:\/\/abrigoespiritaoscarpithan.com.br\/index.php?rest_route=%2Fwp%2Fv2%2Fcomments&post=26"}],"version-history":[{"count":15,"href":"https:\/\/abrigoespiritaoscarpithan.com.br\/index.php?rest_route=\/wp\/v2\/pages\/26\/revisions"}],"predecessor-version":[{"id":4298,"href":"https:\/\/abrigoespiritaoscarpithan.com.br\/index.php?rest_route=\/wp\/v2\/pages\/26\/revisions\/4298"}],"wp:attachment":[{"href":"https:\/\/abrigoespiritaoscarpithan.com.br\/index.php?rest_route=%2Fwp%2Fv2%2Fmedia&parent=26"}],"curies":[{"name":"wp","href":"https:\/\/api.w.org\/{rel}","templated":true}]}}