{"id":2019,"date":"2019-12-31T13:52:04","date_gmt":"2019-12-31T13:52:04","guid":{"rendered":"http:\/\/abrigoespiritaoscarpithan.com.br\/?page_id=2019"},"modified":"2026-04-05T21:01:51","modified_gmt":"2026-04-05T21:01:51","slug":"doutrinarias-2","status":"publish","type":"page","link":"https:\/\/abrigoespiritaoscarpithan.com.br\/?page_id=2019","title":{"rendered":"Escalas e temas de doutrin\u00e1rias"},"content":{"rendered":"<p>As <a href=\"http:\/\/abrigoespiritaoscarpithan.com.br\/?page_id=290\">exposi\u00e7\u00f5es p\u00fablicas doutrin\u00e1rias<\/a> ocorrem aos domingos (9h), \u00e0s ter\u00e7as-feiras (15h15) e \u00e0s quintas-feiras (20h). Nestes hor\u00e1rios, s\u00e3o oferecidos tamb\u00e9m a aplica\u00e7\u00e3o de passes e o <a href=\"http:\/\/abrigoespiritaoscarpithan.com.br\/?page_id=292\">atendimento fraterno<\/a>.<\/p>\n<p>Todas as atividades s\u00e3o gratuitas.<\/p>\n<p>As exposi\u00e7\u00f5es doutrin\u00e1rias de domingo est\u00e3o sendo transmitidas ao vivo em nosso <a href=\"https:\/\/www.youtube.com\/abrigoespiritaoscarjosepithansantamaria\">canal do Youtube<\/a>.<\/p>\n<p>Confira abaixo os temas e expositores das doutrin\u00e1rias deste m\u00eas. (expositor e tema est\u00e3o sujeitos a altera\u00e7\u00f5es)<\/p>\n<p>&nbsp;<\/p>\n<div id='gallery-1' class='gallery galleryid-2019 gallery-columns-3 gallery-size-medium'><figure class='gallery-item'>\n\t\t\t<div class='gallery-icon portrait'>\n\t\t\t\t<a href='https:\/\/abrigoespiritaoscarpithan.com.br\/wp-content\/uploads\/2026\/04\/1-1.png'><img fetchpriority=\"high\" decoding=\"async\" width=\"240\" height=\"300\" src=\"https:\/\/abrigoespiritaoscarpithan.com.br\/wp-content\/uploads\/2026\/04\/1-1-240x300.png\" class=\"attachment-medium size-medium\" alt=\"\" srcset=\"https:\/\/abrigoespiritaoscarpithan.com.br\/wp-content\/uploads\/2026\/04\/1-1-240x300.png 240w, https:\/\/abrigoespiritaoscarpithan.com.br\/wp-content\/uploads\/2026\/04\/1-1-819x1024.png 819w, https:\/\/abrigoespiritaoscarpithan.com.br\/wp-content\/uploads\/2026\/04\/1-1-768x960.png 768w, https:\/\/abrigoespiritaoscarpithan.com.br\/wp-content\/uploads\/2026\/04\/1-1.png 1080w\" sizes=\"(max-width: 240px) 100vw, 240px\" \/><\/a>\n\t\t\t<\/div><\/figure><figure class='gallery-item'>\n\t\t\t<div class='gallery-icon portrait'>\n\t\t\t\t<a href='https:\/\/abrigoespiritaoscarpithan.com.br\/wp-content\/uploads\/2026\/04\/2-1.png'><img decoding=\"async\" width=\"240\" height=\"300\" src=\"https:\/\/abrigoespiritaoscarpithan.com.br\/wp-content\/uploads\/2026\/04\/2-1-240x300.png\" class=\"attachment-medium size-medium\" alt=\"\" srcset=\"https:\/\/abrigoespiritaoscarpithan.com.br\/wp-content\/uploads\/2026\/04\/2-1-240x300.png 240w, https:\/\/abrigoespiritaoscarpithan.com.br\/wp-content\/uploads\/2026\/04\/2-1-819x1024.png 819w, https:\/\/abrigoespiritaoscarpithan.com.br\/wp-content\/uploads\/2026\/04\/2-1-768x960.png 768w, https:\/\/abrigoespiritaoscarpithan.com.br\/wp-content\/uploads\/2026\/04\/2-1.png 1080w\" sizes=\"(max-width: 240px) 100vw, 240px\" \/><\/a>\n\t\t\t<\/div><\/figure><figure class='gallery-item'>\n\t\t\t<div class='gallery-icon portrait'>\n\t\t\t\t<a href='https:\/\/abrigoespiritaoscarpithan.com.br\/wp-content\/uploads\/2026\/04\/3-1.png'><img decoding=\"async\" width=\"240\" height=\"300\" src=\"https:\/\/abrigoespiritaoscarpithan.com.br\/wp-content\/uploads\/2026\/04\/3-1-240x300.png\" class=\"attachment-medium size-medium\" alt=\"\" srcset=\"https:\/\/abrigoespiritaoscarpithan.com.br\/wp-content\/uploads\/2026\/04\/3-1-240x300.png 240w, https:\/\/abrigoespiritaoscarpithan.com.br\/wp-content\/uploads\/2026\/04\/3-1-819x1024.png 819w, https:\/\/abrigoespiritaoscarpithan.com.br\/wp-content\/uploads\/2026\/04\/3-1-768x960.png 768w, https:\/\/abrigoespiritaoscarpithan.com.br\/wp-content\/uploads\/2026\/04\/3-1.png 1080w\" sizes=\"(max-width: 240px) 100vw, 240px\" \/><\/a>\n\t\t\t<\/div><\/figure><figure class='gallery-item'>\n\t\t\t<div class='gallery-icon portrait'>\n\t\t\t\t<a href='https:\/\/abrigoespiritaoscarpithan.com.br\/wp-content\/uploads\/2026\/04\/4-1.png'><img loading=\"lazy\" decoding=\"async\" width=\"240\" height=\"300\" src=\"https:\/\/abrigoespiritaoscarpithan.com.br\/wp-content\/uploads\/2026\/04\/4-1-240x300.png\" class=\"attachment-medium size-medium\" alt=\"\" srcset=\"https:\/\/abrigoespiritaoscarpithan.com.br\/wp-content\/uploads\/2026\/04\/4-1-240x300.png 240w, https:\/\/abrigoespiritaoscarpithan.com.br\/wp-content\/uploads\/2026\/04\/4-1-819x1024.png 819w, https:\/\/abrigoespiritaoscarpithan.com.br\/wp-content\/uploads\/2026\/04\/4-1-768x960.png 768w, https:\/\/abrigoespiritaoscarpithan.com.br\/wp-content\/uploads\/2026\/04\/4-1.png 1080w\" sizes=\"(max-width: 240px) 100vw, 240px\" \/><\/a>\n\t\t\t<\/div><\/figure>\n\t\t<\/div>\n\n<p>&nbsp;<\/p>\n<p>Confira tamb\u00e9m a escala completa deste e de outros meses:<\/p>\n<ul>\n<li><a href=\"http:\/\/abrigoespiritaoscarpithan.com.br\/wp-content\/uploads\/2026\/04\/04.-Escala-de-Expositores-abril-2026.pdf\">Escala de Expositores &#8211; abril 2026<\/a> (atualizada em 30\/03\/26)<\/li>\n<li><a href=\"http:\/\/abrigoespiritaoscarpithan.com.br\/wp-content\/uploads\/2026\/04\/05.-Escala-de-Expositores-maio-2026.pdf\">Escala de Expositores &#8211; maio 2026<\/a> (publicada em 05\/04\/26)<\/li>\n<li><a href=\"http:\/\/abrigoespiritaoscarpithan.com.br\/wp-content\/uploads\/2026\/01\/Escala-semestral-de-palestras-2026-1.pdf\">Escala semestral de palestras 2026\/1<\/a> (publicada em 02\/01\/26)<\/li>\n<li><a href=\"http:\/\/abrigoespiritaoscarpithan.com.br\/wp-content\/uploads\/2026\/02\/Escala-fixa-de-dirigentes-2026.pdf\">Escala fixa de dirigentes 2026<\/a> (atualizada em 06\/02\/26 &#8211; podem ocorrer pequenas altera\u00e7\u00f5es em cada m\u00eas)<\/li>\n<\/ul>\n<p>Os temas das doutrin\u00e1rias tamb\u00e9m s\u00e3o divulgados em nossas p\u00e1ginas do <a href=\"https:\/\/www.facebook.com\/abrigopithan\/\">Facebook<\/a> e <a href=\"https:\/\/www.instagram.com\/oscarpithan\/\">Instagram<\/a>.<\/p>\n<p>&nbsp;<\/p>\n","protected":false},"excerpt":{"rendered":"<p>As exposi\u00e7\u00f5es p\u00fablicas doutrin\u00e1rias ocorrem aos domingos (9h), \u00e0s ter\u00e7as-feiras (15h15) e \u00e0s quintas-feiras (20h). Nestes hor\u00e1rios, s\u00e3o oferecidos tamb\u00e9m a aplica\u00e7\u00e3o de passes e o atendimento fraterno. Todas as atividades s\u00e3o gratuitas. As exposi\u00e7\u00f5es doutrin\u00e1rias de domingo est\u00e3o sendo<\/p>\n","protected":false},"author":1,"featured_media":0,"parent":0,"menu_order":0,"comment_status":"closed","ping_status":"closed","template":"","meta":{"footnotes":""},"class_list":["post-2019","page","type-page","status-publish","hentry"],"yoast_head":"<!-- This site is optimized with the Yoast SEO plugin v27.4 - https:\/\/yoast.com\/product\/yoast-seo-wordpress\/ -->\n<title>Escalas e temas de doutrin\u00e1rias - Abrigo Esp\u00edrita Oscar Jos\u00e9 Pithan<\/title>\n<meta name=\"description\" content=\"O Abrigo Esp\u00edrita Oscar Jos\u00e9 Pithan \u00e9 um centro esp\u00edrita e um asilo de idosos, localizado em Santa Maria, Rio Grande do Sul. Est\u00e1 em atividade desde 1949. Como sociedade esp\u00edrita, oferece palestras, passes, atendimento fraterno, evangeliza\u00e7\u00e3o infanto-juvenil e grupos de estudos da doutrina esp\u00edrita, codificada por Allan Kardec.\" \/>\n<meta name=\"robots\" content=\"index, follow, max-snippet:-1, max-image-preview:large, max-video-preview:-1\" \/>\n<link rel=\"canonical\" href=\"https:\/\/abrigoespiritaoscarpithan.com.br\/?page_id=2019\" \/>\n<meta property=\"og:locale\" content=\"pt_BR\" \/>\n<meta property=\"og:type\" content=\"article\" \/>\n<meta property=\"og:title\" content=\"Escalas e temas de doutrin\u00e1rias - Abrigo Esp\u00edrita Oscar Jos\u00e9 Pithan\" \/>\n<meta property=\"og:description\" content=\"O Abrigo Esp\u00edrita Oscar Jos\u00e9 Pithan \u00e9 um centro esp\u00edrita e um asilo de idosos, localizado em Santa Maria, Rio Grande do Sul. Est\u00e1 em atividade desde 1949. Como sociedade esp\u00edrita, oferece palestras, passes, atendimento fraterno, evangeliza\u00e7\u00e3o infanto-juvenil e grupos de estudos da doutrina esp\u00edrita, codificada por Allan Kardec.\" \/>\n<meta property=\"og:url\" content=\"https:\/\/abrigoespiritaoscarpithan.com.br\/?page_id=2019\" \/>\n<meta property=\"og:site_name\" content=\"Abrigo Esp\u00edrita Oscar Jos\u00e9 Pithan\" \/>\n<meta property=\"article:publisher\" content=\"https:\/\/www.facebook.com\/abrigopithan\/\" \/>\n<meta property=\"article:modified_time\" content=\"2026-04-05T21:01:51+00:00\" \/>\n<meta property=\"og:image\" content=\"http:\/\/abrigoespiritaoscarpithan.com.br\/wp-content\/uploads\/2026\/04\/1-1-240x300.png\" \/>\n<meta name=\"twitter:card\" content=\"summary_large_image\" \/>\n<meta name=\"twitter:label1\" content=\"Est. tempo de leitura\" \/>\n\t<meta name=\"twitter:data1\" content=\"1 minuto\" \/>\n<script type=\"application\/ld+json\" class=\"yoast-schema-graph\">{\"@context\":\"https:\\\/\\\/schema.org\",\"@graph\":[{\"@type\":\"WebPage\",\"@id\":\"https:\\\/\\\/abrigoespiritaoscarpithan.com.br\\\/?page_id=2019\",\"url\":\"https:\\\/\\\/abrigoespiritaoscarpithan.com.br\\\/?page_id=2019\",\"name\":\"Escalas e temas de doutrin\u00e1rias - Abrigo Esp\u00edrita Oscar Jos\u00e9 Pithan\",\"isPartOf\":{\"@id\":\"https:\\\/\\\/abrigoespiritaoscarpithan.com.br\\\/#website\"},\"datePublished\":\"2019-12-31T13:52:04+00:00\",\"dateModified\":\"2026-04-05T21:01:51+00:00\",\"description\":\"O Abrigo Esp\u00edrita Oscar Jos\u00e9 Pithan \u00e9 um centro esp\u00edrita e um asilo de idosos, localizado em Santa Maria, Rio Grande do Sul. Est\u00e1 em atividade desde 1949. Como sociedade esp\u00edrita, oferece palestras, passes, atendimento fraterno, evangeliza\u00e7\u00e3o infanto-juvenil e grupos de estudos da doutrina esp\u00edrita, codificada por Allan Kardec.\",\"breadcrumb\":{\"@id\":\"https:\\\/\\\/abrigoespiritaoscarpithan.com.br\\\/?page_id=2019#breadcrumb\"},\"inLanguage\":\"pt-BR\",\"potentialAction\":[{\"@type\":\"ReadAction\",\"target\":[\"https:\\\/\\\/abrigoespiritaoscarpithan.com.br\\\/?page_id=2019\"]}]},{\"@type\":\"BreadcrumbList\",\"@id\":\"https:\\\/\\\/abrigoespiritaoscarpithan.com.br\\\/?page_id=2019#breadcrumb\",\"itemListElement\":[{\"@type\":\"ListItem\",\"position\":1,\"name\":\"In\u00edcio\",\"item\":\"https:\\\/\\\/abrigoespiritaoscarpithan.com.br\\\/\"},{\"@type\":\"ListItem\",\"position\":2,\"name\":\"Escalas e temas de doutrin\u00e1rias\"}]},{\"@type\":\"WebSite\",\"@id\":\"https:\\\/\\\/abrigoespiritaoscarpithan.com.br\\\/#website\",\"url\":\"https:\\\/\\\/abrigoespiritaoscarpithan.com.br\\\/\",\"name\":\"Abrigo Esp\u00edrita Oscar Jos\u00e9 Pithan\",\"description\":\"\",\"publisher\":{\"@id\":\"https:\\\/\\\/abrigoespiritaoscarpithan.com.br\\\/#organization\"},\"potentialAction\":[{\"@type\":\"SearchAction\",\"target\":{\"@type\":\"EntryPoint\",\"urlTemplate\":\"https:\\\/\\\/abrigoespiritaoscarpithan.com.br\\\/?s={search_term_string}\"},\"query-input\":{\"@type\":\"PropertyValueSpecification\",\"valueRequired\":true,\"valueName\":\"search_term_string\"}}],\"inLanguage\":\"pt-BR\"},{\"@type\":\"Organization\",\"@id\":\"https:\\\/\\\/abrigoespiritaoscarpithan.com.br\\\/#organization\",\"name\":\"Abrigo Esp\u00edrita Oscar Jos\u00e9 Pithan\",\"url\":\"https:\\\/\\\/abrigoespiritaoscarpithan.com.br\\\/\",\"logo\":{\"@type\":\"ImageObject\",\"inLanguage\":\"pt-BR\",\"@id\":\"https:\\\/\\\/abrigoespiritaoscarpithan.com.br\\\/#\\\/schema\\\/logo\\\/image\\\/\",\"url\":\"http:\\\/\\\/abrigoespiritaoscarpithan.com.br\\\/wp-content\\\/uploads\\\/2019\\\/09\\\/logo-abrigo.png\",\"contentUrl\":\"http:\\\/\\\/abrigoespiritaoscarpithan.com.br\\\/wp-content\\\/uploads\\\/2019\\\/09\\\/logo-abrigo.png\",\"width\":2915,\"height\":1812,\"caption\":\"Abrigo Esp\u00edrita Oscar Jos\u00e9 Pithan\"},\"image\":{\"@id\":\"https:\\\/\\\/abrigoespiritaoscarpithan.com.br\\\/#\\\/schema\\\/logo\\\/image\\\/\"},\"sameAs\":[\"https:\\\/\\\/www.facebook.com\\\/abrigopithan\\\/\",\"https:\\\/\\\/www.instagram.com\\\/oscarpithan\\\/\",\"https:\\\/\\\/www.youtube.com\\\/abrigoespiritaoscarjosepithansantamaria\"]}]}<\/script>\n<!-- \/ Yoast SEO plugin. -->","yoast_head_json":{"title":"Escalas e temas de doutrin\u00e1rias - Abrigo Esp\u00edrita Oscar Jos\u00e9 Pithan","description":"O Abrigo Esp\u00edrita Oscar Jos\u00e9 Pithan \u00e9 um centro esp\u00edrita e um asilo de idosos, localizado em Santa Maria, Rio Grande do Sul. Est\u00e1 em atividade desde 1949. Como sociedade esp\u00edrita, oferece palestras, passes, atendimento fraterno, evangeliza\u00e7\u00e3o infanto-juvenil e grupos de estudos da doutrina esp\u00edrita, codificada por Allan Kardec.","robots":{"index":"index","follow":"follow","max-snippet":"max-snippet:-1","max-image-preview":"max-image-preview:large","max-video-preview":"max-video-preview:-1"},"canonical":"https:\/\/abrigoespiritaoscarpithan.com.br\/?page_id=2019","og_locale":"pt_BR","og_type":"article","og_title":"Escalas e temas de doutrin\u00e1rias - Abrigo Esp\u00edrita Oscar Jos\u00e9 Pithan","og_description":"O Abrigo Esp\u00edrita Oscar Jos\u00e9 Pithan \u00e9 um centro esp\u00edrita e um asilo de idosos, localizado em Santa Maria, Rio Grande do Sul. Est\u00e1 em atividade desde 1949. Como sociedade esp\u00edrita, oferece palestras, passes, atendimento fraterno, evangeliza\u00e7\u00e3o infanto-juvenil e grupos de estudos da doutrina esp\u00edrita, codificada por Allan Kardec.","og_url":"https:\/\/abrigoespiritaoscarpithan.com.br\/?page_id=2019","og_site_name":"Abrigo Esp\u00edrita Oscar Jos\u00e9 Pithan","article_publisher":"https:\/\/www.facebook.com\/abrigopithan\/","article_modified_time":"2026-04-05T21:01:51+00:00","og_image":[{"url":"http:\/\/abrigoespiritaoscarpithan.com.br\/wp-content\/uploads\/2026\/04\/1-1-240x300.png","type":"","width":"","height":""}],"twitter_card":"summary_large_image","twitter_misc":{"Est. tempo de leitura":"1 minuto"},"schema":{"@context":"https:\/\/schema.org","@graph":[{"@type":"WebPage","@id":"https:\/\/abrigoespiritaoscarpithan.com.br\/?page_id=2019","url":"https:\/\/abrigoespiritaoscarpithan.com.br\/?page_id=2019","name":"Escalas e temas de doutrin\u00e1rias - Abrigo Esp\u00edrita Oscar Jos\u00e9 Pithan","isPartOf":{"@id":"https:\/\/abrigoespiritaoscarpithan.com.br\/#website"},"datePublished":"2019-12-31T13:52:04+00:00","dateModified":"2026-04-05T21:01:51+00:00","description":"O Abrigo Esp\u00edrita Oscar Jos\u00e9 Pithan \u00e9 um centro esp\u00edrita e um asilo de idosos, localizado em Santa Maria, Rio Grande do Sul. Est\u00e1 em atividade desde 1949. Como sociedade esp\u00edrita, oferece palestras, passes, atendimento fraterno, evangeliza\u00e7\u00e3o infanto-juvenil e grupos de estudos da doutrina esp\u00edrita, codificada por Allan Kardec.","breadcrumb":{"@id":"https:\/\/abrigoespiritaoscarpithan.com.br\/?page_id=2019#breadcrumb"},"inLanguage":"pt-BR","potentialAction":[{"@type":"ReadAction","target":["https:\/\/abrigoespiritaoscarpithan.com.br\/?page_id=2019"]}]},{"@type":"BreadcrumbList","@id":"https:\/\/abrigoespiritaoscarpithan.com.br\/?page_id=2019#breadcrumb","itemListElement":[{"@type":"ListItem","position":1,"name":"In\u00edcio","item":"https:\/\/abrigoespiritaoscarpithan.com.br\/"},{"@type":"ListItem","position":2,"name":"Escalas e temas de doutrin\u00e1rias"}]},{"@type":"WebSite","@id":"https:\/\/abrigoespiritaoscarpithan.com.br\/#website","url":"https:\/\/abrigoespiritaoscarpithan.com.br\/","name":"Abrigo Esp\u00edrita Oscar Jos\u00e9 Pithan","description":"","publisher":{"@id":"https:\/\/abrigoespiritaoscarpithan.com.br\/#organization"},"potentialAction":[{"@type":"SearchAction","target":{"@type":"EntryPoint","urlTemplate":"https:\/\/abrigoespiritaoscarpithan.com.br\/?s={search_term_string}"},"query-input":{"@type":"PropertyValueSpecification","valueRequired":true,"valueName":"search_term_string"}}],"inLanguage":"pt-BR"},{"@type":"Organization","@id":"https:\/\/abrigoespiritaoscarpithan.com.br\/#organization","name":"Abrigo Esp\u00edrita Oscar Jos\u00e9 Pithan","url":"https:\/\/abrigoespiritaoscarpithan.com.br\/","logo":{"@type":"ImageObject","inLanguage":"pt-BR","@id":"https:\/\/abrigoespiritaoscarpithan.com.br\/#\/schema\/logo\/image\/","url":"http:\/\/abrigoespiritaoscarpithan.com.br\/wp-content\/uploads\/2019\/09\/logo-abrigo.png","contentUrl":"http:\/\/abrigoespiritaoscarpithan.com.br\/wp-content\/uploads\/2019\/09\/logo-abrigo.png","width":2915,"height":1812,"caption":"Abrigo Esp\u00edrita Oscar Jos\u00e9 Pithan"},"image":{"@id":"https:\/\/abrigoespiritaoscarpithan.com.br\/#\/schema\/logo\/image\/"},"sameAs":["https:\/\/www.facebook.com\/abrigopithan\/","https:\/\/www.instagram.com\/oscarpithan\/","https:\/\/www.youtube.com\/abrigoespiritaoscarjosepithansantamaria"]}]}},"_links":{"self":[{"href":"https:\/\/abrigoespiritaoscarpithan.com.br\/index.php?rest_route=\/wp\/v2\/pages\/2019","targetHints":{"allow":["GET"]}}],"collection":[{"href":"https:\/\/abrigoespiritaoscarpithan.com.br\/index.php?rest_route=\/wp\/v2\/pages"}],"about":[{"href":"https:\/\/abrigoespiritaoscarpithan.com.br\/index.php?rest_route=\/wp\/v2\/types\/page"}],"author":[{"embeddable":true,"href":"https:\/\/abrigoespiritaoscarpithan.com.br\/index.php?rest_route=\/wp\/v2\/users\/1"}],"replies":[{"embeddable":true,"href":"https:\/\/abrigoespiritaoscarpithan.com.br\/index.php?rest_route=%2Fwp%2Fv2%2Fcomments&post=2019"}],"version-history":[{"count":152,"href":"https:\/\/abrigoespiritaoscarpithan.com.br\/index.php?rest_route=\/wp\/v2\/pages\/2019\/revisions"}],"predecessor-version":[{"id":4873,"href":"https:\/\/abrigoespiritaoscarpithan.com.br\/index.php?rest_route=\/wp\/v2\/pages\/2019\/revisions\/4873"}],"wp:attachment":[{"href":"https:\/\/abrigoespiritaoscarpithan.com.br\/index.php?rest_route=%2Fwp%2Fv2%2Fmedia&parent=2019"}],"curies":[{"name":"wp","href":"https:\/\/api.w.org\/{rel}","templated":true}]}}