{"id":192,"date":"2016-01-10T19:36:35","date_gmt":"2016-01-10T19:36:35","guid":{"rendered":"http:\/\/lapida.com.br\/sites\/pithan\/?page_id=192"},"modified":"2019-12-31T14:11:58","modified_gmt":"2019-12-31T14:11:58","slug":"conheca-o-abrigo","status":"publish","type":"page","link":"https:\/\/abrigoespiritaoscarpithan.com.br\/?page_id=192","title":{"rendered":"CONHE\u00c7A O ABRIGO"},"content":{"rendered":"<p>O Abrigo Esp\u00edrita Oscar Jos\u00e9 Pithan \u00e9 uma entidade sem fins lucrativos, fundada em 28 de agosto de 1949 por um grupo de esp\u00edritas, liderados por Benjamin Carvalho Coelho. \u00c9 ao mesmo tempo uma Entidade Assistencial e uma Sociedade Esp\u00edrita.<\/p>\n<h3>O Abrigo como Entidade Assistencial:<\/h3>\n<blockquote>\n<p style=\"text-align: left;\"><em>\u201c\u00d3 Mestre, fazei que eu procure mais consolar, que ser consolado; <\/em><em>compreender, que ser compreendido; <\/em><em>amar, que ser amado.\u201d<br \/>\n<\/em><em>Francisco de Assis<\/em><\/p>\n<\/blockquote>\n<p>Nossa Entidade tem a finalidade de oferecer assist\u00eancia integral a idosos carentes e\/ou em estado de abandono social. Isso \u00e9 feito ininterruptamente desde a sua funda\u00e7\u00e3o, no ano de 1949, e com uma capacidade atual para atender cerca de 35 pessoas nessas condi\u00e7\u00f5es.<\/p>\n<p>Atualmente, o Abrigo Oscar Pithan atende com dedica\u00e7\u00e3o uma quantidade aproximada de 35 idosos de ambos os sexos, que aqui vivem em regime de internato. Estes s\u00e3o assistidos nas suas necessidades de alimenta\u00e7\u00e3o, higiene, vestu\u00e1rio, acomoda\u00e7\u00e3o, lazer e sa\u00fade, tanto f\u00edsica quanto espiritual, sendo atendidos de forma crist\u00e3 at\u00e9 o fim de suas jornadas terrenas..<\/p>\n<p>Nossa entidade disp\u00f5e atualmente de aproximadamente 14\u00a0funcion\u00e1rios\u00a0que se dedicam nas atividades de manuten\u00e7\u00e3o da Casa e cuidados aos idosos. Al\u00e9m disso, o Abrigo conta com o apoio de v\u00e1rios volunt\u00e1rios, que auxiliam com abnega\u00e7\u00e3o nos mais diversos setores.<\/p>\n<p>Para cumprir com nossos objetivos, contamos com o inestim\u00e1vel apoio de diversos segmentos sociais. A solidariedade para com esta Casa tem sido ampla e irrestrita, sem fronteiras geogr\u00e1ficas ou de convic\u00e7\u00f5es religiosas. Por esta raz\u00e3o deixamos aqui o nosso agradecimento a tantos quantos nos t\u00eam ajudado na manuten\u00e7\u00e3o desta obra.<\/p>\n<h3>O Abrigo como Sociedade Esp\u00edrita<\/h3>\n<blockquote>\n<p style=\"text-align: left;\"><em>\u201cEu sou o p\u00e3o da vida. Quem vem a mim n\u00e3o ter\u00e1 fome, e quem cr\u00ea em mim n\u00e3o ter\u00e1 sede jamais.\u201d<br \/>\n<\/em><em>Jesus (Jo\u00e3o 6:35)<\/em><\/p>\n<\/blockquote>\n<p>A finalidade do Abrigo, como Sociedade Esp\u00edrita, \u00e9 divulgar as verdades crist\u00e3s \u2013 o Evangelho de Jesus \u2013 sob o prisma da vis\u00e3o que o Espiritismo nos oferece. Isto \u00e9 feito principalmente atrav\u00e9s das exposi\u00e7\u00f5es doutrin\u00e1rias, dos grupos de estudo sistematizado e da evangeliza\u00e7\u00e3o infanto-juvenil.<\/p>\n<p>Outro objetivo desta Casa Esp\u00edrita \u00e9 amparar e auxiliar toda e qualquer pessoa que nos procure em busca de apoio. Este aux\u00edlio \u00e9 prestado atrav\u00e9s do Atendimento Fraterno, dos Passes e do Apoio Vibrat\u00f3rio.<\/p>\n<p>O Abrigo Oscar Pithan \u00e9 filiado \u00e0 Federa\u00e7\u00e3o Esp\u00edrita do Rio Grande do Sul, se comprometendo com a fidelidade doutrin\u00e1ria \u00e0 Codifica\u00e7\u00e3o de Allan Kardec: O Livro dos Esp\u00edritos, O Evangelho Segundo o Espiritismo, O Livro dos M\u00e9diuns, A G\u00eanese e O C\u00e9u e o Inferno.<\/p>\n<p>Ressaltamos a import\u00e2ncia da m\u00e1xima esp\u00edrita: \u201cFora da caridade n\u00e3o h\u00e1 salva\u00e7\u00e3o\u201d. Esta destaca que o exerc\u00edcio do amor ao pr\u00f3ximo \u00e9 de fato mais importante que a denomina\u00e7\u00e3o religiosa que cada um segue.<\/p>\n<h3>Oscar Jos\u00e9 Pithan<\/h3>\n<p>Saiba mais sobre este abnegado trabalhador clicando <a href=\"http:\/\/abrigoespiritaoscarpithan.com.br\/?page_id=1903\">aqui<\/a>.<\/p>\n","protected":false},"excerpt":{"rendered":"<p>O Abrigo Esp\u00edrita Oscar Jos\u00e9 Pithan \u00e9 uma entidade sem fins lucrativos, fundada em 28 de agosto de 1949 por um grupo de esp\u00edritas, liderados por Benjamin Carvalho Coelho. \u00c9 ao mesmo tempo uma Entidade Assistencial e uma Sociedade Esp\u00edrita.<\/p>\n","protected":false},"author":1,"featured_media":0,"parent":22,"menu_order":0,"comment_status":"closed","ping_status":"closed","template":"","meta":{"footnotes":""},"class_list":["post-192","page","type-page","status-publish","hentry"],"yoast_head":"<!-- This site is optimized with the Yoast SEO plugin v27.3 - https:\/\/yoast.com\/product\/yoast-seo-wordpress\/ -->\n<title>CONHE\u00c7A O ABRIGO - Abrigo Esp\u00edrita Oscar Jos\u00e9 Pithan<\/title>\n<meta name=\"description\" content=\"O Abrigo Esp\u00edrita Oscar Jos\u00e9 Pithan \u00e9 um centro esp\u00edrita e um asilo de idosos, localizado em Santa Maria, Rio Grande do Sul. Est\u00e1 em atividade desde 1949. Como sociedade esp\u00edrita, oferece palestras, passes, atendimento fraterno, evangeliza\u00e7\u00e3o infanto-juvenil e grupos de estudos da doutrina esp\u00edrita, codificada por Allan Kardec.\" \/>\n<meta name=\"robots\" content=\"index, follow, max-snippet:-1, max-image-preview:large, max-video-preview:-1\" \/>\n<link rel=\"canonical\" href=\"https:\/\/abrigoespiritaoscarpithan.com.br\/?page_id=192\" \/>\n<meta property=\"og:locale\" content=\"pt_BR\" \/>\n<meta property=\"og:type\" content=\"article\" \/>\n<meta property=\"og:title\" content=\"CONHE\u00c7A O ABRIGO - Abrigo Esp\u00edrita Oscar Jos\u00e9 Pithan\" \/>\n<meta property=\"og:description\" content=\"O Abrigo Esp\u00edrita Oscar Jos\u00e9 Pithan \u00e9 um centro esp\u00edrita e um asilo de idosos, localizado em Santa Maria, Rio Grande do Sul. Est\u00e1 em atividade desde 1949. Como sociedade esp\u00edrita, oferece palestras, passes, atendimento fraterno, evangeliza\u00e7\u00e3o infanto-juvenil e grupos de estudos da doutrina esp\u00edrita, codificada por Allan Kardec.\" \/>\n<meta property=\"og:url\" content=\"https:\/\/abrigoespiritaoscarpithan.com.br\/?page_id=192\" \/>\n<meta property=\"og:site_name\" content=\"Abrigo Esp\u00edrita Oscar Jos\u00e9 Pithan\" \/>\n<meta property=\"article:publisher\" content=\"https:\/\/www.facebook.com\/abrigopithan\/\" \/>\n<meta property=\"article:modified_time\" content=\"2019-12-31T14:11:58+00:00\" \/>\n<meta name=\"twitter:card\" content=\"summary_large_image\" \/>\n<meta name=\"twitter:label1\" content=\"Est. tempo de leitura\" \/>\n\t<meta name=\"twitter:data1\" content=\"2 minutos\" \/>\n<script type=\"application\/ld+json\" class=\"yoast-schema-graph\">{\"@context\":\"https:\\\/\\\/schema.org\",\"@graph\":[{\"@type\":\"WebPage\",\"@id\":\"https:\\\/\\\/abrigoespiritaoscarpithan.com.br\\\/?page_id=192\",\"url\":\"https:\\\/\\\/abrigoespiritaoscarpithan.com.br\\\/?page_id=192\",\"name\":\"CONHE\u00c7A O ABRIGO - Abrigo Esp\u00edrita Oscar Jos\u00e9 Pithan\",\"isPartOf\":{\"@id\":\"https:\\\/\\\/abrigoespiritaoscarpithan.com.br\\\/#website\"},\"datePublished\":\"2016-01-10T19:36:35+00:00\",\"dateModified\":\"2019-12-31T14:11:58+00:00\",\"description\":\"O Abrigo Esp\u00edrita Oscar Jos\u00e9 Pithan \u00e9 um centro esp\u00edrita e um asilo de idosos, localizado em Santa Maria, Rio Grande do Sul. Est\u00e1 em atividade desde 1949. Como sociedade esp\u00edrita, oferece palestras, passes, atendimento fraterno, evangeliza\u00e7\u00e3o infanto-juvenil e grupos de estudos da doutrina esp\u00edrita, codificada por Allan Kardec.\",\"breadcrumb\":{\"@id\":\"https:\\\/\\\/abrigoespiritaoscarpithan.com.br\\\/?page_id=192#breadcrumb\"},\"inLanguage\":\"pt-BR\",\"potentialAction\":[{\"@type\":\"ReadAction\",\"target\":[\"https:\\\/\\\/abrigoespiritaoscarpithan.com.br\\\/?page_id=192\"]}]},{\"@type\":\"BreadcrumbList\",\"@id\":\"https:\\\/\\\/abrigoespiritaoscarpithan.com.br\\\/?page_id=192#breadcrumb\",\"itemListElement\":[{\"@type\":\"ListItem\",\"position\":1,\"name\":\"In\u00edcio\",\"item\":\"https:\\\/\\\/abrigoespiritaoscarpithan.com.br\\\/\"},{\"@type\":\"ListItem\",\"position\":2,\"name\":\"O ABRIGO\",\"item\":\"https:\\\/\\\/abrigoespiritaoscarpithan.com.br\\\/?page_id=22\"},{\"@type\":\"ListItem\",\"position\":3,\"name\":\"CONHE\u00c7A O ABRIGO\"}]},{\"@type\":\"WebSite\",\"@id\":\"https:\\\/\\\/abrigoespiritaoscarpithan.com.br\\\/#website\",\"url\":\"https:\\\/\\\/abrigoespiritaoscarpithan.com.br\\\/\",\"name\":\"Abrigo Esp\u00edrita Oscar Jos\u00e9 Pithan\",\"description\":\"\",\"publisher\":{\"@id\":\"https:\\\/\\\/abrigoespiritaoscarpithan.com.br\\\/#organization\"},\"potentialAction\":[{\"@type\":\"SearchAction\",\"target\":{\"@type\":\"EntryPoint\",\"urlTemplate\":\"https:\\\/\\\/abrigoespiritaoscarpithan.com.br\\\/?s={search_term_string}\"},\"query-input\":{\"@type\":\"PropertyValueSpecification\",\"valueRequired\":true,\"valueName\":\"search_term_string\"}}],\"inLanguage\":\"pt-BR\"},{\"@type\":\"Organization\",\"@id\":\"https:\\\/\\\/abrigoespiritaoscarpithan.com.br\\\/#organization\",\"name\":\"Abrigo Esp\u00edrita Oscar Jos\u00e9 Pithan\",\"url\":\"https:\\\/\\\/abrigoespiritaoscarpithan.com.br\\\/\",\"logo\":{\"@type\":\"ImageObject\",\"inLanguage\":\"pt-BR\",\"@id\":\"https:\\\/\\\/abrigoespiritaoscarpithan.com.br\\\/#\\\/schema\\\/logo\\\/image\\\/\",\"url\":\"http:\\\/\\\/abrigoespiritaoscarpithan.com.br\\\/wp-content\\\/uploads\\\/2019\\\/09\\\/logo-abrigo.png\",\"contentUrl\":\"http:\\\/\\\/abrigoespiritaoscarpithan.com.br\\\/wp-content\\\/uploads\\\/2019\\\/09\\\/logo-abrigo.png\",\"width\":2915,\"height\":1812,\"caption\":\"Abrigo Esp\u00edrita Oscar Jos\u00e9 Pithan\"},\"image\":{\"@id\":\"https:\\\/\\\/abrigoespiritaoscarpithan.com.br\\\/#\\\/schema\\\/logo\\\/image\\\/\"},\"sameAs\":[\"https:\\\/\\\/www.facebook.com\\\/abrigopithan\\\/\",\"https:\\\/\\\/www.instagram.com\\\/oscarpithan\\\/\",\"https:\\\/\\\/www.youtube.com\\\/abrigoespiritaoscarjosepithansantamaria\"]}]}<\/script>\n<!-- \/ Yoast SEO plugin. -->","yoast_head_json":{"title":"CONHE\u00c7A O ABRIGO - Abrigo Esp\u00edrita Oscar Jos\u00e9 Pithan","description":"O Abrigo Esp\u00edrita Oscar Jos\u00e9 Pithan \u00e9 um centro esp\u00edrita e um asilo de idosos, localizado em Santa Maria, Rio Grande do Sul. Est\u00e1 em atividade desde 1949. Como sociedade esp\u00edrita, oferece palestras, passes, atendimento fraterno, evangeliza\u00e7\u00e3o infanto-juvenil e grupos de estudos da doutrina esp\u00edrita, codificada por Allan Kardec.","robots":{"index":"index","follow":"follow","max-snippet":"max-snippet:-1","max-image-preview":"max-image-preview:large","max-video-preview":"max-video-preview:-1"},"canonical":"https:\/\/abrigoespiritaoscarpithan.com.br\/?page_id=192","og_locale":"pt_BR","og_type":"article","og_title":"CONHE\u00c7A O ABRIGO - Abrigo Esp\u00edrita Oscar Jos\u00e9 Pithan","og_description":"O Abrigo Esp\u00edrita Oscar Jos\u00e9 Pithan \u00e9 um centro esp\u00edrita e um asilo de idosos, localizado em Santa Maria, Rio Grande do Sul. Est\u00e1 em atividade desde 1949. Como sociedade esp\u00edrita, oferece palestras, passes, atendimento fraterno, evangeliza\u00e7\u00e3o infanto-juvenil e grupos de estudos da doutrina esp\u00edrita, codificada por Allan Kardec.","og_url":"https:\/\/abrigoespiritaoscarpithan.com.br\/?page_id=192","og_site_name":"Abrigo Esp\u00edrita Oscar Jos\u00e9 Pithan","article_publisher":"https:\/\/www.facebook.com\/abrigopithan\/","article_modified_time":"2019-12-31T14:11:58+00:00","twitter_card":"summary_large_image","twitter_misc":{"Est. tempo de leitura":"2 minutos"},"schema":{"@context":"https:\/\/schema.org","@graph":[{"@type":"WebPage","@id":"https:\/\/abrigoespiritaoscarpithan.com.br\/?page_id=192","url":"https:\/\/abrigoespiritaoscarpithan.com.br\/?page_id=192","name":"CONHE\u00c7A O ABRIGO - Abrigo Esp\u00edrita Oscar Jos\u00e9 Pithan","isPartOf":{"@id":"https:\/\/abrigoespiritaoscarpithan.com.br\/#website"},"datePublished":"2016-01-10T19:36:35+00:00","dateModified":"2019-12-31T14:11:58+00:00","description":"O Abrigo Esp\u00edrita Oscar Jos\u00e9 Pithan \u00e9 um centro esp\u00edrita e um asilo de idosos, localizado em Santa Maria, Rio Grande do Sul. Est\u00e1 em atividade desde 1949. Como sociedade esp\u00edrita, oferece palestras, passes, atendimento fraterno, evangeliza\u00e7\u00e3o infanto-juvenil e grupos de estudos da doutrina esp\u00edrita, codificada por Allan Kardec.","breadcrumb":{"@id":"https:\/\/abrigoespiritaoscarpithan.com.br\/?page_id=192#breadcrumb"},"inLanguage":"pt-BR","potentialAction":[{"@type":"ReadAction","target":["https:\/\/abrigoespiritaoscarpithan.com.br\/?page_id=192"]}]},{"@type":"BreadcrumbList","@id":"https:\/\/abrigoespiritaoscarpithan.com.br\/?page_id=192#breadcrumb","itemListElement":[{"@type":"ListItem","position":1,"name":"In\u00edcio","item":"https:\/\/abrigoespiritaoscarpithan.com.br\/"},{"@type":"ListItem","position":2,"name":"O ABRIGO","item":"https:\/\/abrigoespiritaoscarpithan.com.br\/?page_id=22"},{"@type":"ListItem","position":3,"name":"CONHE\u00c7A O ABRIGO"}]},{"@type":"WebSite","@id":"https:\/\/abrigoespiritaoscarpithan.com.br\/#website","url":"https:\/\/abrigoespiritaoscarpithan.com.br\/","name":"Abrigo Esp\u00edrita Oscar Jos\u00e9 Pithan","description":"","publisher":{"@id":"https:\/\/abrigoespiritaoscarpithan.com.br\/#organization"},"potentialAction":[{"@type":"SearchAction","target":{"@type":"EntryPoint","urlTemplate":"https:\/\/abrigoespiritaoscarpithan.com.br\/?s={search_term_string}"},"query-input":{"@type":"PropertyValueSpecification","valueRequired":true,"valueName":"search_term_string"}}],"inLanguage":"pt-BR"},{"@type":"Organization","@id":"https:\/\/abrigoespiritaoscarpithan.com.br\/#organization","name":"Abrigo Esp\u00edrita Oscar Jos\u00e9 Pithan","url":"https:\/\/abrigoespiritaoscarpithan.com.br\/","logo":{"@type":"ImageObject","inLanguage":"pt-BR","@id":"https:\/\/abrigoespiritaoscarpithan.com.br\/#\/schema\/logo\/image\/","url":"http:\/\/abrigoespiritaoscarpithan.com.br\/wp-content\/uploads\/2019\/09\/logo-abrigo.png","contentUrl":"http:\/\/abrigoespiritaoscarpithan.com.br\/wp-content\/uploads\/2019\/09\/logo-abrigo.png","width":2915,"height":1812,"caption":"Abrigo Esp\u00edrita Oscar Jos\u00e9 Pithan"},"image":{"@id":"https:\/\/abrigoespiritaoscarpithan.com.br\/#\/schema\/logo\/image\/"},"sameAs":["https:\/\/www.facebook.com\/abrigopithan\/","https:\/\/www.instagram.com\/oscarpithan\/","https:\/\/www.youtube.com\/abrigoespiritaoscarjosepithansantamaria"]}]}},"_links":{"self":[{"href":"https:\/\/abrigoespiritaoscarpithan.com.br\/index.php?rest_route=\/wp\/v2\/pages\/192","targetHints":{"allow":["GET"]}}],"collection":[{"href":"https:\/\/abrigoespiritaoscarpithan.com.br\/index.php?rest_route=\/wp\/v2\/pages"}],"about":[{"href":"https:\/\/abrigoespiritaoscarpithan.com.br\/index.php?rest_route=\/wp\/v2\/types\/page"}],"author":[{"embeddable":true,"href":"https:\/\/abrigoespiritaoscarpithan.com.br\/index.php?rest_route=\/wp\/v2\/users\/1"}],"replies":[{"embeddable":true,"href":"https:\/\/abrigoespiritaoscarpithan.com.br\/index.php?rest_route=%2Fwp%2Fv2%2Fcomments&post=192"}],"version-history":[{"count":6,"href":"https:\/\/abrigoespiritaoscarpithan.com.br\/index.php?rest_route=\/wp\/v2\/pages\/192\/revisions"}],"predecessor-version":[{"id":2031,"href":"https:\/\/abrigoespiritaoscarpithan.com.br\/index.php?rest_route=\/wp\/v2\/pages\/192\/revisions\/2031"}],"up":[{"embeddable":true,"href":"https:\/\/abrigoespiritaoscarpithan.com.br\/index.php?rest_route=\/wp\/v2\/pages\/22"}],"wp:attachment":[{"href":"https:\/\/abrigoespiritaoscarpithan.com.br\/index.php?rest_route=%2Fwp%2Fv2%2Fmedia&parent=192"}],"curies":[{"name":"wp","href":"https:\/\/api.w.org\/{rel}","templated":true}]}}