{"id":1903,"date":"2019-09-14T20:44:41","date_gmt":"2019-09-14T20:44:41","guid":{"rendered":"http:\/\/abrigoespiritaoscarpithan.com.br\/?page_id=1903"},"modified":"2019-09-14T20:53:42","modified_gmt":"2019-09-14T20:53:42","slug":"oscar-jose-pithan","status":"publish","type":"page","link":"https:\/\/abrigoespiritaoscarpithan.com.br\/?page_id=1903","title":{"rendered":"Oscar Jos\u00e9 Pithan"},"content":{"rendered":"\n<div class=\"wp-block-image\"><figure class=\"aligncenter is-resized\"><img decoding=\"async\" src=\"http:\/\/abrigoespiritaoscarpithan.com.br\/wp-content\/uploads\/2019\/09\/oscarpithan_jovem-772x1024.jpg\" alt=\"\" class=\"wp-image-1907\" width=\"169\" height=\"224\" srcset=\"https:\/\/abrigoespiritaoscarpithan.com.br\/wp-content\/uploads\/2019\/09\/oscarpithan_jovem-772x1024.jpg 772w, https:\/\/abrigoespiritaoscarpithan.com.br\/wp-content\/uploads\/2019\/09\/oscarpithan_jovem-226x300.jpg 226w, https:\/\/abrigoespiritaoscarpithan.com.br\/wp-content\/uploads\/2019\/09\/oscarpithan_jovem-768x1019.jpg 768w\" sizes=\"(max-width: 169px) 100vw, 169px\" \/><\/figure><\/div>\n\n\n\n<p>Dr. Oscar Jos\u00e9 Pithan nasceu a 16 de dezembro de 1879 em Santa&nbsp;Maria da Boca do Monte. Filho do coronel Jos\u00e9 Adolfo Pithan e de Dona&nbsp;Josefina Ril Pithan, iniciou seus estudos em Santa Maria. Mais tarde cursou at\u00e9&nbsp;o 3\u00ba ano de Engenharia, revelando-se \u00f3timo estudante. Trabalhou na&nbsp;Secretaria de Obras P\u00fablicas do Estado, como arquivista, e nessa \u00e9poca&nbsp;contraiu matrim\u00f4nio com Dona Belmira Nascimento. O Dr. Oscar Pithan&nbsp;estudou tamb\u00e9m Filosofia e Direito Romano, e formou-se ainda em Farm\u00e1cia.&nbsp;Entretanto, seus estudos n\u00e3o pararam a\u00ed. Resolveu estudar Medicina e, aos 15&nbsp;dias de abril de 1912, defendeu a tese que lhe conferiu o grau de doutor em&nbsp;Ci\u00eancias M\u00e9dicas, t\u00edtulo este conquistado com raro brilhantismo. Essa&nbsp;conquista valeu-lhe um convite da Faculdade de Medicina e Cirurgia e&nbsp;Homeopatia para fazer parte do seu corpo docente, como professor catedr\u00e1tico&nbsp;sem concurso, chegando at\u00e9 ao cargo de Diretor da Faculdade.<\/p>\n\n\n\n<div class=\"wp-block-image\"><figure class=\"aligncenter is-resized\"><img decoding=\"async\" src=\"http:\/\/abrigoespiritaoscarpithan.com.br\/wp-content\/uploads\/2019\/09\/oscarpithan-1-768x1024.jpg\" alt=\"\" class=\"wp-image-1905\" width=\"173\" height=\"231\" srcset=\"https:\/\/abrigoespiritaoscarpithan.com.br\/wp-content\/uploads\/2019\/09\/oscarpithan-1-768x1024.jpg 768w, https:\/\/abrigoespiritaoscarpithan.com.br\/wp-content\/uploads\/2019\/09\/oscarpithan-1-225x300.jpg 225w\" sizes=\"(max-width: 173px) 100vw, 173px\" \/><\/figure><\/div>\n\n\n\n<p>Dr. Oscar Jos\u00e9 Pithan entra para o Espiritismo. Ainda era estudante de&nbsp;medicina quando recebeu a Doutrina Esp\u00edrita. Isso aconteceu atrav\u00e9s de uma&nbsp;mensagem medi\u00fanica que lhe chamava a aten\u00e7\u00e3o para uma miss\u00e3o: \u201cTinha&nbsp;que fundar um sanat\u00f3rio para obsidiados e doentes mentais\u201d. E n\u00e3o vacilou.&nbsp;Foi com o maior entusiasmo que lutou por tornar realidade a incumb\u00eancia. Em&nbsp;1912, ele e mais alguns companheiros fundaram o atual Hospital Esp\u00edrita de&nbsp;Porto Alegre, sendo seu presidente de honra. Sua dedica\u00e7\u00e3o para com essa&nbsp;obra foi muito grande. Ao receber os seus primeiros honor\u00e1rios, de um cliente&nbsp;rico, destinou o dinheiro para a compra do terreno para a sede do hospital.&nbsp;Clinicou em diversas cidades deste Estado, e tamb\u00e9m no Estado do Mato&nbsp;Grosso. Por todos os lugares onde esteve deixou marcas de benemer\u00eancia.&nbsp;Atendia pobres e ricos sem distin\u00e7\u00e3o. Como divulgador da Doutrina Esp\u00edrita&nbsp;n\u00e3o media esfor\u00e7os para deixar plantada a semente, atrav\u00e9s da&nbsp;exemplifica\u00e7\u00e3o.<\/p>\n\n\n\n<p>Dr. Oscar Jos\u00e9 Pithan desencarnou na cidade de Tupanciret\u00e3 no dia 20&nbsp;de junho de 1942. \u00c9 o patrono espiritual do \u201cAbrigo Esp\u00edrita Oscar Jos\u00e9 Pithan\u201d,&nbsp;na cidade de Santa Maria.<\/p>\n","protected":false},"excerpt":{"rendered":"<p>Dr. Oscar Jos\u00e9 Pithan nasceu a 16 de dezembro de 1879 em Santa&nbsp;Maria da Boca do Monte. Filho do coronel Jos\u00e9 Adolfo Pithan e de Dona&nbsp;Josefina Ril Pithan, iniciou seus estudos em Santa Maria. Mais tarde cursou at\u00e9&nbsp;o 3\u00ba ano<\/p>\n","protected":false},"author":1,"featured_media":0,"parent":0,"menu_order":0,"comment_status":"closed","ping_status":"closed","template":"","meta":{"footnotes":""},"class_list":["post-1903","page","type-page","status-publish","hentry"],"yoast_head":"<!-- This site is optimized with the Yoast SEO plugin v27.5 - https:\/\/yoast.com\/product\/yoast-seo-wordpress\/ -->\n<title>Oscar Jos\u00e9 Pithan - Abrigo Esp\u00edrita Oscar Jos\u00e9 Pithan<\/title>\n<meta name=\"description\" content=\"O Abrigo Esp\u00edrita Oscar Jos\u00e9 Pithan \u00e9 um centro esp\u00edrita e um asilo de idosos, localizado em Santa Maria, Rio Grande do Sul. Est\u00e1 em atividade desde 1949. Como sociedade esp\u00edrita, oferece palestras, passes, atendimento fraterno, evangeliza\u00e7\u00e3o infanto-juvenil e grupos de estudos da doutrina esp\u00edrita, codificada por Allan Kardec.\" \/>\n<meta name=\"robots\" content=\"index, follow, max-snippet:-1, max-image-preview:large, max-video-preview:-1\" \/>\n<link rel=\"canonical\" href=\"https:\/\/abrigoespiritaoscarpithan.com.br\/?page_id=1903\" \/>\n<meta property=\"og:locale\" content=\"pt_BR\" \/>\n<meta property=\"og:type\" content=\"article\" \/>\n<meta property=\"og:title\" content=\"Oscar Jos\u00e9 Pithan - Abrigo Esp\u00edrita Oscar Jos\u00e9 Pithan\" \/>\n<meta property=\"og:description\" content=\"O Abrigo Esp\u00edrita Oscar Jos\u00e9 Pithan \u00e9 um centro esp\u00edrita e um asilo de idosos, localizado em Santa Maria, Rio Grande do Sul. Est\u00e1 em atividade desde 1949. Como sociedade esp\u00edrita, oferece palestras, passes, atendimento fraterno, evangeliza\u00e7\u00e3o infanto-juvenil e grupos de estudos da doutrina esp\u00edrita, codificada por Allan Kardec.\" \/>\n<meta property=\"og:url\" content=\"https:\/\/abrigoespiritaoscarpithan.com.br\/?page_id=1903\" \/>\n<meta property=\"og:site_name\" content=\"Abrigo Esp\u00edrita Oscar Jos\u00e9 Pithan\" \/>\n<meta property=\"article:publisher\" content=\"https:\/\/www.facebook.com\/abrigopithan\/\" \/>\n<meta property=\"article:modified_time\" content=\"2019-09-14T20:53:42+00:00\" \/>\n<meta property=\"og:image\" content=\"http:\/\/abrigoespiritaoscarpithan.com.br\/wp-content\/uploads\/2019\/09\/oscarpithan_jovem-772x1024.jpg\" \/>\n<meta name=\"twitter:card\" content=\"summary_large_image\" \/>\n<meta name=\"twitter:label1\" content=\"Est. tempo de leitura\" \/>\n\t<meta name=\"twitter:data1\" content=\"2 minutos\" \/>\n<script type=\"application\/ld+json\" class=\"yoast-schema-graph\">{\"@context\":\"https:\\\/\\\/schema.org\",\"@graph\":[{\"@type\":\"WebPage\",\"@id\":\"https:\\\/\\\/abrigoespiritaoscarpithan.com.br\\\/?page_id=1903\",\"url\":\"https:\\\/\\\/abrigoespiritaoscarpithan.com.br\\\/?page_id=1903\",\"name\":\"Oscar Jos\u00e9 Pithan - Abrigo Esp\u00edrita Oscar Jos\u00e9 Pithan\",\"isPartOf\":{\"@id\":\"https:\\\/\\\/abrigoespiritaoscarpithan.com.br\\\/#website\"},\"primaryImageOfPage\":{\"@id\":\"https:\\\/\\\/abrigoespiritaoscarpithan.com.br\\\/?page_id=1903#primaryimage\"},\"image\":{\"@id\":\"https:\\\/\\\/abrigoespiritaoscarpithan.com.br\\\/?page_id=1903#primaryimage\"},\"thumbnailUrl\":\"http:\\\/\\\/abrigoespiritaoscarpithan.com.br\\\/wp-content\\\/uploads\\\/2019\\\/09\\\/oscarpithan_jovem-772x1024.jpg\",\"datePublished\":\"2019-09-14T20:44:41+00:00\",\"dateModified\":\"2019-09-14T20:53:42+00:00\",\"description\":\"O Abrigo Esp\u00edrita Oscar Jos\u00e9 Pithan \u00e9 um centro esp\u00edrita e um asilo de idosos, localizado em Santa Maria, Rio Grande do Sul. Est\u00e1 em atividade desde 1949. Como sociedade esp\u00edrita, oferece palestras, passes, atendimento fraterno, evangeliza\u00e7\u00e3o infanto-juvenil e grupos de estudos da doutrina esp\u00edrita, codificada por Allan Kardec.\",\"breadcrumb\":{\"@id\":\"https:\\\/\\\/abrigoespiritaoscarpithan.com.br\\\/?page_id=1903#breadcrumb\"},\"inLanguage\":\"pt-BR\",\"potentialAction\":[{\"@type\":\"ReadAction\",\"target\":[\"https:\\\/\\\/abrigoespiritaoscarpithan.com.br\\\/?page_id=1903\"]}]},{\"@type\":\"ImageObject\",\"inLanguage\":\"pt-BR\",\"@id\":\"https:\\\/\\\/abrigoespiritaoscarpithan.com.br\\\/?page_id=1903#primaryimage\",\"url\":\"https:\\\/\\\/abrigoespiritaoscarpithan.com.br\\\/wp-content\\\/uploads\\\/2019\\\/09\\\/oscarpithan_jovem.jpg\",\"contentUrl\":\"https:\\\/\\\/abrigoespiritaoscarpithan.com.br\\\/wp-content\\\/uploads\\\/2019\\\/09\\\/oscarpithan_jovem.jpg\",\"width\":2764,\"height\":3668},{\"@type\":\"BreadcrumbList\",\"@id\":\"https:\\\/\\\/abrigoespiritaoscarpithan.com.br\\\/?page_id=1903#breadcrumb\",\"itemListElement\":[{\"@type\":\"ListItem\",\"position\":1,\"name\":\"In\u00edcio\",\"item\":\"https:\\\/\\\/abrigoespiritaoscarpithan.com.br\\\/\"},{\"@type\":\"ListItem\",\"position\":2,\"name\":\"Oscar Jos\u00e9 Pithan\"}]},{\"@type\":\"WebSite\",\"@id\":\"https:\\\/\\\/abrigoespiritaoscarpithan.com.br\\\/#website\",\"url\":\"https:\\\/\\\/abrigoespiritaoscarpithan.com.br\\\/\",\"name\":\"Abrigo Esp\u00edrita Oscar Jos\u00e9 Pithan\",\"description\":\"\",\"publisher\":{\"@id\":\"https:\\\/\\\/abrigoespiritaoscarpithan.com.br\\\/#organization\"},\"potentialAction\":[{\"@type\":\"SearchAction\",\"target\":{\"@type\":\"EntryPoint\",\"urlTemplate\":\"https:\\\/\\\/abrigoespiritaoscarpithan.com.br\\\/?s={search_term_string}\"},\"query-input\":{\"@type\":\"PropertyValueSpecification\",\"valueRequired\":true,\"valueName\":\"search_term_string\"}}],\"inLanguage\":\"pt-BR\"},{\"@type\":\"Organization\",\"@id\":\"https:\\\/\\\/abrigoespiritaoscarpithan.com.br\\\/#organization\",\"name\":\"Abrigo Esp\u00edrita Oscar Jos\u00e9 Pithan\",\"url\":\"https:\\\/\\\/abrigoespiritaoscarpithan.com.br\\\/\",\"logo\":{\"@type\":\"ImageObject\",\"inLanguage\":\"pt-BR\",\"@id\":\"https:\\\/\\\/abrigoespiritaoscarpithan.com.br\\\/#\\\/schema\\\/logo\\\/image\\\/\",\"url\":\"http:\\\/\\\/abrigoespiritaoscarpithan.com.br\\\/wp-content\\\/uploads\\\/2019\\\/09\\\/logo-abrigo.png\",\"contentUrl\":\"http:\\\/\\\/abrigoespiritaoscarpithan.com.br\\\/wp-content\\\/uploads\\\/2019\\\/09\\\/logo-abrigo.png\",\"width\":2915,\"height\":1812,\"caption\":\"Abrigo Esp\u00edrita Oscar Jos\u00e9 Pithan\"},\"image\":{\"@id\":\"https:\\\/\\\/abrigoespiritaoscarpithan.com.br\\\/#\\\/schema\\\/logo\\\/image\\\/\"},\"sameAs\":[\"https:\\\/\\\/www.facebook.com\\\/abrigopithan\\\/\",\"https:\\\/\\\/www.instagram.com\\\/oscarpithan\\\/\",\"https:\\\/\\\/www.youtube.com\\\/abrigoespiritaoscarjosepithansantamaria\"]}]}<\/script>\n<!-- \/ Yoast SEO plugin. -->","yoast_head_json":{"title":"Oscar Jos\u00e9 Pithan - Abrigo Esp\u00edrita Oscar Jos\u00e9 Pithan","description":"O Abrigo Esp\u00edrita Oscar Jos\u00e9 Pithan \u00e9 um centro esp\u00edrita e um asilo de idosos, localizado em Santa Maria, Rio Grande do Sul. Est\u00e1 em atividade desde 1949. Como sociedade esp\u00edrita, oferece palestras, passes, atendimento fraterno, evangeliza\u00e7\u00e3o infanto-juvenil e grupos de estudos da doutrina esp\u00edrita, codificada por Allan Kardec.","robots":{"index":"index","follow":"follow","max-snippet":"max-snippet:-1","max-image-preview":"max-image-preview:large","max-video-preview":"max-video-preview:-1"},"canonical":"https:\/\/abrigoespiritaoscarpithan.com.br\/?page_id=1903","og_locale":"pt_BR","og_type":"article","og_title":"Oscar Jos\u00e9 Pithan - Abrigo Esp\u00edrita Oscar Jos\u00e9 Pithan","og_description":"O Abrigo Esp\u00edrita Oscar Jos\u00e9 Pithan \u00e9 um centro esp\u00edrita e um asilo de idosos, localizado em Santa Maria, Rio Grande do Sul. Est\u00e1 em atividade desde 1949. Como sociedade esp\u00edrita, oferece palestras, passes, atendimento fraterno, evangeliza\u00e7\u00e3o infanto-juvenil e grupos de estudos da doutrina esp\u00edrita, codificada por Allan Kardec.","og_url":"https:\/\/abrigoespiritaoscarpithan.com.br\/?page_id=1903","og_site_name":"Abrigo Esp\u00edrita Oscar Jos\u00e9 Pithan","article_publisher":"https:\/\/www.facebook.com\/abrigopithan\/","article_modified_time":"2019-09-14T20:53:42+00:00","og_image":[{"url":"http:\/\/abrigoespiritaoscarpithan.com.br\/wp-content\/uploads\/2019\/09\/oscarpithan_jovem-772x1024.jpg","type":"","width":"","height":""}],"twitter_card":"summary_large_image","twitter_misc":{"Est. tempo de leitura":"2 minutos"},"schema":{"@context":"https:\/\/schema.org","@graph":[{"@type":"WebPage","@id":"https:\/\/abrigoespiritaoscarpithan.com.br\/?page_id=1903","url":"https:\/\/abrigoespiritaoscarpithan.com.br\/?page_id=1903","name":"Oscar Jos\u00e9 Pithan - Abrigo Esp\u00edrita Oscar Jos\u00e9 Pithan","isPartOf":{"@id":"https:\/\/abrigoespiritaoscarpithan.com.br\/#website"},"primaryImageOfPage":{"@id":"https:\/\/abrigoespiritaoscarpithan.com.br\/?page_id=1903#primaryimage"},"image":{"@id":"https:\/\/abrigoespiritaoscarpithan.com.br\/?page_id=1903#primaryimage"},"thumbnailUrl":"http:\/\/abrigoespiritaoscarpithan.com.br\/wp-content\/uploads\/2019\/09\/oscarpithan_jovem-772x1024.jpg","datePublished":"2019-09-14T20:44:41+00:00","dateModified":"2019-09-14T20:53:42+00:00","description":"O Abrigo Esp\u00edrita Oscar Jos\u00e9 Pithan \u00e9 um centro esp\u00edrita e um asilo de idosos, localizado em Santa Maria, Rio Grande do Sul. Est\u00e1 em atividade desde 1949. Como sociedade esp\u00edrita, oferece palestras, passes, atendimento fraterno, evangeliza\u00e7\u00e3o infanto-juvenil e grupos de estudos da doutrina esp\u00edrita, codificada por Allan Kardec.","breadcrumb":{"@id":"https:\/\/abrigoespiritaoscarpithan.com.br\/?page_id=1903#breadcrumb"},"inLanguage":"pt-BR","potentialAction":[{"@type":"ReadAction","target":["https:\/\/abrigoespiritaoscarpithan.com.br\/?page_id=1903"]}]},{"@type":"ImageObject","inLanguage":"pt-BR","@id":"https:\/\/abrigoespiritaoscarpithan.com.br\/?page_id=1903#primaryimage","url":"https:\/\/abrigoespiritaoscarpithan.com.br\/wp-content\/uploads\/2019\/09\/oscarpithan_jovem.jpg","contentUrl":"https:\/\/abrigoespiritaoscarpithan.com.br\/wp-content\/uploads\/2019\/09\/oscarpithan_jovem.jpg","width":2764,"height":3668},{"@type":"BreadcrumbList","@id":"https:\/\/abrigoespiritaoscarpithan.com.br\/?page_id=1903#breadcrumb","itemListElement":[{"@type":"ListItem","position":1,"name":"In\u00edcio","item":"https:\/\/abrigoespiritaoscarpithan.com.br\/"},{"@type":"ListItem","position":2,"name":"Oscar Jos\u00e9 Pithan"}]},{"@type":"WebSite","@id":"https:\/\/abrigoespiritaoscarpithan.com.br\/#website","url":"https:\/\/abrigoespiritaoscarpithan.com.br\/","name":"Abrigo Esp\u00edrita Oscar Jos\u00e9 Pithan","description":"","publisher":{"@id":"https:\/\/abrigoespiritaoscarpithan.com.br\/#organization"},"potentialAction":[{"@type":"SearchAction","target":{"@type":"EntryPoint","urlTemplate":"https:\/\/abrigoespiritaoscarpithan.com.br\/?s={search_term_string}"},"query-input":{"@type":"PropertyValueSpecification","valueRequired":true,"valueName":"search_term_string"}}],"inLanguage":"pt-BR"},{"@type":"Organization","@id":"https:\/\/abrigoespiritaoscarpithan.com.br\/#organization","name":"Abrigo Esp\u00edrita Oscar Jos\u00e9 Pithan","url":"https:\/\/abrigoespiritaoscarpithan.com.br\/","logo":{"@type":"ImageObject","inLanguage":"pt-BR","@id":"https:\/\/abrigoespiritaoscarpithan.com.br\/#\/schema\/logo\/image\/","url":"http:\/\/abrigoespiritaoscarpithan.com.br\/wp-content\/uploads\/2019\/09\/logo-abrigo.png","contentUrl":"http:\/\/abrigoespiritaoscarpithan.com.br\/wp-content\/uploads\/2019\/09\/logo-abrigo.png","width":2915,"height":1812,"caption":"Abrigo Esp\u00edrita Oscar Jos\u00e9 Pithan"},"image":{"@id":"https:\/\/abrigoespiritaoscarpithan.com.br\/#\/schema\/logo\/image\/"},"sameAs":["https:\/\/www.facebook.com\/abrigopithan\/","https:\/\/www.instagram.com\/oscarpithan\/","https:\/\/www.youtube.com\/abrigoespiritaoscarjosepithansantamaria"]}]}},"_links":{"self":[{"href":"https:\/\/abrigoespiritaoscarpithan.com.br\/index.php?rest_route=\/wp\/v2\/pages\/1903","targetHints":{"allow":["GET"]}}],"collection":[{"href":"https:\/\/abrigoespiritaoscarpithan.com.br\/index.php?rest_route=\/wp\/v2\/pages"}],"about":[{"href":"https:\/\/abrigoespiritaoscarpithan.com.br\/index.php?rest_route=\/wp\/v2\/types\/page"}],"author":[{"embeddable":true,"href":"https:\/\/abrigoespiritaoscarpithan.com.br\/index.php?rest_route=\/wp\/v2\/users\/1"}],"replies":[{"embeddable":true,"href":"https:\/\/abrigoespiritaoscarpithan.com.br\/index.php?rest_route=%2Fwp%2Fv2%2Fcomments&post=1903"}],"version-history":[{"count":3,"href":"https:\/\/abrigoespiritaoscarpithan.com.br\/index.php?rest_route=\/wp\/v2\/pages\/1903\/revisions"}],"predecessor-version":[{"id":1910,"href":"https:\/\/abrigoespiritaoscarpithan.com.br\/index.php?rest_route=\/wp\/v2\/pages\/1903\/revisions\/1910"}],"wp:attachment":[{"href":"https:\/\/abrigoespiritaoscarpithan.com.br\/index.php?rest_route=%2Fwp%2Fv2%2Fmedia&parent=1903"}],"curies":[{"name":"wp","href":"https:\/\/api.w.org\/{rel}","templated":true}]}}